{"id":30830,"date":"2025-09-26T23:03:06","date_gmt":"2025-09-26T23:03:06","guid":{"rendered":"https:\/\/as-schwabe.de\/produkt\/przelacznik-posredni-ochrony-osobistej-prcd-k-30-ma-45400\/"},"modified":"2025-10-23T00:14:38","modified_gmt":"2025-10-23T00:14:38","slug":"przelacznik-posredni-ochrony-osobistej-prcd-k-30-ma-45400","status":"publish","type":"product","link":"https:\/\/as-schwabe.de\/pl\/produkt\/przelacznik-posredni-ochrony-osobistej-prcd-k-30-ma-45400\/","title":{"rendered":"Prze\u0142\u0105cznik po\u015bredni ochrony osobistej PRCD-K 30 mA IP55 | 45400"},"content":{"rendered":"<p>Prze\u0142\u0105cznik po\u015bredni ochrony osobistej PRCD-K o pr\u0105dzie wyzwalaj\u0105cym 30 mA to niezawodne rozwi\u0105zanie dla wszelkich aplikacji wymagaj\u0105cych zapewnienia bezpiecze\u0144stwa w pracy. Dzi\u0119ki mo\u017cliwo\u015bci sta\u0142ego pod\u0142\u0105czania do sieci zasilaj\u0105cej z maksymalnym przewodem do 3G2,5, urz\u0105dzenie obs\u0142uguje napi\u0119cie do 230 V oraz pr\u0105d do 16 A, co umo\u017cliwia pod\u0142\u0105czenie urz\u0105dze\u0144 o mocy do 3500 W. Klasa ochrony IP55 sprawia, \u017ce prze\u0142\u0105cznik jest odporny na niekorzystne warunki atmosferyczne, co czyni go idealnym do u\u017cytku na zewn\u0105trz oraz w trudnych warunkach budowlanych. Korzystaj\u0105c z PRCD-K, u\u017cytkownik zyskuje pewno\u015b\u0107, \u017ce jego prace s\u0105 wykonywane w bezpieczny spos\u00f3b, minimalizuj\u0105c ryzyko pora\u017cenia pr\u0105dem elektrycznym.<\/p>","protected":false},"excerpt":{"rendered":"<div class=\"icons\" style=\"display: flex; flex-wrap: wrap; gap: 5px; align-items: center; margin-top: 10px;\"><img decoding=\"async\" src=\"https:\/\/as-schwabe.de\/wp-content\/uploads\/ikony\/znak_CE.png\" alt=\"\" width=\"50\" height=\"50\" \/><img decoding=\"async\" src=\"https:\/\/as-schwabe.de\/wp-content\/uploads\/ikony\/znak_IP54.png\" alt=\"\" width=\"50\" height=\"50\" \/><img decoding=\"async\" src=\"https:\/\/as-schwabe.de\/wp-content\/uploads\/ikony\/znak_Z.png\" alt=\"\" width=\"50\" height=\"50\" \/><img loading=\"lazy\" decoding=\"async\" src=\"https:\/\/as-schwabe.de\/wp-content\/uploads\/ikony\/znak_D.png\" alt=\"\" width=\"50\" height=\"50\" \/><img loading=\"lazy\" decoding=\"async\" src=\"https:\/\/as-schwabe.de\/wp-content\/uploads\/ikony\/znak_DE.png\" alt=\"\" width=\"50\" height=\"40\" \/><\/div>\n<ul>\n<li>Wszelkie zak\u0142\u00f3cenia pr\u0105du spowodowane przez wadliwe odbiorniki s\u0105 wykrywane w u\u0142amku sekundy i nast\u0119puje przerwanie zasilania. PRCD-K zapewnia tym samym niezawodn\u0105 ochron\u0119 przed pora\u017ceniem pr\u0105dem i jest dopuszczony przez stowarzyszenie zawodowe zgodnie z DGUV 203-032. <\/li>\n<li>obudowa z tworzywa sztucznego ze wska\u017anikiem funkcji i obwodem testowym <\/li>\n<li>obs\u0142uga za pomoc\u0105 przycisku ON, przycisku testu O ~ TEST<\/li>\n<li> znamionowy pr\u0105d r\u00f3\u017cnicowy: 30 mA <\/li>\n<li>czas wyzwalania kr\u00f3tszy ni\u017c 30 ms <\/li>\n<li>230 V, 16 A, 50 Hz, maks. 3600 W <\/li>\n<li>IP55: ochrona przed kurzem i strumieniem wody<\/li>\n<\/ul>","protected":false},"featured_media":30110,"template":"","meta":{"inline_featured_image":false},"genre":[509],"product_cat":[521,554],"product_tag":[],"class_list":{"0":"post-30830","1":"product","2":"type-product","3":"status-publish","4":"has-post-thumbnail","6":"product_brand-as-schwabe-pl","7":"product_cat-produkty-z-zakresu-elektrycznej-ochrony-indywidualnej-pl","8":"product_cat-p-seria-prcd-k-pl","10":"first","11":"instock","12":"shipping-taxable","13":"product-type-simple"},"aioseo_notices":[],"_links":{"self":[{"href":"https:\/\/as-schwabe.de\/pl\/wp-json\/wp\/v2\/product\/30830","targetHints":{"allow":["GET"]}}],"collection":[{"href":"https:\/\/as-schwabe.de\/pl\/wp-json\/wp\/v2\/product"}],"about":[{"href":"https:\/\/as-schwabe.de\/pl\/wp-json\/wp\/v2\/types\/product"}],"version-history":[{"count":0,"href":"https:\/\/as-schwabe.de\/pl\/wp-json\/wp\/v2\/product\/30830\/revisions"}],"wp:featuredmedia":[{"embeddable":true,"href":"https:\/\/as-schwabe.de\/pl\/wp-json\/wp\/v2\/media\/30110"}],"wp:attachment":[{"href":"https:\/\/as-schwabe.de\/pl\/wp-json\/wp\/v2\/media?parent=30830"}],"wp:term":[{"taxonomy":"product_brand","embeddable":true,"href":"https:\/\/as-schwabe.de\/pl\/wp-json\/wp\/v2\/genre?post=30830"},{"taxonomy":"product_cat","embeddable":true,"href":"https:\/\/as-schwabe.de\/pl\/wp-json\/wp\/v2\/product_cat?post=30830"},{"taxonomy":"product_tag","embeddable":true,"href":"https:\/\/as-schwabe.de\/pl\/wp-json\/wp\/v2\/product_tag?post=30830"}],"curies":[{"name":"wp","href":"https:\/\/api.w.org\/{rel}","templated":true}]}}