{"id":30827,"date":"2025-09-26T23:03:05","date_gmt":"2025-09-26T23:03:05","guid":{"rendered":"https:\/\/as-schwabe.de\/produkt\/przelacznik-posredni-ochrony-osobistej-prcd-s-30-ma-45305\/"},"modified":"2025-10-23T00:14:38","modified_gmt":"2025-10-23T00:14:38","slug":"przelacznik-posredni-ochrony-osobistej-prcd-s-30-ma-45305","status":"publish","type":"product","link":"https:\/\/as-schwabe.de\/pl\/produkt\/przelacznik-posredni-ochrony-osobistej-prcd-s-30-ma-45305\/","title":{"rendered":"Prze\u0142\u0105cznik po\u015bredni ochrony osobistej PRCD-S 30 mA IP55 | 45305"},"content":{"rendered":"<p>Prze\u0142\u0105cznik po\u015bredni ochrony osobistej PRCD-S o pr\u0105dzie r\u00f3\u017cnicowym 30 mA i stopniu ochrony IP55 jest idealnym rozwi\u0105zaniem do zastosowa\u0144 zewn\u0119trznych oraz na budowach. Dzi\u0119ki swoim w\u0142a\u015bciwo\u015bciom jest odporny na dzia\u0142anie wody i py\u0142u, co zapewnia niezawodno\u015b\u0107 w trudnych warunkach atmosferycznych. Jego funkcja wykrywania r\u00f3\u017cnic pr\u0105dowych zwi\u0119ksza bezpiecze\u0144stwo u\u017cytkownik\u00f3w, minimalizuj\u0105c ryzyko pora\u017cenia pr\u0105dem elektrycznym. Prze\u0142\u0105cznik jest \u0142atwy w instalacji i obs\u0142udze, co czyni go praktycznym narz\u0119dziem dla profesjonalist\u00f3w w bran\u017cy budowlanej i elektrotechnicznej. Solidna konstrukcja i wysoka jako\u015b\u0107 wykonania gwarantuj\u0105 d\u0142ugotrwa\u0142e u\u017cytkowanie i stabilne dzia\u0142anie w ka\u017cdych warunkach.<\/p>","protected":false},"excerpt":{"rendered":"<div class=\"icons\" style=\"display: flex; flex-wrap: wrap; gap: 5px; align-items: center; margin-top: 10px;\"><img decoding=\"async\" src=\"https:\/\/as-schwabe.de\/wp-content\/uploads\/ikony\/znak_CE.png\" alt=\"\" width=\"50\" height=\"50\" \/><img decoding=\"async\" src=\"https:\/\/as-schwabe.de\/wp-content\/uploads\/ikony\/znak_IP54.png\" alt=\"\" width=\"50\" height=\"50\" \/><img decoding=\"async\" src=\"https:\/\/as-schwabe.de\/wp-content\/uploads\/ikony\/znak_PB.png\" alt=\"\" width=\"50\" height=\"50\" \/><img loading=\"lazy\" decoding=\"async\" src=\"https:\/\/as-schwabe.de\/wp-content\/uploads\/ikony\/znak_Z.png\" alt=\"\" width=\"50\" height=\"50\" \/><img loading=\"lazy\" decoding=\"async\" src=\"https:\/\/as-schwabe.de\/wp-content\/uploads\/ikony\/znak_D.png\" alt=\"\" width=\"50\" height=\"50\" \/><img loading=\"lazy\" decoding=\"async\" src=\"https:\/\/as-schwabe.de\/wp-content\/uploads\/ikony\/znak_K2.png\" alt=\"\" width=\"50\" height=\"50\" \/><img loading=\"lazy\" decoding=\"async\" src=\"https:\/\/as-schwabe.de\/wp-content\/uploads\/ikony\/znak_DG.png\" alt=\"\" width=\"50\" height=\"50\" \/><img loading=\"lazy\" decoding=\"async\" src=\"https:\/\/as-schwabe.de\/wp-content\/uploads\/ikony\/znak_DE.png\" alt=\"\" width=\"50\" height=\"40\" \/><\/div>\n<ul>\n<li>IP44: chroniony przed cia\u0142ami obcymi i bryzgami wody <\/li>\n<li>obudowa z tworzywa sztucznego ze wska\u017anikiem funkcji i obwodem testowym <\/li>\n<li>znamionowy pr\u0105d r\u00f3\u017cnicowy: 30 mA <\/li>\n<li>czas wyzwalania kr\u00f3tszy ni\u017c 30 ms <\/li>\n<li>IP55: ochrona przed kurzem i strumieniem wody <\/li>\n<li>230 V, 16 A, maks. 3500 W<\/li>\n<\/ul>","protected":false},"featured_media":30108,"template":"","meta":{"inline_featured_image":false},"genre":[509],"product_cat":[521,539],"product_tag":[],"class_list":{"0":"post-30827","1":"product","2":"type-product","3":"status-publish","4":"has-post-thumbnail","6":"product_brand-as-schwabe-pl","7":"product_cat-produkty-z-zakresu-elektrycznej-ochrony-indywidualnej-pl","8":"product_cat-p-seria-prcd-s-pl","10":"first","11":"instock","12":"shipping-taxable","13":"product-type-simple"},"aioseo_notices":[],"_links":{"self":[{"href":"https:\/\/as-schwabe.de\/pl\/wp-json\/wp\/v2\/product\/30827","targetHints":{"allow":["GET"]}}],"collection":[{"href":"https:\/\/as-schwabe.de\/pl\/wp-json\/wp\/v2\/product"}],"about":[{"href":"https:\/\/as-schwabe.de\/pl\/wp-json\/wp\/v2\/types\/product"}],"version-history":[{"count":0,"href":"https:\/\/as-schwabe.de\/pl\/wp-json\/wp\/v2\/product\/30827\/revisions"}],"wp:featuredmedia":[{"embeddable":true,"href":"https:\/\/as-schwabe.de\/pl\/wp-json\/wp\/v2\/media\/30108"}],"wp:attachment":[{"href":"https:\/\/as-schwabe.de\/pl\/wp-json\/wp\/v2\/media?parent=30827"}],"wp:term":[{"taxonomy":"product_brand","embeddable":true,"href":"https:\/\/as-schwabe.de\/pl\/wp-json\/wp\/v2\/genre?post=30827"},{"taxonomy":"product_cat","embeddable":true,"href":"https:\/\/as-schwabe.de\/pl\/wp-json\/wp\/v2\/product_cat?post=30827"},{"taxonomy":"product_tag","embeddable":true,"href":"https:\/\/as-schwabe.de\/pl\/wp-json\/wp\/v2\/product_tag?post=30827"}],"curies":[{"name":"wp","href":"https:\/\/api.w.org\/{rel}","templated":true}]}}