{"id":30826,"date":"2025-09-26T23:03:05","date_gmt":"2025-09-26T23:03:05","guid":{"rendered":"https:\/\/as-schwabe.de\/produkt\/wtyczko-gniazdo-ochrony-osobistej-adapter-prcd-30-ma-45230\/"},"modified":"2025-10-23T00:14:38","modified_gmt":"2025-10-23T00:14:38","slug":"wtyczko-gniazdo-ochrony-osobistej-adapter-prcd-30-ma-45230","status":"publish","type":"product","link":"https:\/\/as-schwabe.de\/pl\/produkt\/wtyczko-gniazdo-ochrony-osobistej-adapter-prcd-30-ma-45230\/","title":{"rendered":"Wtyczko-gniazdo ochrony osobistej adapter PRCD 30 mA IP44 | 45230"},"content":{"rendered":"<p>Wtyczko-gniazdo ochrony osobistej adapter PRCD 30 mA to niezawodne urz\u0105dzenie, kt\u00f3re zapewnia dodatkowe bezpiecze\u0144stwo przy u\u017cytkowaniu sprz\u0119tu elektrycznego na zewn\u0105trz. Dzi\u0119ki klasie ochrony IP44, produkt jest odporny na wilgo\u0107 i py\u0142, co czyni go idealnym rozwi\u0105zaniem do zastosowa\u0144 w ogrodzie, na budowie czy podczas prac remontowych. Maksymalne napi\u0119cie 230 V i pr\u0105d 16 A, przy mocy do 3500 W, gwarantuj\u0105 szerok\u0105 kompatybilno\u015b\u0107 z r\u00f3\u017cnymi urz\u0105dzeniami. Wbudowany przycisk testowy umo\u017cliwia \u0142atwe sprawdzenie prawid\u0142owego dzia\u0142ania urz\u0105dzenia, co zwi\u0119ksza komfort oraz bezpiecze\u0144stwo u\u017cytkowania. Wtyczko-gniazdo stanowi niezb\u0119dny element wyposa\u017cenia ka\u017cdego u\u017cytkownika, kt\u00f3ry ceni sobie ochron\u0119 i sprawno\u015b\u0107 elektrycznych urz\u0105dze\u0144 na \u015bwie\u017cym powietrzu.<\/p>","protected":false},"excerpt":{"rendered":"<div class=\"icons\" style=\"display: flex; flex-wrap: wrap; gap: 5px; align-items: center; margin-top: 10px;\"><img decoding=\"async\" src=\"https:\/\/as-schwabe.de\/wp-content\/uploads\/ikony\/znak_CE.png\" alt=\"\" width=\"50\" height=\"50\" \/><img decoding=\"async\" src=\"https:\/\/as-schwabe.de\/wp-content\/uploads\/ikony\/znak_IP44.png\" alt=\"\" width=\"50\" height=\"50\" \/><img decoding=\"async\" src=\"https:\/\/as-schwabe.de\/wp-content\/uploads\/ikony\/znak_PB.png\" alt=\"\" width=\"50\" height=\"50\" \/><img loading=\"lazy\" decoding=\"async\" src=\"https:\/\/as-schwabe.de\/wp-content\/uploads\/ikony\/znak_Z.png\" alt=\"\" width=\"50\" height=\"50\" \/><img loading=\"lazy\" decoding=\"async\" src=\"https:\/\/as-schwabe.de\/wp-content\/uploads\/ikony\/znak_D.png\" alt=\"\" width=\"50\" height=\"50\" \/><img loading=\"lazy\" decoding=\"async\" src=\"https:\/\/as-schwabe.de\/wp-content\/uploads\/ikony\/znak_DE.png\" alt=\"\" width=\"50\" height=\"40\" \/><\/div>\n<ul>\n<li>Wtyczka adapter ochrony osobistej 30 mA do pod\u0142\u0105czenia poprzez wtyczk\u0119, IP44 <\/li>\n<li>wyzwalacz podnapi\u0119ciowy <\/li>\n<li>czas wyzwalania kr\u00f3tszy ni\u017c 30 ms <\/li>\n<li>pr\u0105dy zwarciowe s\u0105 wykrywane w u\u0142amku sekundy i nast\u0119puje od\u0142\u0105czenie zasilania <\/li>\n<li>z opisem funkcji i przyciskiem testowym oraz z elektronicznym urz\u0105dzeniem pomiarowym <\/li>\n<li>230 V, 16 A, maks. 3500 W<\/li>\n<\/ul>","protected":false},"featured_media":30104,"template":"","meta":{"inline_featured_image":false},"genre":[509],"product_cat":[521,522],"product_tag":[],"class_list":{"0":"post-30826","1":"product","2":"type-product","3":"status-publish","4":"has-post-thumbnail","6":"product_brand-as-schwabe-pl","7":"product_cat-produkty-z-zakresu-elektrycznej-ochrony-indywidualnej-pl","8":"product_cat-p-seria-prcd-pl","10":"first","11":"instock","12":"shipping-taxable","13":"product-type-simple"},"aioseo_notices":[],"_links":{"self":[{"href":"https:\/\/as-schwabe.de\/pl\/wp-json\/wp\/v2\/product\/30826","targetHints":{"allow":["GET"]}}],"collection":[{"href":"https:\/\/as-schwabe.de\/pl\/wp-json\/wp\/v2\/product"}],"about":[{"href":"https:\/\/as-schwabe.de\/pl\/wp-json\/wp\/v2\/types\/product"}],"version-history":[{"count":0,"href":"https:\/\/as-schwabe.de\/pl\/wp-json\/wp\/v2\/product\/30826\/revisions"}],"wp:featuredmedia":[{"embeddable":true,"href":"https:\/\/as-schwabe.de\/pl\/wp-json\/wp\/v2\/media\/30104"}],"wp:attachment":[{"href":"https:\/\/as-schwabe.de\/pl\/wp-json\/wp\/v2\/media?parent=30826"}],"wp:term":[{"taxonomy":"product_brand","embeddable":true,"href":"https:\/\/as-schwabe.de\/pl\/wp-json\/wp\/v2\/genre?post=30826"},{"taxonomy":"product_cat","embeddable":true,"href":"https:\/\/as-schwabe.de\/pl\/wp-json\/wp\/v2\/product_cat?post=30826"},{"taxonomy":"product_tag","embeddable":true,"href":"https:\/\/as-schwabe.de\/pl\/wp-json\/wp\/v2\/product_tag?post=30826"}],"curies":[{"name":"wp","href":"https:\/\/api.w.org\/{rel}","templated":true}]}}