{"id":30824,"date":"2025-09-26T23:03:04","date_gmt":"2025-09-26T23:03:04","guid":{"rendered":"https:\/\/as-schwabe.de\/produkt\/przedluzacz-1-gn-cee-prcd-30-ma-powerlight-h07rn-f-3g25-3-m-45224\/"},"modified":"2025-10-23T00:14:37","modified_gmt":"2025-10-23T00:14:37","slug":"przedluzacz-1-gn-cee-prcd-30-ma-powerlight-h07rn-f-3g25-3-m-45224","status":"publish","type":"product","link":"https:\/\/as-schwabe.de\/pl\/produkt\/przedluzacz-1-gn-cee-prcd-30-ma-powerlight-h07rn-f-3g25-3-m-45224\/","title":{"rendered":"Przed\u0142u\u017cacz 1-gniazdowy CEE z uk\u0142adem ochrony osobistej PRCD 30 mA 3 m H07RN-F 3G2,5 IP44 | 45224"},"content":{"rendered":"<p>Przed\u0142u\u017cacz 1-gniazdowy CEE z uk\u0142adem ochrony osobistej PRCD to niezawodne rozwi\u0105zanie dla u\u017cytkownik\u00f3w wymagaj\u0105cych bezpiecze\u0144stwa i wygody podczas pracy w trudnych warunkach. Wyposa\u017cony w przew\u00f3d zasilaj\u0105cy H07RN-F 3G2,5 o d\u0142ugo\u015bci 1,5 m, z wtyczk\u0105 oraz gniazdem CEE 230 V, 16 A, 3P, zapewnia maksymalne obci\u0105\u017cenie do 230 V i 16 A, co przek\u0142ada si\u0119 na moc do 3500 W. Dzi\u0119ki stopniowi ochrony IP44, produkt jest dostosowany do u\u017cytku na zewn\u0105trz, co czyni go idealnym do zastosowa\u0144 w budownictwie oraz na placach budowy. Dodatkowo, sygnalizacja napi\u0119cia Powerlight oraz uk\u0142ad PRCD 30 mA zapewniaj\u0105 zwi\u0119kszone bezpiecze\u0144stwo u\u017cytkowania. Przed\u0142u\u017cacz ten to doskona\u0142y wyb\u00f3r dla profesjonalist\u00f3w, kt\u00f3rzy ceni\u0105 sobie jako\u015b\u0107 i niezawodno\u015b\u0107 w ka\u017cdych warunkach.<\/p>","protected":false},"excerpt":{"rendered":"<div class=\"icons\" style=\"display: flex; flex-wrap: wrap; gap: 5px; align-items: center; margin-top: 10px;\"><img decoding=\"async\" src=\"https:\/\/as-schwabe.de\/wp-content\/uploads\/ikony\/znak_CE.png\" alt=\"\" width=\"50\" height=\"50\" \/><img decoding=\"async\" src=\"https:\/\/as-schwabe.de\/wp-content\/uploads\/ikony\/znak_IP44.png\" alt=\"\" width=\"50\" height=\"50\" \/><img decoding=\"async\" src=\"https:\/\/as-schwabe.de\/wp-content\/uploads\/ikony\/znak_POWERLIGHT.png\" alt=\"\" width=\"90\" height=\"50\" \/><img loading=\"lazy\" decoding=\"async\" src=\"https:\/\/as-schwabe.de\/wp-content\/uploads\/ikony\/znak_Z.png\" alt=\"\" width=\"50\" height=\"50\" \/><img loading=\"lazy\" decoding=\"async\" src=\"https:\/\/as-schwabe.de\/wp-content\/uploads\/ikony\/znak_D.png\" alt=\"\" width=\"50\" height=\"50\" \/><img loading=\"lazy\" decoding=\"async\" src=\"https:\/\/as-schwabe.de\/wp-content\/uploads\/ikony\/znak_DE.png\" alt=\"\" width=\"50\" height=\"40\" \/><\/div>\n<ul>\n<li>PRCD 30 mA wy\u0142\u0105cznik r\u00f3\u017cnicowopr\u0105dowy do ochrony przed napi\u0119ciem elektrycznym <\/li>\n<li>1x wtyczka CEE 230 V, 16 A, 3P z sygnalizacj\u0105 napi\u0119cia \u201ePowerlight\u201d <\/li>\n<li>1x gniazdo CEE z klapk\u0105 uchyln\u0105 230 V, 16 A, 3P z sygnalizacj\u0105 napi\u0119cia \u201ePowerlight\u201c<\/li>\n<\/ul>","protected":false},"featured_media":30101,"template":"","meta":{"inline_featured_image":false},"genre":[509],"product_cat":[515,527],"product_tag":[],"class_list":{"0":"post-30824","1":"product","2":"type-product","3":"status-publish","4":"has-post-thumbnail","6":"product_brand-as-schwabe-pl","7":"product_cat-kemping-i-caravaning-pl","8":"product_cat-przedluzacze-cee-pl","10":"first","11":"instock","12":"shipping-taxable","13":"product-type-simple"},"aioseo_notices":[],"_links":{"self":[{"href":"https:\/\/as-schwabe.de\/pl\/wp-json\/wp\/v2\/product\/30824","targetHints":{"allow":["GET"]}}],"collection":[{"href":"https:\/\/as-schwabe.de\/pl\/wp-json\/wp\/v2\/product"}],"about":[{"href":"https:\/\/as-schwabe.de\/pl\/wp-json\/wp\/v2\/types\/product"}],"version-history":[{"count":0,"href":"https:\/\/as-schwabe.de\/pl\/wp-json\/wp\/v2\/product\/30824\/revisions"}],"wp:featuredmedia":[{"embeddable":true,"href":"https:\/\/as-schwabe.de\/pl\/wp-json\/wp\/v2\/media\/30101"}],"wp:attachment":[{"href":"https:\/\/as-schwabe.de\/pl\/wp-json\/wp\/v2\/media?parent=30824"}],"wp:term":[{"taxonomy":"product_brand","embeddable":true,"href":"https:\/\/as-schwabe.de\/pl\/wp-json\/wp\/v2\/genre?post=30824"},{"taxonomy":"product_cat","embeddable":true,"href":"https:\/\/as-schwabe.de\/pl\/wp-json\/wp\/v2\/product_cat?post=30824"},{"taxonomy":"product_tag","embeddable":true,"href":"https:\/\/as-schwabe.de\/pl\/wp-json\/wp\/v2\/product_tag?post=30824"}],"curies":[{"name":"wp","href":"https:\/\/api.w.org\/{rel}","templated":true}]}}