{"id":30822,"date":"2025-09-26T23:03:03","date_gmt":"2025-09-26T23:03:03","guid":{"rendered":"https:\/\/as-schwabe.de\/produkt\/przelacznik-posredni-ochrony-osobistej-prcd-30-ma-45223\/"},"modified":"2025-10-23T00:14:37","modified_gmt":"2025-10-23T00:14:37","slug":"przelacznik-posredni-ochrony-osobistej-prcd-30-ma-45223","status":"publish","type":"product","link":"https:\/\/as-schwabe.de\/pl\/produkt\/przelacznik-posredni-ochrony-osobistej-prcd-30-ma-45223\/","title":{"rendered":"Prze\u0142\u0105cznik po\u015bredni ochrony osobistej PRCD 30 mA IP66 | 45223"},"content":{"rendered":"<p>Prze\u0142\u0105cznik po\u015bredni ochrony osobistej PRCD 30 mA to zaawansowane rozwi\u0105zanie dla u\u017cytkownik\u00f3w, poszukuj\u0105cych niezawodnej ochrony przed pora\u017ceniem elektrycznym w trudnych warunkach zewn\u0119trznych. Urz\u0105dzenie zosta\u0142o zaprojektowane do sta\u0142ego pod\u0142\u0105czania do sieci zasilaj\u0105cej o maksymalnej mocy 3500 W (230 V, 16 A) i obs\u0142uguje przewody do 3G2,5. Dzi\u0119ki klasie ochrony IP66, PRCD 30 mA gwarantuje wysok\u0105 odporno\u015b\u0107 na py\u0142 oraz wod\u0119, co czyni go idealnym wyborem do zastosowa\u0144 na \u015bwie\u017cym powietrzu. Jego kompaktowa konstrukcja oraz \u0142atwo\u015b\u0107 monta\u017cu sprawiaj\u0105, \u017ce u\u017cytkownicy mog\u0105 cieszy\u0107 si\u0119 lepszym poziomem bezpiecze\u0144stwa podczas pracy w warunkach zewn\u0119trznych. Inwestuj\u0105c w ten prze\u0142\u0105cznik, zyskujesz pewno\u015b\u0107, \u017ce Twoje urz\u0105dzenia elektryczne b\u0119d\u0105 zabezpieczone przed niebezpiecznymi sytuacjami.<\/p>","protected":false},"excerpt":{"rendered":"<div class=\"icons\" style=\"display: flex; flex-wrap: wrap; gap: 5px; align-items: center; margin-top: 10px;\"><img decoding=\"async\" src=\"https:\/\/as-schwabe.de\/wp-content\/uploads\/ikony\/znak_CE.png\" alt=\"\" width=\"50\" height=\"50\" \/><img decoding=\"async\" src=\"https:\/\/as-schwabe.de\/wp-content\/uploads\/ikony\/znak_IP65.png\" alt=\"\" width=\"50\" height=\"50\" \/><img decoding=\"async\" src=\"https:\/\/as-schwabe.de\/wp-content\/uploads\/ikony\/znak_PB.png\" alt=\"\" width=\"50\" height=\"50\" \/><img loading=\"lazy\" decoding=\"async\" src=\"https:\/\/as-schwabe.de\/wp-content\/uploads\/ikony\/znak_Z.png\" alt=\"\" width=\"50\" height=\"50\" \/><img loading=\"lazy\" decoding=\"async\" src=\"https:\/\/as-schwabe.de\/wp-content\/uploads\/ikony\/znak_D.png\" alt=\"\" width=\"50\" height=\"50\" \/><img loading=\"lazy\" decoding=\"async\" src=\"https:\/\/as-schwabe.de\/wp-content\/uploads\/ikony\/znak_DE.png\" alt=\"\" width=\"50\" height=\"40\" \/><\/div>\n<ul>\n<li>wyzwalacz podnapi\u0119ciowy <\/li>\n<li>czas wyzwalania kr\u00f3tszy ni\u017c 30 ms <\/li>\n<li>pr\u0105dy zwarciowe s\u0105 wykrywane w u\u0142amku sekundy i nast\u0119puje od\u0142\u0105czenie zasilania <\/li>\n<li>z opisem funkcji i przyciskiem testowym oraz z elektronicznym urz\u0105dzeniem pomiarowym <\/li>\n<li>230 V, 16 A, maks. 3500 W<\/li>\n<\/ul>","protected":false},"featured_media":30098,"template":"","meta":{"inline_featured_image":false},"genre":[509],"product_cat":[521,522],"product_tag":[],"class_list":{"0":"post-30822","1":"product","2":"type-product","3":"status-publish","4":"has-post-thumbnail","6":"product_brand-as-schwabe-pl","7":"product_cat-produkty-z-zakresu-elektrycznej-ochrony-indywidualnej-pl","8":"product_cat-p-seria-prcd-pl","10":"first","11":"instock","12":"shipping-taxable","13":"product-type-simple"},"aioseo_notices":[],"_links":{"self":[{"href":"https:\/\/as-schwabe.de\/pl\/wp-json\/wp\/v2\/product\/30822","targetHints":{"allow":["GET"]}}],"collection":[{"href":"https:\/\/as-schwabe.de\/pl\/wp-json\/wp\/v2\/product"}],"about":[{"href":"https:\/\/as-schwabe.de\/pl\/wp-json\/wp\/v2\/types\/product"}],"version-history":[{"count":0,"href":"https:\/\/as-schwabe.de\/pl\/wp-json\/wp\/v2\/product\/30822\/revisions"}],"wp:featuredmedia":[{"embeddable":true,"href":"https:\/\/as-schwabe.de\/pl\/wp-json\/wp\/v2\/media\/30098"}],"wp:attachment":[{"href":"https:\/\/as-schwabe.de\/pl\/wp-json\/wp\/v2\/media?parent=30822"}],"wp:term":[{"taxonomy":"product_brand","embeddable":true,"href":"https:\/\/as-schwabe.de\/pl\/wp-json\/wp\/v2\/genre?post=30822"},{"taxonomy":"product_cat","embeddable":true,"href":"https:\/\/as-schwabe.de\/pl\/wp-json\/wp\/v2\/product_cat?post=30822"},{"taxonomy":"product_tag","embeddable":true,"href":"https:\/\/as-schwabe.de\/pl\/wp-json\/wp\/v2\/product_tag?post=30822"}],"curies":[{"name":"wp","href":"https:\/\/api.w.org\/{rel}","templated":true}]}}