{"id":30819,"date":"2025-09-26T23:03:02","date_gmt":"2025-09-26T23:03:02","guid":{"rendered":"https:\/\/as-schwabe.de\/produkt\/przedluzacz-1-gniazdowy-prcd-30-ma-ip44-h07rn-f-3g15-3-m-45222\/"},"modified":"2025-10-23T00:14:36","modified_gmt":"2025-10-23T00:14:36","slug":"przedluzacz-1-gniazdowy-prcd-30-ma-ip44-h07rn-f-3g15-3-m-45222","status":"publish","type":"product","link":"https:\/\/as-schwabe.de\/pl\/produkt\/przedluzacz-1-gniazdowy-prcd-30-ma-ip44-h07rn-f-3g15-3-m-45222\/","title":{"rendered":"Przed\u0142u\u017cacz 1-gniazdowy z uk\u0142adem ochrony osobistej PRCD 30 mA 3 m H07RN-F 3G1,5 IP44 | 45222"},"content":{"rendered":"<p>Przed\u0142u\u017cacz 1-gniazdowy z uk\u0142adem ochrony osobistej PRCD o d\u0142ugo\u015bci 3 m to idealne rozwi\u0105zanie do zasilania urz\u0105dze\u0144 elektrycznych w warunkach zewn\u0119trznych. Wyposa\u017cony w gniazdo IP44 oraz przew\u00f3d H07RN-F 3G1,5 czarny d\u0142ugo\u015bci 1,5 m, zapewnia bezpiecze\u0144stwo u\u017cytkowania dzi\u0119ki wbudowanemu systemowi ochrony przed przeci\u0105\u017ceniem (PRCD) o czu\u0142o\u015bci 30 mA. Produkt obs\u0142uguje maksymalne napi\u0119cie 230 V i pr\u0105d do 16 A, co pozwala na pod\u0142\u0105czenie urz\u0105dze\u0144 o \u0142\u0105cznej mocy do 3500 W. Klasa ochrony IP44 gwarantuje odporno\u015b\u0107 na dzia\u0142anie wody i zanieczyszcze\u0144, co czyni go doskona\u0142ym wyborem do zastosowa\u0144 zewn\u0119trznych, takich jak prace w ogrodzie czy na budowie. Niezawodny i funkcjonalny, ten przed\u0142u\u017cacz znacznie podnosi komfort u\u017cytkowania narz\u0119dzi elektrycznych w trudniejszych warunkach.<\/p>","protected":false},"excerpt":{"rendered":"<div class=\"icons\" style=\"display: flex; flex-wrap: wrap; gap: 5px; align-items: center; margin-top: 10px;\"><img decoding=\"async\" src=\"https:\/\/as-schwabe.de\/wp-content\/uploads\/ikony\/znak_CE.png\" alt=\"\" width=\"50\" height=\"50\" \/><img decoding=\"async\" src=\"https:\/\/as-schwabe.de\/wp-content\/uploads\/ikony\/znak_IP44.png\" alt=\"\" width=\"50\" height=\"50\" \/><img decoding=\"async\" src=\"https:\/\/as-schwabe.de\/wp-content\/uploads\/ikony\/znak_Z.png\" alt=\"\" width=\"50\" height=\"50\" \/><img loading=\"lazy\" decoding=\"async\" src=\"https:\/\/as-schwabe.de\/wp-content\/uploads\/ikony\/znak_D.png\" alt=\"\" width=\"50\" height=\"50\" \/><img loading=\"lazy\" decoding=\"async\" src=\"https:\/\/as-schwabe.de\/wp-content\/uploads\/ikony\/znak_DE.png\" alt=\"\" width=\"50\" height=\"40\" \/><\/div>\n<ul>\n<li>znamionowy pr\u0105d r\u00f3\u017cnicowy 30 mA <\/li>\n<li>wyzwalacz podnapi\u0119ciowy <\/li>\n<li>czas wyzwalania kr\u00f3tszy ni\u017c 30 ms <\/li>\n<li>IP44: chroniony przed cia\u0142ami obcymi i bryzgami wody <\/li>\n<li>z wtyczk\u0105 i gniazdem z uziemieniem, gniazdo wyposa\u017cone w klapk\u0119 ochronn\u0105 <\/li>\n<li>z opisem funkcji i przyciskiem testowym oraz z elektronicznym urz\u0105dzeniem pomiarowym <\/li>\n<li>230 V, 16 A, maks. 3500 W<\/li>\n<\/ul>","protected":false},"featured_media":30092,"template":"","meta":{"inline_featured_image":false},"genre":[509],"product_cat":[521,522],"product_tag":[],"class_list":{"0":"post-30819","1":"product","2":"type-product","3":"status-publish","4":"has-post-thumbnail","6":"product_brand-as-schwabe-pl","7":"product_cat-produkty-z-zakresu-elektrycznej-ochrony-indywidualnej-pl","8":"product_cat-p-seria-prcd-pl","10":"first","11":"instock","12":"shipping-taxable","13":"product-type-simple"},"aioseo_notices":[],"_links":{"self":[{"href":"https:\/\/as-schwabe.de\/pl\/wp-json\/wp\/v2\/product\/30819","targetHints":{"allow":["GET"]}}],"collection":[{"href":"https:\/\/as-schwabe.de\/pl\/wp-json\/wp\/v2\/product"}],"about":[{"href":"https:\/\/as-schwabe.de\/pl\/wp-json\/wp\/v2\/types\/product"}],"version-history":[{"count":0,"href":"https:\/\/as-schwabe.de\/pl\/wp-json\/wp\/v2\/product\/30819\/revisions"}],"wp:featuredmedia":[{"embeddable":true,"href":"https:\/\/as-schwabe.de\/pl\/wp-json\/wp\/v2\/media\/30092"}],"wp:attachment":[{"href":"https:\/\/as-schwabe.de\/pl\/wp-json\/wp\/v2\/media?parent=30819"}],"wp:term":[{"taxonomy":"product_brand","embeddable":true,"href":"https:\/\/as-schwabe.de\/pl\/wp-json\/wp\/v2\/genre?post=30819"},{"taxonomy":"product_cat","embeddable":true,"href":"https:\/\/as-schwabe.de\/pl\/wp-json\/wp\/v2\/product_cat?post=30819"},{"taxonomy":"product_tag","embeddable":true,"href":"https:\/\/as-schwabe.de\/pl\/wp-json\/wp\/v2\/product_tag?post=30819"}],"curies":[{"name":"wp","href":"https:\/\/api.w.org\/{rel}","templated":true}]}}