{"id":30817,"date":"2025-09-26T23:03:02","date_gmt":"2025-09-26T23:03:02","guid":{"rendered":"https:\/\/as-schwabe.de\/produkt\/przelacznik-posredni-ochrony-osobistej-prcd-10-ma-45221\/"},"modified":"2025-10-23T00:14:36","modified_gmt":"2025-10-23T00:14:36","slug":"przelacznik-posredni-ochrony-osobistej-prcd-10-ma-45221","status":"publish","type":"product","link":"https:\/\/as-schwabe.de\/pl\/produkt\/przelacznik-posredni-ochrony-osobistej-prcd-10-ma-45221\/","title":{"rendered":"Prze\u0142\u0105cznik po\u015bredni ochrony osobistej PRCD 10 mA IP66 | 45221"},"content":{"rendered":"<p>Prze\u0142\u0105cznik po\u015bredni ochrony osobistej PRCD 10 mA to niezawodne rozwi\u0105zanie do zabezpieczania zasilania w instalacjach elektrycznych, przeznaczone do sta\u0142ego pod\u0142\u0105czania maksymalnie do przewod\u00f3w 3G2,5. Urz\u0105dzenie obs\u0142uguje napi\u0119cie do 230 V oraz pr\u0105d do 16 A, co pozwala na zasilanie urz\u0105dze\u0144 o mocy do 3500 W. Dzi\u0119ki klasie szczelno\u015bci IP66, prze\u0142\u0105cznik idealnie nadaje si\u0119 do u\u017cytku na zewn\u0105trz, skutecznie chroni\u0105c przed wilgoci\u0105 i py\u0142em. Stosowanie PRCD zwi\u0119ksza bezpiecze\u0144stwo u\u017cytkownik\u00f3w, minimalizuj\u0105c ryzyko pora\u017cenia pr\u0105dem elektrycznym w trudnych warunkach pracy. Prze\u0142\u0105cznik jest prosty w instalacji i obs\u0142udze, co czyni go doskona\u0142ym wyborem dla profesjonalist\u00f3w oraz majsterkowicz\u00f3w.<\/p>","protected":false},"excerpt":{"rendered":"<div class=\"icons\" style=\"display: flex; flex-wrap: wrap; gap: 5px; align-items: center; margin-top: 10px;\"><img decoding=\"async\" src=\"https:\/\/as-schwabe.de\/wp-content\/uploads\/ikony\/znak_CE.png\" alt=\"\" width=\"50\" height=\"50\" \/><img decoding=\"async\" src=\"https:\/\/as-schwabe.de\/wp-content\/uploads\/ikony\/znak_IP65.png\" alt=\"\" width=\"50\" height=\"50\" \/><img decoding=\"async\" src=\"https:\/\/as-schwabe.de\/wp-content\/uploads\/ikony\/znak_PB.png\" alt=\"\" width=\"50\" height=\"50\" \/><img loading=\"lazy\" decoding=\"async\" src=\"https:\/\/as-schwabe.de\/wp-content\/uploads\/ikony\/znak_Z.png\" alt=\"\" width=\"50\" height=\"50\" \/><img loading=\"lazy\" decoding=\"async\" src=\"https:\/\/as-schwabe.de\/wp-content\/uploads\/ikony\/znak_D.png\" alt=\"\" width=\"50\" height=\"50\" \/><img loading=\"lazy\" decoding=\"async\" src=\"https:\/\/as-schwabe.de\/wp-content\/uploads\/ikony\/znak_DE.png\" alt=\"\" width=\"50\" height=\"40\" \/><\/div>\n<ul>\n<li>wyzwalacz podnapi\u0119ciowy<\/li>\n<li> czas wyzwalania kr\u00f3tszy ni\u017c 30 ms <\/li>\n<li>pr\u0105dy zwarciowe s\u0105 wykrywane w u\u0142amku sekundy i nast\u0119puje od\u0142\u0105czenie zasilania <\/li>\n<li>z opisem funkcji i przyciskiem testowym oraz z elektronicznym urz\u0105dzeniem pomiarowym <\/li>\n<li>230 V, 16 A, maks. 3500 W<\/li>\n<\/ul>","protected":false},"featured_media":30084,"template":"","meta":{"inline_featured_image":false},"genre":[509],"product_cat":[521,522],"product_tag":[],"class_list":{"0":"post-30817","1":"product","2":"type-product","3":"status-publish","4":"has-post-thumbnail","6":"product_brand-as-schwabe-pl","7":"product_cat-produkty-z-zakresu-elektrycznej-ochrony-indywidualnej-pl","8":"product_cat-p-seria-prcd-pl","10":"first","11":"instock","12":"shipping-taxable","13":"product-type-simple"},"aioseo_notices":[],"_links":{"self":[{"href":"https:\/\/as-schwabe.de\/pl\/wp-json\/wp\/v2\/product\/30817","targetHints":{"allow":["GET"]}}],"collection":[{"href":"https:\/\/as-schwabe.de\/pl\/wp-json\/wp\/v2\/product"}],"about":[{"href":"https:\/\/as-schwabe.de\/pl\/wp-json\/wp\/v2\/types\/product"}],"version-history":[{"count":0,"href":"https:\/\/as-schwabe.de\/pl\/wp-json\/wp\/v2\/product\/30817\/revisions"}],"wp:featuredmedia":[{"embeddable":true,"href":"https:\/\/as-schwabe.de\/pl\/wp-json\/wp\/v2\/media\/30084"}],"wp:attachment":[{"href":"https:\/\/as-schwabe.de\/pl\/wp-json\/wp\/v2\/media?parent=30817"}],"wp:term":[{"taxonomy":"product_brand","embeddable":true,"href":"https:\/\/as-schwabe.de\/pl\/wp-json\/wp\/v2\/genre?post=30817"},{"taxonomy":"product_cat","embeddable":true,"href":"https:\/\/as-schwabe.de\/pl\/wp-json\/wp\/v2\/product_cat?post=30817"},{"taxonomy":"product_tag","embeddable":true,"href":"https:\/\/as-schwabe.de\/pl\/wp-json\/wp\/v2\/product_tag?post=30817"}],"curies":[{"name":"wp","href":"https:\/\/api.w.org\/{rel}","templated":true}]}}