{"id":30814,"date":"2025-09-26T23:03:01","date_gmt":"2025-09-26T23:03:01","guid":{"rendered":"https:\/\/as-schwabe.de\/produkt\/wtyczka-ochrony-osobistej-prcd-30-ma-45209\/"},"modified":"2025-10-23T00:14:36","modified_gmt":"2025-10-23T00:14:36","slug":"wtyczka-ochrony-osobistej-prcd-30-ma-45209","status":"publish","type":"product","link":"https:\/\/as-schwabe.de\/pl\/produkt\/wtyczka-ochrony-osobistej-prcd-30-ma-45209\/","title":{"rendered":"Wtyczka ochrony osobistej PRCD 30 mA, CZA IP44 | 45209"},"content":{"rendered":"<p>Wtyczka ochrony osobistej PRCD 30 mA to niezawodne rozwi\u0105zanie dla os\u00f3b poszukuj\u0105cych skutecznej ochrony przed pora\u017ceniem pr\u0105dem w warunkach zewn\u0119trznych. Dzi\u0119ki mo\u017cliwo\u015bci samodzielnego monta\u017cu oraz terminalom przy\u0142\u0105czeniowym maks. do 3G2,5 mm\u00b2, urz\u0105dzenie jest \u0142atwe w instalacji. Jego parametry techniczne obejmuj\u0105 maksymalne napi\u0119cie 230 V oraz nat\u0119\u017cenie 16 A, co pozwala na obs\u0142ug\u0119 urz\u0105dze\u0144 o mocy do 3500 W. Wtyczka jest wyposa\u017cona w przycisk testowy, co umo\u017cliwia regularne sprawdzanie jej stanu dzia\u0142ania. Dodatkowo, klasa szczelno\u015bci IP44 zapewnia odporno\u015b\u0107 na wilgo\u0107 oraz zanieczyszczenia, co czyni j\u0105 idealnym rozwi\u0105zaniem do u\u017cytku na zewn\u0105trz.<\/p>","protected":false},"excerpt":{"rendered":"<div class=\"icons\" style=\"display: flex; flex-wrap: wrap; gap: 5px; align-items: center; margin-top: 10px;\"><img decoding=\"async\" src=\"https:\/\/as-schwabe.de\/wp-content\/uploads\/ikony\/znak_CE.png\" alt=\"\" width=\"50\" height=\"50\" \/><img decoding=\"async\" src=\"https:\/\/as-schwabe.de\/wp-content\/uploads\/ikony\/znak_IP44.png\" alt=\"\" width=\"50\" height=\"50\" \/><img decoding=\"async\" src=\"https:\/\/as-schwabe.de\/wp-content\/uploads\/ikony\/znak_PB.png\" alt=\"\" width=\"50\" height=\"50\" \/><img loading=\"lazy\" decoding=\"async\" src=\"https:\/\/as-schwabe.de\/wp-content\/uploads\/ikony\/znak_Z.png\" alt=\"\" width=\"50\" height=\"50\" \/><img loading=\"lazy\" decoding=\"async\" src=\"https:\/\/as-schwabe.de\/wp-content\/uploads\/ikony\/znak_D.png\" alt=\"\" width=\"50\" height=\"50\" \/><img loading=\"lazy\" decoding=\"async\" src=\"https:\/\/as-schwabe.de\/wp-content\/uploads\/ikony\/znak_DE.png\" alt=\"\" width=\"50\" height=\"40\" \/><\/div>\n<ul>\n<li>Wtyczka ochrony osobistej 30 mA do sta\u0142ego pod\u0142\u0105czenia do linii zasilaj\u0105cej, IP44 <\/li>\n<li>wyzwalacz podnapi\u0119ciowy <\/li>\n<li>czas wyzwalania kr\u00f3tszy ni\u017c 30 ms <\/li>\n<li>pr\u0105dy zwarciowe s\u0105 wykrywane w u\u0142amku sekundy i nast\u0119puje od\u0142\u0105czenie zasilania <\/li>\n<li>z opisem funkcji i przyciskiem testowym oraz z elektronicznym urz\u0105dzeniem pomiarowym <\/li>\n<li>230 V, 16 A, maks. 3500 W<\/li>\n<\/ul>","protected":false},"featured_media":30083,"template":"","meta":{"inline_featured_image":false},"genre":[509],"product_cat":[521,522],"product_tag":[],"class_list":{"0":"post-30814","1":"product","2":"type-product","3":"status-publish","4":"has-post-thumbnail","6":"product_brand-as-schwabe-pl","7":"product_cat-produkty-z-zakresu-elektrycznej-ochrony-indywidualnej-pl","8":"product_cat-p-seria-prcd-pl","10":"first","11":"instock","12":"shipping-taxable","13":"product-type-simple"},"aioseo_notices":[],"_links":{"self":[{"href":"https:\/\/as-schwabe.de\/pl\/wp-json\/wp\/v2\/product\/30814","targetHints":{"allow":["GET"]}}],"collection":[{"href":"https:\/\/as-schwabe.de\/pl\/wp-json\/wp\/v2\/product"}],"about":[{"href":"https:\/\/as-schwabe.de\/pl\/wp-json\/wp\/v2\/types\/product"}],"version-history":[{"count":0,"href":"https:\/\/as-schwabe.de\/pl\/wp-json\/wp\/v2\/product\/30814\/revisions"}],"wp:featuredmedia":[{"embeddable":true,"href":"https:\/\/as-schwabe.de\/pl\/wp-json\/wp\/v2\/media\/30083"}],"wp:attachment":[{"href":"https:\/\/as-schwabe.de\/pl\/wp-json\/wp\/v2\/media?parent=30814"}],"wp:term":[{"taxonomy":"product_brand","embeddable":true,"href":"https:\/\/as-schwabe.de\/pl\/wp-json\/wp\/v2\/genre?post=30814"},{"taxonomy":"product_cat","embeddable":true,"href":"https:\/\/as-schwabe.de\/pl\/wp-json\/wp\/v2\/product_cat?post=30814"},{"taxonomy":"product_tag","embeddable":true,"href":"https:\/\/as-schwabe.de\/pl\/wp-json\/wp\/v2\/product_tag?post=30814"}],"curies":[{"name":"wp","href":"https:\/\/api.w.org\/{rel}","templated":true}]}}