{"id":30808,"date":"2025-09-26T23:02:58","date_gmt":"2025-09-26T23:02:58","guid":{"rendered":"https:\/\/as-schwabe.de\/produkt\/gniazdo-tablicowe-do-wbudowania-230-v-16-a-2pz-nie-45085\/"},"modified":"2025-10-23T00:14:34","modified_gmt":"2025-10-23T00:14:34","slug":"gniazdo-tablicowe-do-wbudowania-230-v-16-a-2pz-nie-45085","status":"publish","type":"product","link":"https:\/\/as-schwabe.de\/pl\/produkt\/gniazdo-tablicowe-do-wbudowania-230-v-16-a-2pz-nie-45085\/","title":{"rendered":"Gniazdo tablicowe do wbudowania 230 V, 16 A 2P+Z NIE IP54 | 45085"},"content":{"rendered":"<p>Gniazdo tablicowe wbudowane 230 V, 16 A, 2P+Z, w kolorze niebieskim, to doskona\u0142e rozwi\u0105zanie dla zastosowa\u0144 zewn\u0119trznych i na budowach. Dzi\u0119ki wodoodporno\u015bci na poziomie IP54, produkt zapewnia skuteczn\u0105 ochron\u0119 przed wilgoci\u0105 i zanieczyszczeniami, co gwarantuje niezawodn\u0105 prac\u0119 w trudnych warunkach. Wbudowany system uziemienia (2P+Z) zwi\u0119ksza bezpiecze\u0144stwo u\u017cytkowania, co jest szczeg\u00f3lnie istotne w \u015brodowiskach o podwy\u017cszonym ryzyku. Kompaktowa konstrukcja umo\u017cliwia \u0142atwy monta\u017c w tablicach rozdzielczych, co sprawia, \u017ce instalacja jest szybka i bezproblemowa. Wybieraj\u0105c nasze gniazdo tablicowe, zyskujesz nie tylko funkcjonalno\u015b\u0107, lecz tak\u017ce trwa\u0142o\u015b\u0107 na lata.<\/p>","protected":false},"excerpt":{"rendered":"<div class=\"icons\" style=\"display: flex; flex-wrap: wrap; gap: 5px; align-items: center; margin-top: 10px;\"><img decoding=\"async\" src=\"https:\/\/as-schwabe.de\/wp-content\/uploads\/ikony\/znak_IP54.png\" alt=\"\" width=\"50\" height=\"50\" \/><img decoding=\"async\" src=\"https:\/\/as-schwabe.de\/wp-content\/uploads\/ikony\/znak_PB.png\" alt=\"\" width=\"50\" height=\"50\" \/><img decoding=\"async\" src=\"https:\/\/as-schwabe.de\/wp-content\/uploads\/ikony\/znak_Z.png\" alt=\"\" width=\"50\" height=\"50\" \/><img loading=\"lazy\" decoding=\"async\" src=\"https:\/\/as-schwabe.de\/wp-content\/uploads\/ikony\/znak_D.png\" alt=\"\" width=\"50\" height=\"50\" \/><img loading=\"lazy\" decoding=\"async\" src=\"https:\/\/as-schwabe.de\/wp-content\/uploads\/ikony\/znak_DE.png\" alt=\"\" width=\"50\" height=\"40\" \/><\/div>\n<ul>\n<li>gniazdo do wbudowania z uziemieniem \u2013 tablicowe <\/li>\n<li>niebieskie <\/li>\n<li>dopuszczone do stosowania na budowach i w rolnictwie <\/li>\n<li>produkt wysokiej jako\u015bci \u201eMade in Germany\u201d <\/li>\n<li>rozmiar: 50&#215;50 mm <\/li>\n<li>rozstaw otwor\u00f3w monta\u017cowych: 38mm <\/li>\n<li>IP54: odporny na kurz i zachlapania <\/li>\n<li>230 V, 16 A<\/li>\n<\/ul>","protected":false},"featured_media":30065,"template":"","meta":{"inline_featured_image":false},"genre":[509],"product_cat":[523,552],"product_tag":[],"class_list":{"0":"post-30808","1":"product","2":"type-product","3":"status-publish","4":"has-post-thumbnail","6":"product_brand-as-schwabe-pl","7":"product_cat-produkty-do-samodzielnego-montazu-pl","8":"product_cat-gniazda-i-rozgaleziacze-gniazd-pl","10":"first","11":"instock","12":"shipping-taxable","13":"product-type-simple"},"aioseo_notices":[],"_links":{"self":[{"href":"https:\/\/as-schwabe.de\/pl\/wp-json\/wp\/v2\/product\/30808","targetHints":{"allow":["GET"]}}],"collection":[{"href":"https:\/\/as-schwabe.de\/pl\/wp-json\/wp\/v2\/product"}],"about":[{"href":"https:\/\/as-schwabe.de\/pl\/wp-json\/wp\/v2\/types\/product"}],"version-history":[{"count":0,"href":"https:\/\/as-schwabe.de\/pl\/wp-json\/wp\/v2\/product\/30808\/revisions"}],"wp:featuredmedia":[{"embeddable":true,"href":"https:\/\/as-schwabe.de\/pl\/wp-json\/wp\/v2\/media\/30065"}],"wp:attachment":[{"href":"https:\/\/as-schwabe.de\/pl\/wp-json\/wp\/v2\/media?parent=30808"}],"wp:term":[{"taxonomy":"product_brand","embeddable":true,"href":"https:\/\/as-schwabe.de\/pl\/wp-json\/wp\/v2\/genre?post=30808"},{"taxonomy":"product_cat","embeddable":true,"href":"https:\/\/as-schwabe.de\/pl\/wp-json\/wp\/v2\/product_cat?post=30808"},{"taxonomy":"product_tag","embeddable":true,"href":"https:\/\/as-schwabe.de\/pl\/wp-json\/wp\/v2\/product_tag?post=30808"}],"curies":[{"name":"wp","href":"https:\/\/api.w.org\/{rel}","templated":true}]}}