{"id":30801,"date":"2025-09-26T23:02:56","date_gmt":"2025-09-26T23:02:56","guid":{"rendered":"https:\/\/as-schwabe.de\/produkt\/gniazdo-tablicowe-do-wbudowania-230-v-16-a-2pz-cze-45080\/"},"modified":"2025-10-23T00:14:33","modified_gmt":"2025-10-23T00:14:33","slug":"gniazdo-tablicowe-do-wbudowania-230-v-16-a-2pz-cze-45080","status":"publish","type":"product","link":"https:\/\/as-schwabe.de\/pl\/produkt\/gniazdo-tablicowe-do-wbudowania-230-v-16-a-2pz-cze-45080\/","title":{"rendered":"Gniazdo tablicowe do wbudowania 230 V, 16 A 2P+Z CZE-CZA IP54 | 45080"},"content":{"rendered":"<p>Gniazdo tablicowe do wbudowania 230 V, 16 A, 2P+Z w kolorze czerwonym to niezawodne rozwi\u0105zanie przeznaczone do u\u017cytku na zewn\u0105trz i na budowie. Oferuje stopie\u0144 ochrony IP54, co zapewnia skuteczn\u0105 ochron\u0119 przed kurzem oraz wod\u0105, czyni\u0105c je idealnym wyborem w trudnych warunkach atmosferycznych. Dzi\u0119ki zastosowaniu standardu 2P+Z, gniazdo gwarantuje wysoki poziom bezpiecze\u0144stwa oraz stabilne po\u0142\u0105czenie elektryczne. Produkty tego typu charakteryzuj\u0105 si\u0119 \u0142atwym monta\u017cem i wysok\u0105 odporno\u015bci\u0105 na uszkodzenia mechaniczne, co zwi\u0119ksza ich trwa\u0142o\u015b\u0107 w intensywnym u\u017cytkowaniu. Wyb\u00f3r gniazda tablicowego 230 V, 16 A to inwestycja w komfort i bezpiecze\u0144stwo pracy w ka\u017cdym miejscu budowy.<\/p>","protected":false},"excerpt":{"rendered":"<div class=\"icons\" style=\"display: flex; flex-wrap: wrap; gap: 5px; align-items: center; margin-top: 10px;\"><img decoding=\"async\" src=\"https:\/\/as-schwabe.de\/wp-content\/uploads\/ikony\/znak_IP54.png\" alt=\"\" width=\"50\" height=\"50\" \/><img decoding=\"async\" src=\"https:\/\/as-schwabe.de\/wp-content\/uploads\/ikony\/znak_PB.png\" alt=\"\" width=\"50\" height=\"50\" \/><img decoding=\"async\" src=\"https:\/\/as-schwabe.de\/wp-content\/uploads\/ikony\/znak_Z.png\" alt=\"\" width=\"50\" height=\"50\" \/><img loading=\"lazy\" decoding=\"async\" src=\"https:\/\/as-schwabe.de\/wp-content\/uploads\/ikony\/znak_D.png\" alt=\"\" width=\"50\" height=\"50\" \/><img loading=\"lazy\" decoding=\"async\" src=\"https:\/\/as-schwabe.de\/wp-content\/uploads\/ikony\/znak_DE.png\" alt=\"\" width=\"50\" height=\"40\" \/><\/div>\n<ul>\n<li>gniazdo do wbudowania z uziemieniem \u2013 tablicowe <\/li>\n<li>czerwone <\/li>\n<li>dopuszczone do stosowania na budowach i w rolnictwie <\/li>\n<li>produkt wysokiej jako\u015bci \u201eMade in Germany\u201d <\/li>\n<li>rozmiar: 50&#215;50 mm <\/li>\n<li>rozstaw otwor\u00f3w monta\u017cowych: 38mm <\/li>\n<li>IP54: odporny na kurz i zachlapania <\/li>\n<li>230 V, 16 A<\/li>\n<\/ul>","protected":false},"featured_media":30046,"template":"","meta":{"inline_featured_image":false},"genre":[509],"product_cat":[523,552],"product_tag":[],"class_list":{"0":"post-30801","1":"product","2":"type-product","3":"status-publish","4":"has-post-thumbnail","6":"product_brand-as-schwabe-pl","7":"product_cat-produkty-do-samodzielnego-montazu-pl","8":"product_cat-gniazda-i-rozgaleziacze-gniazd-pl","10":"first","11":"instock","12":"shipping-taxable","13":"product-type-simple"},"aioseo_notices":[],"_links":{"self":[{"href":"https:\/\/as-schwabe.de\/pl\/wp-json\/wp\/v2\/product\/30801","targetHints":{"allow":["GET"]}}],"collection":[{"href":"https:\/\/as-schwabe.de\/pl\/wp-json\/wp\/v2\/product"}],"about":[{"href":"https:\/\/as-schwabe.de\/pl\/wp-json\/wp\/v2\/types\/product"}],"version-history":[{"count":0,"href":"https:\/\/as-schwabe.de\/pl\/wp-json\/wp\/v2\/product\/30801\/revisions"}],"wp:featuredmedia":[{"embeddable":true,"href":"https:\/\/as-schwabe.de\/pl\/wp-json\/wp\/v2\/media\/30046"}],"wp:attachment":[{"href":"https:\/\/as-schwabe.de\/pl\/wp-json\/wp\/v2\/media?parent=30801"}],"wp:term":[{"taxonomy":"product_brand","embeddable":true,"href":"https:\/\/as-schwabe.de\/pl\/wp-json\/wp\/v2\/genre?post=30801"},{"taxonomy":"product_cat","embeddable":true,"href":"https:\/\/as-schwabe.de\/pl\/wp-json\/wp\/v2\/product_cat?post=30801"},{"taxonomy":"product_tag","embeddable":true,"href":"https:\/\/as-schwabe.de\/pl\/wp-json\/wp\/v2\/product_tag?post=30801"}],"curies":[{"name":"wp","href":"https:\/\/api.w.org\/{rel}","templated":true}]}}