{"id":15445,"date":"2025-09-25T17:53:18","date_gmt":"2025-09-25T17:53:18","guid":{"rendered":"https:\/\/as-schwabe.de\/produkt\/adapter-gniazdo-wtyczka-z-wlacznikiem-45037\/"},"modified":"2025-10-23T00:14:31","modified_gmt":"2025-10-23T00:14:31","slug":"adapter-gniazdo-wtyczka-z-wlacznikiem-45037","status":"publish","type":"product","link":"https:\/\/as-schwabe.de\/pl\/produkt\/adapter-gniazdo-wtyczka-z-wlacznikiem-45037\/","title":{"rendered":"Adapter gniazdo-wtyczka z w\u0142\u0105cznikiem | 45037"},"content":{"rendered":"<p>Adapter gniazdo-wtyczka z w\u0142\u0105cznikiem to niezawodne rozwi\u0105zanie dla u\u017cytkownik\u00f3w poszukuj\u0105cych praktyczno\u015bci i wygody w codziennym u\u017cytkowaniu sprz\u0119tu elektrycznego. Wyposa\u017cony w jednofazowy w\u0142\u0105cznik (1P), umo\u017cliwia \u0142atwe w\u0142\u0105czanie i wy\u0142\u0105czanie pod\u0142\u0105czonych urz\u0105dze\u0144, co przyczynia si\u0119 do oszcz\u0119dno\u015bci energii. Adapter obs\u0142uguje napi\u0119cie maksymalne do 230 V, a jego zdolno\u015b\u0107 do pracy przy obci\u0105\u017ceniu do 16 A (3500 W) sprawia, \u017ce jest idealny do zasilania r\u00f3\u017cnorodnych urz\u0105dze\u0144 w warunkach domowych. Dodatkowo, dzi\u0119ki klasie ochrony IP20, produkt przeznaczony jest wy\u0142\u0105cznie do u\u017cytku wewn\u0119trznego, co zapewnia bezpiecze\u0144stwo w u\u017cytkowaniu. To rozwi\u0105zanie \u0142\u0105czy w sobie funkcjonalno\u015b\u0107 z wysok\u0105 jako\u015bci\u0105 wykonania, spe\u0142niaj\u0105c oczekiwania najbardziej wymagaj\u0105cych u\u017cytkownik\u00f3w.<\/p>","protected":false},"excerpt":{"rendered":"<div class=\"icons\" style=\"display: flex; flex-wrap: wrap; gap: 5px; align-items: center; margin-top: 10px;\"><img decoding=\"async\" src=\"https:\/\/as-schwabe.de\/wp-content\/uploads\/ikony\/znak_CE.png\" alt=\"\" width=\"50\" height=\"50\" \/><img decoding=\"async\" src=\"https:\/\/as-schwabe.de\/wp-content\/uploads\/ikony\/znak_IP20.png\" alt=\"\" width=\"50\" height=\"50\" \/><img decoding=\"async\" src=\"https:\/\/as-schwabe.de\/wp-content\/uploads\/ikony\/znak_D.png\" alt=\"\" width=\"50\" height=\"50\" \/><\/div>\n<ul>\n<li>gniazdo-wtyczka z w\u0142\u0105cznikiem <\/li>\n<li>brak koszt\u00f3w stand-by urz\u0105dze\u0144 elektrycznych <\/li>\n<li>por\u0119czny i oszcz\u0119dzaj\u0105cy miejsce <\/li>\n<li>\u0142atwy w obs\u0142udze (pod\u0142\u0105cz urz\u0105dzenie i gotowe) <\/li>\n<li>prze\u0142\u0105cznik 1P z lampk\u0105 kontroln\u0105 <\/li>\n<li>z przes\u0142onami tor\u00f3w pr\u0105dowych <\/li>\n<li>230 V, 16 A, maks. 3500 W<\/li>\n<\/ul>","protected":false},"featured_media":34859,"template":"","meta":{"inline_featured_image":false},"genre":[509],"product_cat":[525,526],"product_tag":[],"class_list":{"0":"post-15445","1":"product","2":"type-product","3":"status-publish","4":"has-post-thumbnail","6":"product_brand-as-schwabe-pl","7":"product_cat-dom-i-ogrod-2-pl","8":"product_cat-przedluzacze-listwowe-i-rozgalezniki-pl","10":"first","11":"instock","12":"shipping-taxable","13":"product-type-simple"},"aioseo_notices":[],"_links":{"self":[{"href":"https:\/\/as-schwabe.de\/pl\/wp-json\/wp\/v2\/product\/15445","targetHints":{"allow":["GET"]}}],"collection":[{"href":"https:\/\/as-schwabe.de\/pl\/wp-json\/wp\/v2\/product"}],"about":[{"href":"https:\/\/as-schwabe.de\/pl\/wp-json\/wp\/v2\/types\/product"}],"version-history":[{"count":0,"href":"https:\/\/as-schwabe.de\/pl\/wp-json\/wp\/v2\/product\/15445\/revisions"}],"wp:featuredmedia":[{"embeddable":true,"href":"https:\/\/as-schwabe.de\/pl\/wp-json\/wp\/v2\/media\/34859"}],"wp:attachment":[{"href":"https:\/\/as-schwabe.de\/pl\/wp-json\/wp\/v2\/media?parent=15445"}],"wp:term":[{"taxonomy":"product_brand","embeddable":true,"href":"https:\/\/as-schwabe.de\/pl\/wp-json\/wp\/v2\/genre?post=15445"},{"taxonomy":"product_cat","embeddable":true,"href":"https:\/\/as-schwabe.de\/pl\/wp-json\/wp\/v2\/product_cat?post=15445"},{"taxonomy":"product_tag","embeddable":true,"href":"https:\/\/as-schwabe.de\/pl\/wp-json\/wp\/v2\/product_tag?post=15445"}],"curies":[{"name":"wp","href":"https:\/\/api.w.org\/{rel}","templated":true}]}}