{"id":15437,"date":"2025-09-25T17:53:06","date_gmt":"2025-09-25T17:53:06","guid":{"rendered":"https:\/\/as-schwabe.de\/produkt\/wtyczka-katowa-z-wlacznikiem-nie-podswietlanym-230-v-16-a-45035\/"},"modified":"2025-10-23T00:14:30","modified_gmt":"2025-10-23T00:14:30","slug":"wtyczka-katowa-z-wlacznikiem-nie-podswietlanym-230-v-16-a-45035","status":"publish","type":"product","link":"https:\/\/as-schwabe.de\/pl\/produkt\/wtyczka-katowa-z-wlacznikiem-nie-podswietlanym-230-v-16-a-45035\/","title":{"rendered":"Wtyczka k\u0105towa z w\u0142\u0105cznikiem nie pod\u015bwietlanym 230 V, 16 A, 2P+Z BIA IP20 | 45035"},"content":{"rendered":"<p>Wtyczka k\u0105towa z w\u0142\u0105cznikiem niepod\u015bwietlanym to funkcjonalne rozwi\u0105zanie dla domowych i biurowych instalacji elektrycznych. Przeznaczona do pracy w standardzie 230 V oraz z pr\u0105dem maksymalnym 16 A, oferuje niezawodno\u015b\u0107 i bezpiecze\u0144stwo u\u017cytkowania. Dzi\u0119ki konstrukcji typu 2P+Z oraz zastosowaniu przewod\u00f3w o przekroju do 1,5 mm\u00b2, wtyczka zapewnia wygodne pod\u0142\u0105czenie urz\u0105dze\u0144 wewn\u0119trznych. Klasa szczelno\u015bci IP20 sprawia, \u017ce idealnie nadaje si\u0119 do stosowania w pomieszczeniach, minimalizuj\u0105c ryzyko uszkodze\u0144 spowodowanych kurzem czy wilgoci\u0105. Wbudowany w\u0142\u0105cznik umo\u017cliwia \u0142atwe zarz\u0105dzanie zasilaniem urz\u0105dze\u0144, co podnosi komfort u\u017cytkowania.<\/p>","protected":false},"excerpt":{"rendered":"<div class=\"icons\" style=\"display: flex; flex-wrap: wrap; gap: 5px; align-items: center; margin-top: 10px;\"><img decoding=\"async\" src=\"https:\/\/as-schwabe.de\/wp-content\/uploads\/ikony\/znak_IP20.png\" alt=\"\" width=\"50\" height=\"50\" \/><img decoding=\"async\" src=\"https:\/\/as-schwabe.de\/wp-content\/uploads\/ikony\/znak_D.png\" alt=\"\" width=\"50\" height=\"50\" \/><\/div>\n<ul>\n<li>wtyczka k\u0105towa z wy\u0142\u0105cznikiem <\/li>\n<li>do u\u017cytku w pomieszczeniach <\/li>\n<li>z podw\u00f3jnym systemem styk\u00f3w ochronnych <\/li>\n<li>do pod\u0142\u0105czenia przewod\u00f3w o \u015brednicy maks. 1,5 mm2 <\/li>\n<li>wy\u0142\u0105cznik 2P bez pod\u015bwietlenia <\/li>\n<li>IP20 <\/li>\n<li>230 V, 16 A<\/li>\n<\/ul>","protected":false},"featured_media":30021,"template":"","meta":{"inline_featured_image":false},"genre":[509],"product_cat":[523,524],"product_tag":[],"class_list":{"0":"post-15437","1":"product","2":"type-product","3":"status-publish","4":"has-post-thumbnail","6":"product_brand-as-schwabe-pl","7":"product_cat-produkty-do-samodzielnego-montazu-pl","8":"product_cat-wtyczki-i-gniazda-z-uziemieniem-pl","10":"first","11":"instock","12":"shipping-taxable","13":"product-type-simple"},"aioseo_notices":[],"_links":{"self":[{"href":"https:\/\/as-schwabe.de\/pl\/wp-json\/wp\/v2\/product\/15437","targetHints":{"allow":["GET"]}}],"collection":[{"href":"https:\/\/as-schwabe.de\/pl\/wp-json\/wp\/v2\/product"}],"about":[{"href":"https:\/\/as-schwabe.de\/pl\/wp-json\/wp\/v2\/types\/product"}],"version-history":[{"count":0,"href":"https:\/\/as-schwabe.de\/pl\/wp-json\/wp\/v2\/product\/15437\/revisions"}],"wp:featuredmedia":[{"embeddable":true,"href":"https:\/\/as-schwabe.de\/pl\/wp-json\/wp\/v2\/media\/30021"}],"wp:attachment":[{"href":"https:\/\/as-schwabe.de\/pl\/wp-json\/wp\/v2\/media?parent=15437"}],"wp:term":[{"taxonomy":"product_brand","embeddable":true,"href":"https:\/\/as-schwabe.de\/pl\/wp-json\/wp\/v2\/genre?post=15437"},{"taxonomy":"product_cat","embeddable":true,"href":"https:\/\/as-schwabe.de\/pl\/wp-json\/wp\/v2\/product_cat?post=15437"},{"taxonomy":"product_tag","embeddable":true,"href":"https:\/\/as-schwabe.de\/pl\/wp-json\/wp\/v2\/product_tag?post=15437"}],"curies":[{"name":"wp","href":"https:\/\/api.w.org\/{rel}","templated":true}]}}