{"id":15430,"date":"2025-09-25T17:52:57","date_gmt":"2025-09-25T17:52:57","guid":{"rendered":"https:\/\/as-schwabe.de\/produkt\/wtyczka-katowa-z-wlacznikiem-podswietlanym-230-v-16-a-45034\/"},"modified":"2025-10-23T00:14:29","modified_gmt":"2025-10-23T00:14:29","slug":"wtyczka-katowa-z-wlacznikiem-podswietlanym-230-v-16-a-45034","status":"publish","type":"product","link":"https:\/\/as-schwabe.de\/pl\/produkt\/wtyczka-katowa-z-wlacznikiem-podswietlanym-230-v-16-a-45034\/","title":{"rendered":"Wtyczka k\u0105towa z w\u0142\u0105cznikiem pod\u015bwietlanym 230 V, 16 A, 2P+Z BIA IP20 | 45034"},"content":{"rendered":"<p>Wtyczka k\u0105towa z w\u0142\u0105cznikiem pod\u015bwietlanym 230 V, 16 A, 2P+Z w kolorze bia\u0142ym to niezawodne rozwi\u0105zanie do u\u017cytku wewn\u0119trznego, idealne do wszelkiego rodzaju urz\u0105dze\u0144 elektrycznych o maksymalnym przekroju przewodu 1,5 mm\u00b2. Dzi\u0119ki stopniowi ochrony IP20, produkt zapewnia bezpiecze\u0144stwo i komfort u\u017cytkowania w suchych pomieszczeniach. Pod\u015bwietlany w\u0142\u0105cznik umo\u017cliwia \u0142atwe zlokalizowanie urz\u0105dzenia w ciemno\u015bci, co zwi\u0119ksza wygod\u0119 u\u017cytkowania. Wysoka jako\u015b\u0107 wykonania oraz solidna konstrukcja gwarantuj\u0105 d\u0142ugotrwa\u0142e i bezawaryjne dzia\u0142anie. Wtyczka jest doskona\u0142ym wyborem dla os\u00f3b ceni\u0105cych funkcjonalno\u015b\u0107 oraz estetyk\u0119 w swoim otoczeniu.<\/p>","protected":false},"excerpt":{"rendered":"<div class=\"icons\" style=\"display: flex; flex-wrap: wrap; gap: 5px; align-items: center; margin-top: 10px;\"><img decoding=\"async\" src=\"https:\/\/as-schwabe.de\/wp-content\/uploads\/ikony\/znak_IP20.png\" alt=\"\" width=\"50\" height=\"50\" \/><img decoding=\"async\" src=\"https:\/\/as-schwabe.de\/wp-content\/uploads\/ikony\/znak_D.png\" alt=\"\" width=\"50\" height=\"50\" \/><\/div>\n<ul>\n<li>wtyczka k\u0105towa z wy\u0142\u0105cznikiem <\/li>\n<li>do u\u017cytku w pomieszczeniach <\/li>\n<li>z podw\u00f3jnym systemem styk\u00f3w ochronnych <\/li>\n<li>do pod\u0142\u0105czenia przewod\u00f3w o \u015brednicy maks. 1,5 mm2 <\/li>\n<li>wy\u0142\u0105cznik 2P z pod\u015bwietleniem <\/li>\n<li>IP20 <\/li>\n<li>230 V, 16 A<\/li>\n<\/ul>","protected":false},"featured_media":30019,"template":"","meta":{"inline_featured_image":false},"genre":[509],"product_cat":[523,524],"product_tag":[],"class_list":{"0":"post-15430","1":"product","2":"type-product","3":"status-publish","4":"has-post-thumbnail","6":"product_brand-as-schwabe-pl","7":"product_cat-produkty-do-samodzielnego-montazu-pl","8":"product_cat-wtyczki-i-gniazda-z-uziemieniem-pl","10":"first","11":"instock","12":"shipping-taxable","13":"product-type-simple"},"aioseo_notices":[],"_links":{"self":[{"href":"https:\/\/as-schwabe.de\/pl\/wp-json\/wp\/v2\/product\/15430","targetHints":{"allow":["GET"]}}],"collection":[{"href":"https:\/\/as-schwabe.de\/pl\/wp-json\/wp\/v2\/product"}],"about":[{"href":"https:\/\/as-schwabe.de\/pl\/wp-json\/wp\/v2\/types\/product"}],"version-history":[{"count":0,"href":"https:\/\/as-schwabe.de\/pl\/wp-json\/wp\/v2\/product\/15430\/revisions"}],"wp:featuredmedia":[{"embeddable":true,"href":"https:\/\/as-schwabe.de\/pl\/wp-json\/wp\/v2\/media\/30019"}],"wp:attachment":[{"href":"https:\/\/as-schwabe.de\/pl\/wp-json\/wp\/v2\/media?parent=15430"}],"wp:term":[{"taxonomy":"product_brand","embeddable":true,"href":"https:\/\/as-schwabe.de\/pl\/wp-json\/wp\/v2\/genre?post=15430"},{"taxonomy":"product_cat","embeddable":true,"href":"https:\/\/as-schwabe.de\/pl\/wp-json\/wp\/v2\/product_cat?post=15430"},{"taxonomy":"product_tag","embeddable":true,"href":"https:\/\/as-schwabe.de\/pl\/wp-json\/wp\/v2\/product_tag?post=15430"}],"curies":[{"name":"wp","href":"https:\/\/api.w.org\/{rel}","templated":true}]}}