{"id":15419,"date":"2025-09-25T17:52:46","date_gmt":"2025-09-25T17:52:46","guid":{"rendered":"https:\/\/as-schwabe.de\/produkt\/wtyczka-katowa-z-tworzywa-ultraplaska-230-v-16-a-bia-45030\/"},"modified":"2025-10-23T00:14:28","modified_gmt":"2025-10-23T00:14:28","slug":"wtyczka-katowa-z-tworzywa-ultraplaska-230-v-16-a-bia-45030","status":"publish","type":"product","link":"https:\/\/as-schwabe.de\/pl\/produkt\/wtyczka-katowa-z-tworzywa-ultraplaska-230-v-16-a-bia-45030\/","title":{"rendered":"Wtyczka k\u0105towa z tworzywa Ultra p\u0142aska 230 V, 16 A, 2P+Z BIA IP20 | 45030"},"content":{"rendered":"<p>Wtyczka k\u0105towa z tworzywa Ultra p\u0142aska 230 V to idealne rozwi\u0105zanie dla os\u00f3b poszukuj\u0105cych funkcjonalno\u015bci w kompaktowej formie. Oferuj\u0105c maksymalne obci\u0105\u017cenie wynosz\u0105ce 16 A oraz obs\u0142uguj\u0105c przewody o przekroju do 1,5 mm\u00b2, wtyczka spe\u0142nia wymagania wi\u0119kszo\u015bci domowych urz\u0105dze\u0144 elektrycznych. Dzi\u0119ki wysoko\u015bci zaledwie 7 mm po zamontowaniu w gniazdzie, oszcz\u0119dza cenn\u0105 przestrze\u0144, co czyni j\u0105 idealnym wyborem do w\u0105skich lub trudno dost\u0119pnych miejsc. Wyr\u00f3\u017cnia si\u0119 stopniem ochrony IP20, co pozwala na jej u\u017cycie wy\u0142\u0105cznie wewn\u0105trz pomieszcze\u0144, zapewniaj\u0105c jednocze\u015bnie niezawodno\u015b\u0107 i bezpiecze\u0144stwo. Wybierz wtyczk\u0119 Ultra, aby cieszy\u0107 si\u0119 estetycznym oraz praktycznym rozwi\u0105zaniem w swojej przestrzeni domowej.<\/p>","protected":false},"excerpt":{"rendered":"<div class=\"icons\" style=\"display: flex; flex-wrap: wrap; gap: 5px; align-items: center; margin-top: 10px;\"><img decoding=\"async\" src=\"https:\/\/as-schwabe.de\/wp-content\/uploads\/ikony\/znak_IP20.png\" alt=\"\" width=\"50\" height=\"50\" \/><img decoding=\"async\" src=\"https:\/\/as-schwabe.de\/wp-content\/uploads\/ikony\/znak_D.png\" alt=\"\" width=\"50\" height=\"50\" \/><\/div>\n<ul>\n<li>wtyczka k\u0105towa ultra p\u0142askie do u\u017cytku wewn\u0119trznego <\/li>\n<li>do u\u017cytku w pomieszczeniach <\/li>\n<li>z podw\u00f3jnym systemem styk\u00f3w ochronnych <\/li>\n<li>do pod\u0142\u0105czenia przewod\u00f3w o \u015brednicy maks. 1,5 mm2 <\/li>\n<li>z rozk\u0142adanym uchwytem do wyjmowania wtyczki z gniazda <\/li>\n<li>wyj\u0105tkowo p\u0142aska, wystaje z gniazda jedynie na 7 mm <\/li>\n<li>IP20 <\/li>\n<li>230 V, 16 A<\/li>\n<\/ul>","protected":false},"featured_media":30016,"template":"","meta":{"inline_featured_image":false},"genre":[509],"product_cat":[523,524],"product_tag":[],"class_list":{"0":"post-15419","1":"product","2":"type-product","3":"status-publish","4":"has-post-thumbnail","6":"product_brand-as-schwabe-pl","7":"product_cat-produkty-do-samodzielnego-montazu-pl","8":"product_cat-wtyczki-i-gniazda-z-uziemieniem-pl","10":"first","11":"instock","12":"shipping-taxable","13":"product-type-simple"},"aioseo_notices":[],"_links":{"self":[{"href":"https:\/\/as-schwabe.de\/pl\/wp-json\/wp\/v2\/product\/15419","targetHints":{"allow":["GET"]}}],"collection":[{"href":"https:\/\/as-schwabe.de\/pl\/wp-json\/wp\/v2\/product"}],"about":[{"href":"https:\/\/as-schwabe.de\/pl\/wp-json\/wp\/v2\/types\/product"}],"version-history":[{"count":0,"href":"https:\/\/as-schwabe.de\/pl\/wp-json\/wp\/v2\/product\/15419\/revisions"}],"wp:featuredmedia":[{"embeddable":true,"href":"https:\/\/as-schwabe.de\/pl\/wp-json\/wp\/v2\/media\/30016"}],"wp:attachment":[{"href":"https:\/\/as-schwabe.de\/pl\/wp-json\/wp\/v2\/media?parent=15419"}],"wp:term":[{"taxonomy":"product_brand","embeddable":true,"href":"https:\/\/as-schwabe.de\/pl\/wp-json\/wp\/v2\/genre?post=15419"},{"taxonomy":"product_cat","embeddable":true,"href":"https:\/\/as-schwabe.de\/pl\/wp-json\/wp\/v2\/product_cat?post=15419"},{"taxonomy":"product_tag","embeddable":true,"href":"https:\/\/as-schwabe.de\/pl\/wp-json\/wp\/v2\/product_tag?post=15419"}],"curies":[{"name":"wp","href":"https:\/\/api.w.org\/{rel}","templated":true}]}}