{"id":15402,"date":"2025-09-25T17:52:26","date_gmt":"2025-09-25T17:52:26","guid":{"rendered":"https:\/\/as-schwabe.de\/produkt\/zestaw-indu-3-42832\/"},"modified":"2025-10-23T00:14:27","modified_gmt":"2025-10-23T00:14:27","slug":"zestaw-indu-3-42832","status":"publish","type":"product","link":"https:\/\/as-schwabe.de\/pl\/produkt\/zestaw-indu-3-42832\/","title":{"rendered":"Zestaw INDU 3 &#8211; 1000 lm | 42832"},"content":{"rendered":"<p>Zestaw INDU to kompleksowe rozwi\u0105zanie o\u015bwietleniowe, kt\u00f3re sk\u0142ada si\u0119 z wysokiej jako\u015bci latarki r\u0119cznej LED 10 W oraz funkcjonalnej lampy roboczej LED 3+7 W, a tak\u017ce innowacyjnej indukcyjnej stacji \u0142adowania. Latarka r\u0119czna, zasilana wbudowanym akumulatorem Li-Ion 2600 mAh, oferuje cztery poziomy \u015bwiecenia (5, 30, 400, 1000 lm) przy temperaturze barwowej 6500K, co pozwala na dostosowanie intensywno\u015bci \u015bwiat\u0142a do r\u00f3\u017cnych potrzeb. Lampa robocza, r\u00f3wnie\u017c wyposa\u017cona w akumulator Li-Ion o tej samej pojemno\u015bci, dysponuje funkcj\u0105 regulacji wspornika o 180\u00b0 oraz wbudowanym magnesem w podstawie, co sprawia, \u017ce jest idealnym narz\u0119dziem do pracy w r\u00f3\u017cnych warunkach. Stacja \u0142adowania indukcyjnego umo\u017cliwia szybkie \u0142adowanie urz\u0105dze\u0144, a dodatkowa kiesze\u0144 na telefon kom\u00f3rkowy zwi\u0119ksza jej funkcjonalno\u015b\u0107. Zestaw INDU, spe\u0142niaj\u0105cy norm\u0119 IP20, przeznaczony jest do u\u017cytku wewn\u0119trznego, co czyni go niezast\u0105pionym rozwi\u0105zaniem dla profesjonalist\u00f3w i majsterkowicz\u00f3w.<\/p>","protected":false},"excerpt":{"rendered":"<div class=\"icons\" style=\"display: flex; flex-wrap: wrap; gap: 5px; align-items: center; margin-top: 10px;\"><img decoding=\"async\" src=\"https:\/\/as-schwabe.de\/wp-content\/uploads\/ikony\/znak_CE.png\" alt=\"\" width=\"50\" height=\"50\" \/><img decoding=\"async\" src=\"https:\/\/as-schwabe.de\/wp-content\/uploads\/ikony\/znak_IP20.png\" alt=\"\" width=\"50\" height=\"50\" \/><img decoding=\"async\" src=\"https:\/\/as-schwabe.de\/wp-content\/uploads\/ikony\/znak_LED.png\" alt=\"\" width=\"50\" height=\"50\" \/><img loading=\"lazy\" decoding=\"async\" src=\"https:\/\/as-schwabe.de\/wp-content\/uploads\/ikony\/znak_PB.png\" alt=\"\" width=\"50\" height=\"50\" \/><img loading=\"lazy\" decoding=\"async\" src=\"https:\/\/as-schwabe.de\/wp-content\/uploads\/ikony\/znak_Z.png\" alt=\"\" width=\"50\" height=\"50\" \/><img loading=\"lazy\" decoding=\"async\" src=\"https:\/\/as-schwabe.de\/wp-content\/uploads\/ikony\/znak_D.png\" alt=\"\" width=\"50\" height=\"50\" \/><\/div>\n<ul>\n<li>Zestawy lamp roboczych LED ze stacj\u0105 \u0142adowania indukcyjnego <\/li>\n<li>z dwiema 10-watowymi \u0142adowarkami (zestaw INDU 3) <\/li>\n<li>obudowa z bardzo silnym magnesem do mocowania na metalowych powierzchniach lub z otworami do monta\u017cu na \u015bcianie <\/li>\n<li>magnesy z przodu utrzymuj\u0105 reflektor i\/lub lampk\u0119 r\u0119czn\u0105 na stacji \u0142aduj\u0105cej podczas procesu \u0142adowania <\/li>\n<li>dodatkowa, rozk\u0142adana komora \u0142aduj\u0105ca do \u0142adowania telefon\u00f3w kom\u00f3rkowych obs\u0142uguj\u0105cych technologi\u0119 indukcyjn\u0105 <\/li>\n<li>zawiera kabel \u0142aduj\u0105cy USB typu C z wtyczk\u0105 zasilaj\u0105c\u0105 USB 5 V DC 2 A <\/li>\n<li>IP20: do u\u017cytku wewn\u0105trz pomieszcze\u0144<\/li>\n<\/ul>","protected":false},"featured_media":29990,"template":"","meta":{"inline_featured_image":false},"genre":[509],"product_cat":[547,551],"product_tag":[],"class_list":{"0":"post-15402","1":"product","2":"type-product","3":"status-publish","4":"has-post-thumbnail","6":"product_brand-as-schwabe-pl","7":"product_cat-oswietlenie-2-pl","8":"product_cat-lampy-indukcyjne-pl","10":"first","11":"instock","12":"shipping-taxable","13":"product-type-simple"},"aioseo_notices":[],"_links":{"self":[{"href":"https:\/\/as-schwabe.de\/pl\/wp-json\/wp\/v2\/product\/15402","targetHints":{"allow":["GET"]}}],"collection":[{"href":"https:\/\/as-schwabe.de\/pl\/wp-json\/wp\/v2\/product"}],"about":[{"href":"https:\/\/as-schwabe.de\/pl\/wp-json\/wp\/v2\/types\/product"}],"version-history":[{"count":0,"href":"https:\/\/as-schwabe.de\/pl\/wp-json\/wp\/v2\/product\/15402\/revisions"}],"wp:featuredmedia":[{"embeddable":true,"href":"https:\/\/as-schwabe.de\/pl\/wp-json\/wp\/v2\/media\/29990"}],"wp:attachment":[{"href":"https:\/\/as-schwabe.de\/pl\/wp-json\/wp\/v2\/media?parent=15402"}],"wp:term":[{"taxonomy":"product_brand","embeddable":true,"href":"https:\/\/as-schwabe.de\/pl\/wp-json\/wp\/v2\/genre?post=15402"},{"taxonomy":"product_cat","embeddable":true,"href":"https:\/\/as-schwabe.de\/pl\/wp-json\/wp\/v2\/product_cat?post=15402"},{"taxonomy":"product_tag","embeddable":true,"href":"https:\/\/as-schwabe.de\/pl\/wp-json\/wp\/v2\/product_tag?post=15402"}],"curies":[{"name":"wp","href":"https:\/\/api.w.org\/{rel}","templated":true}]}}