{"id":15387,"date":"2025-09-25T17:51:56","date_gmt":"2025-09-25T17:51:56","guid":{"rendered":"https:\/\/as-schwabe.de\/produkt\/zestaw-indu-1-42830\/"},"modified":"2025-10-23T00:14:26","modified_gmt":"2025-10-23T00:14:26","slug":"zestaw-indu-1-42830","status":"publish","type":"product","link":"https:\/\/as-schwabe.de\/pl\/produkt\/zestaw-indu-1-42830\/","title":{"rendered":"Zestaw INDU 1 &#8211; 670 lm | 42830"},"content":{"rendered":"<p>Zestaw INDU 1 to wszechstronny zestaw, w sk\u0142ad kt\u00f3rego wchodzi lampa robocza LED o mocy 3+7 W oraz indukcyjna stacja \u0142adowania o mocy 10 W. Lampa robocza, zasilana przez wbudowany akumulator Li-Ion 3,7 V 2600 mAh, oferuje cztery poziomy jasno\u015bci (120, 250, 350, 670 lm) oraz ch\u0142odne \u015bwiat\u0142o o temperaturze barwowej 6500K, co sprawia, \u017ce idealnie sprawdzi si\u0119 w r\u00f3\u017cnych warunkach o\u015bwietleniowych. Jej solidna obudowa zapewnia trwa\u0142o\u015b\u0107, a wbudowany magnes oraz regulacja wspornika o 180\u00b0 umo\u017cliwiaj\u0105 \u0142atwe umiejscowienie lampy w wymaganych lokalizacjach. Indukcyjna stacja \u0142adowania mo\u017cna zamontowa\u0107 na \u015bcianie lub przymocowa\u0107 do metalowych powierzchni, dodatkowo wyposa\u017cona jest w kiesze\u0144 do \u0142adowania telefon\u00f3w kom\u00f3rkowych. W zestawie znajduje si\u0119 kabel USB typu C oraz dedykowana \u0142adowarka, co zwi\u0119ksza komfort u\u017cytkowania, a czas \u0142adowania lampy wynosi oko\u0142o 4 godziny przez USB oraz 6 godzin przy u\u017cyciu indukcji. Produkt o klasie szczelno\u015bci IP20 jest przeznaczony do u\u017cytku wewn\u0119trznego, co czyni go idealnym rozwi\u0105zaniem do warsztat\u00f3w, gara\u017cy czy innych przestrzeni roboczych.<\/p>","protected":false},"excerpt":{"rendered":"<div class=\"icons\" style=\"display: flex; flex-wrap: wrap; gap: 5px; align-items: center; margin-top: 10px;\"><img decoding=\"async\" src=\"https:\/\/as-schwabe.de\/wp-content\/uploads\/ikony\/znak_CE.png\" alt=\"\" width=\"50\" height=\"50\" \/><img decoding=\"async\" src=\"https:\/\/as-schwabe.de\/wp-content\/uploads\/ikony\/znak_IP20.png\" alt=\"\" width=\"50\" height=\"50\" \/><img decoding=\"async\" src=\"https:\/\/as-schwabe.de\/wp-content\/uploads\/ikony\/znak_LED.png\" alt=\"\" width=\"50\" height=\"50\" \/><img loading=\"lazy\" decoding=\"async\" src=\"https:\/\/as-schwabe.de\/wp-content\/uploads\/ikony\/znak_PB.png\" alt=\"\" width=\"50\" height=\"50\" \/><img loading=\"lazy\" decoding=\"async\" src=\"https:\/\/as-schwabe.de\/wp-content\/uploads\/ikony\/znak_Z.png\" alt=\"\" width=\"50\" height=\"50\" \/><img loading=\"lazy\" decoding=\"async\" src=\"https:\/\/as-schwabe.de\/wp-content\/uploads\/ikony\/znak_D.png\" alt=\"\" width=\"50\" height=\"50\" \/><\/div>\n<ul>\n<li>Zestawy lamp roboczych LED ze stacj\u0105 \u0142adowania indukcyjnego <\/li>\n<li>stacja \u0142aduj\u0105ca z 10-watow\u0105 \u0142adowark\u0105 (zestaw INDU 1)  <\/li>\n<li>obudowa z bardzo silnym magnesem do mocowania na metalowych powierzchniach lub z otworami do monta\u017cu na \u015bcianie <\/li>\n<li>magnesy z przodu utrzymuj\u0105 reflektor i\/lub lampk\u0119 r\u0119czn\u0105 na stacji \u0142aduj\u0105cej podczas procesu \u0142adowania <\/li>\n<li>dodatkowa, rozk\u0142adana komora \u0142aduj\u0105ca do \u0142adowania telefon\u00f3w kom\u00f3rkowych obs\u0142uguj\u0105cych technologi\u0119 indukcyjn\u0105 <\/li>\n<li>zawiera kabel \u0142aduj\u0105cy USB typu C z wtyczk\u0105 zasilaj\u0105c\u0105 USB 5 V DC 2 A <\/li>\n<li>IP20: do u\u017cytku wewn\u0105trz pomieszcze\u0144<\/li>\n<\/ul>","protected":false},"featured_media":29987,"template":"","meta":{"inline_featured_image":false},"genre":[509],"product_cat":[547,551],"product_tag":[],"class_list":{"0":"post-15387","1":"product","2":"type-product","3":"status-publish","4":"has-post-thumbnail","6":"product_brand-as-schwabe-pl","7":"product_cat-oswietlenie-2-pl","8":"product_cat-lampy-indukcyjne-pl","10":"first","11":"instock","12":"shipping-taxable","13":"product-type-simple"},"aioseo_notices":[],"_links":{"self":[{"href":"https:\/\/as-schwabe.de\/pl\/wp-json\/wp\/v2\/product\/15387","targetHints":{"allow":["GET"]}}],"collection":[{"href":"https:\/\/as-schwabe.de\/pl\/wp-json\/wp\/v2\/product"}],"about":[{"href":"https:\/\/as-schwabe.de\/pl\/wp-json\/wp\/v2\/types\/product"}],"version-history":[{"count":0,"href":"https:\/\/as-schwabe.de\/pl\/wp-json\/wp\/v2\/product\/15387\/revisions"}],"wp:featuredmedia":[{"embeddable":true,"href":"https:\/\/as-schwabe.de\/pl\/wp-json\/wp\/v2\/media\/29987"}],"wp:attachment":[{"href":"https:\/\/as-schwabe.de\/pl\/wp-json\/wp\/v2\/media?parent=15387"}],"wp:term":[{"taxonomy":"product_brand","embeddable":true,"href":"https:\/\/as-schwabe.de\/pl\/wp-json\/wp\/v2\/genre?post=15387"},{"taxonomy":"product_cat","embeddable":true,"href":"https:\/\/as-schwabe.de\/pl\/wp-json\/wp\/v2\/product_cat?post=15387"},{"taxonomy":"product_tag","embeddable":true,"href":"https:\/\/as-schwabe.de\/pl\/wp-json\/wp\/v2\/product_tag?post=15387"}],"curies":[{"name":"wp","href":"https:\/\/api.w.org\/{rel}","templated":true}]}}