{"id":15384,"date":"2025-09-25T17:51:51","date_gmt":"2025-09-25T17:51:51","guid":{"rendered":"https:\/\/as-schwabe.de\/produkt\/latarka-czolowa-led-hd200-z-czujnikiem-ruchu-42825\/"},"modified":"2025-10-23T00:14:26","modified_gmt":"2025-10-23T00:14:26","slug":"latarka-czolowa-led-hd200-z-czujnikiem-ruchu-42825","status":"publish","type":"product","link":"https:\/\/as-schwabe.de\/pl\/produkt\/latarka-czolowa-led-hd200-z-czujnikiem-ruchu-42825\/","title":{"rendered":"Latarka czo\u0142owa LED HD200 2 W z czujnikiem ruchu | 42825"},"content":{"rendered":"<p>Latarka czo\u0142owa LED HD200 z czujnikiem ruchu to innowacyjne rozwi\u0105zanie dla os\u00f3b poszukuj\u0105cych wszechstronnego \u017ar\u00f3d\u0142a \u015bwiat\u0142a. Wyposa\u017cona w 2 W diod\u0119 LED COB, oferuje moc \u015bwietln\u0105 200\/100 lumen\u00f3w przy temperaturze barwowej 6500K, co zapewnia doskona\u0142\u0105 widoczno\u015b\u0107 w r\u00f3\u017cnych warunkach. Dzi\u0119ki ultra lekkiej konstrukcji (jedynie 42 g) i regulowanemu k\u0105towi rozsy\u0142u \u015bwiat\u0142a do 120\u00b0, latarka idealnie sprawdzi si\u0119 podczas aktywno\u015bci na \u015bwie\u017cym powietrzu, prac w nocy czy w trudnych warunkach o\u015bwietleniowych. U\u017cytkownicy mog\u0105 korzysta\u0107 z dw\u00f3ch sposob\u00f3w obs\u0142ugi: tradycyjnego w\u0142\u0105cznika lub bezdotykowego czujnika ruchu, co zwi\u0119ksza komfort u\u017cytkowania. Zasilana wbudowanym akumulatorem Li-Ion (3,7 V, 600 mAh), latarka \u0142adowana jest za pomoc\u0105 do\u0142\u0105czonego kabla USB oraz dedykowanej \u0142adowarki 5 V, osi\u0105gaj\u0105c pe\u0142ne na\u0142adowanie w oko\u0142o 2,5 godziny.<\/p>","protected":false},"excerpt":{"rendered":"<div class=\"icons\" style=\"display: flex; flex-wrap: wrap; gap: 5px; align-items: center; margin-top: 10px;\"><img decoding=\"async\" src=\"https:\/\/as-schwabe.de\/wp-content\/uploads\/ikony\/znak_CE.png\" alt=\"\" width=\"50\" height=\"50\" \/><img decoding=\"async\" src=\"https:\/\/as-schwabe.de\/wp-content\/uploads\/ikony\/znak_IP54.png\" alt=\"\" width=\"50\" height=\"50\" \/><img decoding=\"async\" src=\"https:\/\/as-schwabe.de\/wp-content\/uploads\/ikony\/znak_LED.png\" alt=\"\" width=\"50\" height=\"50\" \/><img loading=\"lazy\" decoding=\"async\" src=\"https:\/\/as-schwabe.de\/wp-content\/uploads\/ikony\/znak_PB.png\" alt=\"\" width=\"50\" height=\"50\" \/><img loading=\"lazy\" decoding=\"async\" src=\"https:\/\/as-schwabe.de\/wp-content\/uploads\/ikony\/znak_Z.png\" alt=\"\" width=\"50\" height=\"50\" \/><img loading=\"lazy\" decoding=\"async\" src=\"https:\/\/as-schwabe.de\/wp-content\/uploads\/ikony\/znak_D.png\" alt=\"\" width=\"50\" height=\"50\" \/><\/div>\n<ul>\n<li>Akumulatorowa latarka czo\u0142owa z czujnikiem HD 200 <\/li>\n<li>ze specjalnie opracowan\u0105 diod\u0105 COB LED: \u017cywotno\u015b\u0107 ponad 50 000 h <\/li>\n<li>mo\u017ce by\u0107 sterowana za pomoc\u0105 w\u0142\u0105cznika lub bezdotykowo za pomoc\u0105 czujnika ruchu <\/li>\n<li>z opask\u0105 o regulowanej wielko\u015bci <\/li>\n<li>akumulator Li-Ion 3,7 V. 600 mAh z kontrol\u0105 \u0142adowania <\/li>\n<li>czas \u0142adowania: ok. 2,5 h <\/li>\n<li>k\u0105t rozsy\u0142u \u015bwiat\u0142a: 120\u00b0 <\/li>\n<li>ultralekka: waga \u0142\u0105cznie z opask\u0105 42 g <\/li>\n<li>odporno\u015b\u0107 na uderzenia: IK07 <\/li>\n<li>zawiera kabel do \u0142adowania USB 5 V, 1 A <\/li>\n<li>IP54: odporny na kurz i bryzgi wody<\/li>\n<\/ul>","protected":false},"featured_media":29982,"template":"","meta":{"inline_featured_image":false},"genre":[509],"product_cat":[547],"product_tag":[],"class_list":{"0":"post-15384","1":"product","2":"type-product","3":"status-publish","4":"has-post-thumbnail","6":"product_brand-as-schwabe-pl","7":"product_cat-oswietlenie-2-pl","9":"first","10":"instock","11":"shipping-taxable","12":"product-type-simple"},"aioseo_notices":[],"_links":{"self":[{"href":"https:\/\/as-schwabe.de\/pl\/wp-json\/wp\/v2\/product\/15384","targetHints":{"allow":["GET"]}}],"collection":[{"href":"https:\/\/as-schwabe.de\/pl\/wp-json\/wp\/v2\/product"}],"about":[{"href":"https:\/\/as-schwabe.de\/pl\/wp-json\/wp\/v2\/types\/product"}],"version-history":[{"count":0,"href":"https:\/\/as-schwabe.de\/pl\/wp-json\/wp\/v2\/product\/15384\/revisions"}],"wp:featuredmedia":[{"embeddable":true,"href":"https:\/\/as-schwabe.de\/pl\/wp-json\/wp\/v2\/media\/29982"}],"wp:attachment":[{"href":"https:\/\/as-schwabe.de\/pl\/wp-json\/wp\/v2\/media?parent=15384"}],"wp:term":[{"taxonomy":"product_brand","embeddable":true,"href":"https:\/\/as-schwabe.de\/pl\/wp-json\/wp\/v2\/genre?post=15384"},{"taxonomy":"product_cat","embeddable":true,"href":"https:\/\/as-schwabe.de\/pl\/wp-json\/wp\/v2\/product_cat?post=15384"},{"taxonomy":"product_tag","embeddable":true,"href":"https:\/\/as-schwabe.de\/pl\/wp-json\/wp\/v2\/product_tag?post=15384"}],"curies":[{"name":"wp","href":"https:\/\/api.w.org\/{rel}","templated":true}]}}