{"id":15377,"date":"2025-09-25T17:51:43","date_gmt":"2025-09-25T17:51:43","guid":{"rendered":"https:\/\/as-schwabe.de\/produkt\/lampa-reczna-led-evo-8-42824\/"},"modified":"2025-10-23T00:14:25","modified_gmt":"2025-10-23T00:14:25","slug":"lampa-reczna-led-evo-8-42824","status":"publish","type":"product","link":"https:\/\/as-schwabe.de\/pl\/produkt\/lampa-reczna-led-evo-8-42824\/","title":{"rendered":"Lampa r\u0119czna LED EVO 8 3 W + 1 W &#8211; 500 lm | 42824"},"content":{"rendered":"<p>Lampa r\u0119czna LED EVO 8 to innowacyjne \u017ar\u00f3d\u0142o \u015bwiat\u0142a, kt\u00f3re \u0142\u0105czy w sobie moc 3 W diody LED COB oraz dodatkow\u0105 1 W diod\u0119 LED SMD, oferuj\u0105c maksymaln\u0105 moc \u015bwietln\u0105 na poziomie 500 lumen\u00f3w. Dzi\u0119ki bardzo w\u0105skiej ruchomej g\u0142owicy, regulowanej o 270\u00b0, lampa doskonale sprawdzi si\u0119 w trudnodost\u0119pnych miejscach, zapewniaj\u0105c precyzyjne o\u015bwietlenie. Obudowa wykonana z trwa\u0142ego ABS, pokryta gum\u0105, gwarantuje odporno\u015b\u0107 na uszkodzenia, a wbudowany magnes w podstawie umo\u017cliwia wygodne mocowanie do metalowych powierzchni. Lampa oferuje trzy poziomy \u015bwiecenia (punktowe, 50% i 100%), co pozwala na dostosowanie intensywno\u015bci \u015bwiat\u0142a do indywidualnych potrzeb u\u017cytkownika. Czas \u0142adowania wynosi oko\u0142o 4,5 godziny, a w zestawie znajduje si\u0119 kabel USB oraz dedykowana \u0142adowarka, co zapewnia wygod\u0119 u\u017cytkowania.<\/p>","protected":false},"excerpt":{"rendered":"<div class=\"icons\" style=\"display: flex; flex-wrap: wrap; gap: 5px; align-items: center; margin-top: 10px;\"><img decoding=\"async\" src=\"https:\/\/as-schwabe.de\/wp-content\/uploads\/ikony\/znak_CE.png\" alt=\"\" width=\"50\" height=\"50\" \/><img decoding=\"async\" src=\"https:\/\/as-schwabe.de\/wp-content\/uploads\/ikony\/znak_IP20.png\" alt=\"\" width=\"50\" height=\"50\" \/><img decoding=\"async\" src=\"https:\/\/as-schwabe.de\/wp-content\/uploads\/ikony\/znak_LED.png\" alt=\"\" width=\"50\" height=\"50\" \/><img loading=\"lazy\" decoding=\"async\" src=\"https:\/\/as-schwabe.de\/wp-content\/uploads\/ikony\/znak_D.png\" alt=\"\" width=\"50\" height=\"50\" \/><\/div>\n<ul>\n<li>Akumulatorowa lampa inspekcyjna LED EVO 8 <\/li>\n<li>obudowa pokryta gum\u0105 <\/li>\n<li>elastyczne zastosowanie, g\u0142owic\u0119 mo\u017cna obraca\u0107 o 270\u00b0 <\/li>\n<li>ze specjalnie opracowan\u0105 diod\u0105 COB LED: \u017cywotno\u015b\u0107 ponad 50 000 h <\/li>\n<li>dodatkowy reflektor (100 lm) do o\u015bwietlenia punktowego <\/li>\n<li>ze sk\u0142adanym haczykiem i podstaw\u0105 magnetyczn\u0105 <\/li>\n<li>akumulator Li-Ion 3,8 V\/2800 mAh z wbudowanym wska\u017anikiem poziomu na\u0142adowania <\/li>\n<li>czas \u0142adowania: ok. 4,5 h <\/li>\n<li>w zestawie \u0142adowarka USB 5 V, 1 A <\/li>\n<li>mo\u017cliwe s\u0105 4 tryby pracy: <\/li>\n<li>w\u0142\u0105czenie poziom 1 <\/li>\n<li>poziom 2 <\/li>\n<li>reflektor punktowy <\/li>\n<li>wy\u0142\u0105czenie <\/li>\n<li>IP30: chronione przed cia\u0142ami obcymi<\/li>\n<\/ul>","protected":false},"featured_media":29980,"template":"","meta":{"inline_featured_image":false},"genre":[509],"product_cat":[547],"product_tag":[],"class_list":{"0":"post-15377","1":"product","2":"type-product","3":"status-publish","4":"has-post-thumbnail","6":"product_brand-as-schwabe-pl","7":"product_cat-oswietlenie-2-pl","9":"first","10":"instock","11":"shipping-taxable","12":"product-type-simple"},"aioseo_notices":[],"_links":{"self":[{"href":"https:\/\/as-schwabe.de\/pl\/wp-json\/wp\/v2\/product\/15377","targetHints":{"allow":["GET"]}}],"collection":[{"href":"https:\/\/as-schwabe.de\/pl\/wp-json\/wp\/v2\/product"}],"about":[{"href":"https:\/\/as-schwabe.de\/pl\/wp-json\/wp\/v2\/types\/product"}],"version-history":[{"count":0,"href":"https:\/\/as-schwabe.de\/pl\/wp-json\/wp\/v2\/product\/15377\/revisions"}],"wp:featuredmedia":[{"embeddable":true,"href":"https:\/\/as-schwabe.de\/pl\/wp-json\/wp\/v2\/media\/29980"}],"wp:attachment":[{"href":"https:\/\/as-schwabe.de\/pl\/wp-json\/wp\/v2\/media?parent=15377"}],"wp:term":[{"taxonomy":"product_brand","embeddable":true,"href":"https:\/\/as-schwabe.de\/pl\/wp-json\/wp\/v2\/genre?post=15377"},{"taxonomy":"product_cat","embeddable":true,"href":"https:\/\/as-schwabe.de\/pl\/wp-json\/wp\/v2\/product_cat?post=15377"},{"taxonomy":"product_tag","embeddable":true,"href":"https:\/\/as-schwabe.de\/pl\/wp-json\/wp\/v2\/product_tag?post=15377"}],"curies":[{"name":"wp","href":"https:\/\/api.w.org\/{rel}","templated":true}]}}