{"id":15375,"date":"2025-09-25T17:51:42","date_gmt":"2025-09-25T17:51:42","guid":{"rendered":"https:\/\/as-schwabe.de\/produkt\/lampa-akumulatorowa-led-42820\/"},"modified":"2025-10-23T00:14:25","modified_gmt":"2025-10-23T00:14:25","slug":"lampa-akumulatorowa-led-42820","status":"publish","type":"product","link":"https:\/\/as-schwabe.de\/pl\/produkt\/lampa-akumulatorowa-led-42820\/","title":{"rendered":"Lampa akumulatorowa LED 2 W &#8211; Action &#8211; 200 lm | 42820"},"content":{"rendered":"<p>Lampa akumulatorowa LED &#8211; model promocyjny to wydajne i wszechstronne \u017ar\u00f3d\u0142o \u015bwiat\u0142a, idealne do u\u017cytku wewn\u0119trznego. Wyposa\u017cona w mocn\u0105 g\u0142owic\u0119 z diod\u0105 LED COB oraz trzema dodatkowymi diodami, oferuje dwa poziomy \u015bwiecenia (punktowe i 100%), co umo\u017cliwia dostosowanie intensywno\u015bci \u015bwiat\u0142a do potrzeb u\u017cytkownika. Zasilana wbudowanym akumulatorem Li-Ion 3,7 V o pojemno\u015bci 2600 mAh, lampa zapewnia moc \u015bwietln\u0105 na poziomie 200\/20 lm z temperatur\u0105 barwow\u0105 6500K. Jej praktyczna obudowa z ABS oraz wbudowany magnes i hak do podwieszania, sprawiaj\u0105, \u017ce lampa idealnie sprawdzi si\u0119 w r\u00f3\u017cnych warunkach u\u017cytkowania. Czas \u0142adowania wynosz\u0105cy oko\u0142o 3 godziny oraz do\u0142\u0105czony kabel USB razem z dedykowan\u0105 \u0142adowark\u0105 5 V, 1 A, zapewniaj\u0105 wygod\u0119 i gotowo\u015b\u0107 do pracy w kr\u00f3tkim czasie.<\/p>","protected":false},"excerpt":{"rendered":"<div class=\"icons\" style=\"display: flex; flex-wrap: wrap; gap: 5px; align-items: center; margin-top: 10px;\"><img decoding=\"async\" src=\"https:\/\/as-schwabe.de\/wp-content\/uploads\/ikony\/znak_CE.png\" alt=\"\" width=\"50\" height=\"50\" \/><img decoding=\"async\" src=\"https:\/\/as-schwabe.de\/wp-content\/uploads\/ikony\/znak_IP20.png\" alt=\"\" width=\"50\" height=\"50\" \/><img decoding=\"async\" src=\"https:\/\/as-schwabe.de\/wp-content\/uploads\/ikony\/znak_LED.png\" alt=\"\" width=\"50\" height=\"50\" \/><img loading=\"lazy\" decoding=\"async\" src=\"https:\/\/as-schwabe.de\/wp-content\/uploads\/ikony\/znak_D.png\" alt=\"\" width=\"50\" height=\"50\" \/><\/div>\n<ul>\n<li>Akumulatorowa lampa LED <\/li>\n<li>specjalna dioda paskowa COB LED i 3 dodatkowe diody LED w g\u0142owicy lampy <\/li>\n<li>obudowa pokryta gum\u0105, ze sk\u0142adanym haczykiem do zawieszenia i 4 magnesami z ty\u0142u <\/li>\n<li>akumulator Li-Ion 3,7 V, 2000 mAh z wbudowanym wska\u017anikiem poziomu na\u0142adowania <\/li>\n<li>czas \u0142adowania: ok. 3 h <\/li>\n<li>w zestawie \u0142adowarka USB 5 V, 1 A <\/li>\n<li>mo\u017cliwe s\u0105 3 tryby pracy: ON \u2013 tylko g\u0142owica lampy \u2013 OFF <\/li>\n<li>IP20: do u\u017cytku w pomieszczeniach<\/li>\n<\/ul>","protected":false},"featured_media":29973,"template":"","meta":{"inline_featured_image":false},"genre":[509],"product_cat":[547],"product_tag":[],"class_list":{"0":"post-15375","1":"product","2":"type-product","3":"status-publish","4":"has-post-thumbnail","6":"product_brand-as-schwabe-pl","7":"product_cat-oswietlenie-2-pl","9":"first","10":"instock","11":"shipping-taxable","12":"product-type-simple"},"aioseo_notices":[],"_links":{"self":[{"href":"https:\/\/as-schwabe.de\/pl\/wp-json\/wp\/v2\/product\/15375","targetHints":{"allow":["GET"]}}],"collection":[{"href":"https:\/\/as-schwabe.de\/pl\/wp-json\/wp\/v2\/product"}],"about":[{"href":"https:\/\/as-schwabe.de\/pl\/wp-json\/wp\/v2\/types\/product"}],"version-history":[{"count":0,"href":"https:\/\/as-schwabe.de\/pl\/wp-json\/wp\/v2\/product\/15375\/revisions"}],"wp:featuredmedia":[{"embeddable":true,"href":"https:\/\/as-schwabe.de\/pl\/wp-json\/wp\/v2\/media\/29973"}],"wp:attachment":[{"href":"https:\/\/as-schwabe.de\/pl\/wp-json\/wp\/v2\/media?parent=15375"}],"wp:term":[{"taxonomy":"product_brand","embeddable":true,"href":"https:\/\/as-schwabe.de\/pl\/wp-json\/wp\/v2\/genre?post=15375"},{"taxonomy":"product_cat","embeddable":true,"href":"https:\/\/as-schwabe.de\/pl\/wp-json\/wp\/v2\/product_cat?post=15375"},{"taxonomy":"product_tag","embeddable":true,"href":"https:\/\/as-schwabe.de\/pl\/wp-json\/wp\/v2\/product_tag?post=15375"}],"curies":[{"name":"wp","href":"https:\/\/api.w.org\/{rel}","templated":true}]}}