{"id":15369,"date":"2025-09-25T17:51:38","date_gmt":"2025-09-25T17:51:38","guid":{"rendered":"https:\/\/as-schwabe.de\/produkt\/lampa-reczna-led-evo-6-42810\/"},"modified":"2025-10-23T00:14:24","modified_gmt":"2025-10-23T00:14:24","slug":"lampa-reczna-led-evo-6-42810","status":"publish","type":"product","link":"https:\/\/as-schwabe.de\/pl\/produkt\/lampa-reczna-led-evo-6-42810\/","title":{"rendered":"Lampa r\u0119czna LED EVO 6 6 W + 3 W &#8211; 620 lm | 42810"},"content":{"rendered":"<p>Lampa r\u0119czna LED EVO 6 to zaawansowane narz\u0119dzie o mocnej konstrukcji i wszechstronnych funkcjonalno\u015bci, idealne do zastosowa\u0144 zar\u00f3wno profesjonalnych, jak i domowych. Wyposa\u017cona w 6 W diod\u0119 LED COB oraz dodatkow\u0105 3 W diod\u0119 LED SMD, lampa oferuje trzy poziomy \u015bwiecenia (punktowe, 40%, 100%), osi\u0105gaj\u0105c maksymaln\u0105 moc \u015bwietln\u0105 620 lumen\u00f3w przy 6500K. Dzi\u0119ki wbudowanemu akumulatorowi Li-Ion 3,7 V 2600 mAh, czas pracy wynosi do 4 godzin, a proces \u0142adowania jest wygodny dzi\u0119ki do\u0142\u0105czonemu kablowi USB i dedykowanej \u0142adowarce. Ergonomiczny design z bardzo w\u0105sk\u0105 ruchom\u0105 g\u0142owic\u0105 o regulacji 120\u00b0 i wbudowanym magnesem w podstawie zapewnia \u0142atwo\u015b\u0107 u\u017cycia w r\u00f3\u017cnych sytuacjach, a dodatkowy odb\u0142y\u015bnik w g\u0142owicy zwi\u0119ksza efektywno\u015b\u0107 o\u015bwietlenia. Z t\u0105 lamp\u0105 r\u0119czn\u0105 u\u017cytkownicy zyskaj\u0105 praktyczne i niezawodne \u017ar\u00f3d\u0142o \u015bwiat\u0142a w ka\u017cdych warunkach.<\/p>","protected":false},"excerpt":{"rendered":"<div class=\"icons\" style=\"display: flex; flex-wrap: wrap; gap: 5px; align-items: center; margin-top: 10px;\"><img decoding=\"async\" src=\"https:\/\/as-schwabe.de\/wp-content\/uploads\/ikony\/znak_CE.png\" alt=\"\" width=\"50\" height=\"50\" \/><img decoding=\"async\" src=\"https:\/\/as-schwabe.de\/wp-content\/uploads\/ikony\/znak_IP54.png\" alt=\"\" width=\"50\" height=\"50\" \/><img decoding=\"async\" src=\"https:\/\/as-schwabe.de\/wp-content\/uploads\/ikony\/znak_LED.png\" alt=\"\" width=\"50\" height=\"50\" \/><img loading=\"lazy\" decoding=\"async\" src=\"https:\/\/as-schwabe.de\/wp-content\/uploads\/ikony\/znak_PB.png\" alt=\"\" width=\"50\" height=\"50\" \/><img loading=\"lazy\" decoding=\"async\" src=\"https:\/\/as-schwabe.de\/wp-content\/uploads\/ikony\/znak_Z.png\" alt=\"\" width=\"50\" height=\"50\" \/><img loading=\"lazy\" decoding=\"async\" src=\"https:\/\/as-schwabe.de\/wp-content\/uploads\/ikony\/znak_D.png\" alt=\"\" width=\"50\" height=\"50\" \/><\/div>\n<ul>\n<li>Akumulatorowa lampa r\u0119czna LED EVO 6 <\/li>\n<li>niezwykle w\u0105ska dioda COB LED o mocy 6 W i dodatkowa 3 W dioda SMD LED w g\u0142owicy lampy (reflektor) <\/li>\n<li>\u017cywotno\u015b\u0107 ponad 50 000 h <\/li>\n<li>wyj\u0105tkowo jasna dzi\u0119ki specjalnej pow\u0142oce lustrzanej <\/li>\n<li>reflektor mo\u017cna p\u0142ynnie i dwustronnie odgina\u0107 o 120\u00b0 <\/li>\n<li>z magnetyczn\u0105 podstaw\u0105 <\/li>\n<li>akumulator litowo-jonowy 3,7 V (2600 mAh) <\/li>\n<li>czas \u0142adowania: ok. 4 h <\/li>\n<li>poziom 1 \u2013 \u015bwiat\u0142o punktowe ok. 10 h <\/li>\n<li>poziom 2 (40%) ok. 5,5 h <\/li>\n<li>poziom 3 (100%) ok. 2,5 h <\/li>\n<li>100-240 V, 50-60 Hz <\/li>\n<li>w zestawie \u0142adowarka: zasilacz z USB 5 V, 1 A <\/li>\n<li>IP54: odporny na kurz i bryzgi wody<\/li>\n<\/ul>","protected":false},"featured_media":29971,"template":"","meta":{"inline_featured_image":false},"genre":[509],"product_cat":[547],"product_tag":[],"class_list":{"0":"post-15369","1":"product","2":"type-product","3":"status-publish","4":"has-post-thumbnail","6":"product_brand-as-schwabe-pl","7":"product_cat-oswietlenie-2-pl","9":"first","10":"instock","11":"shipping-taxable","12":"product-type-simple"},"aioseo_notices":[],"_links":{"self":[{"href":"https:\/\/as-schwabe.de\/pl\/wp-json\/wp\/v2\/product\/15369","targetHints":{"allow":["GET"]}}],"collection":[{"href":"https:\/\/as-schwabe.de\/pl\/wp-json\/wp\/v2\/product"}],"about":[{"href":"https:\/\/as-schwabe.de\/pl\/wp-json\/wp\/v2\/types\/product"}],"version-history":[{"count":0,"href":"https:\/\/as-schwabe.de\/pl\/wp-json\/wp\/v2\/product\/15369\/revisions"}],"wp:featuredmedia":[{"embeddable":true,"href":"https:\/\/as-schwabe.de\/pl\/wp-json\/wp\/v2\/media\/29971"}],"wp:attachment":[{"href":"https:\/\/as-schwabe.de\/pl\/wp-json\/wp\/v2\/media?parent=15369"}],"wp:term":[{"taxonomy":"product_brand","embeddable":true,"href":"https:\/\/as-schwabe.de\/pl\/wp-json\/wp\/v2\/genre?post=15369"},{"taxonomy":"product_cat","embeddable":true,"href":"https:\/\/as-schwabe.de\/pl\/wp-json\/wp\/v2\/product_cat?post=15369"},{"taxonomy":"product_tag","embeddable":true,"href":"https:\/\/as-schwabe.de\/pl\/wp-json\/wp\/v2\/product_tag?post=15369"}],"curies":[{"name":"wp","href":"https:\/\/api.w.org\/{rel}","templated":true}]}}