{"id":15362,"date":"2025-09-25T17:51:32","date_gmt":"2025-09-25T17:51:32","guid":{"rendered":"https:\/\/as-schwabe.de\/produkt\/lampa-reczna-led-evo-7-42808\/"},"modified":"2025-10-23T00:14:24","modified_gmt":"2025-10-23T00:14:24","slug":"lampa-reczna-led-evo-7-42808","status":"publish","type":"product","link":"https:\/\/as-schwabe.de\/pl\/produkt\/lampa-reczna-led-evo-7-42808\/","title":{"rendered":"Lampa r\u0119czna LED EVO 7 5 W + 3 W  &#8211; 700 lm | 42808"},"content":{"rendered":"<p>Lampa r\u0119czna LED EVO 7 to wszechstronne i wydajne \u017ar\u00f3d\u0142o \u015bwiat\u0142a, kt\u00f3re sprawdzi si\u0119 w r\u00f3\u017cnych sytuacjach \u2013 zar\u00f3wno podczas prac warsztatowych, jak i w trakcie biwak\u00f3w czy awarii. Wyposa\u017cona w ruchom\u0105 g\u0142owic\u0119 z 5 W diod\u0105 LED COB oraz dodatkow\u0105 3 W diod\u0105 LED SMD, oferuje dwie opcje o\u015bwietlenia, osi\u0105gaj\u0105c moc \u015bwietln\u0105 a\u017c 5000 lumen\u00f3w w trybie maksymalnym. Dzi\u0119ki wbudowanemu akumulatorowi Li-Ion o pojemno\u015bci 2600 mAh oraz czasowi \u0142adowania wynosz\u0105cemu oko\u0142o 4 godzin, lampa zapewnia d\u0142ugotrwa\u0142\u0105 niezale\u017cno\u015b\u0107. Dodatkowe funkcjonalno\u015bci, takie jak wbudowany magnes, hak do podwieszania oraz regulacja g\u0142owicy o k\u0105cie 120\u00b0, zwi\u0119kszaj\u0105 jej uniwersalno\u015b\u0107 i komfort u\u017cytkowania. Trzy poziomy \u015bwiecenia oraz wska\u017anik na\u0142adowania sprawiaj\u0105, \u017ce EVO 7 jest idealnym narz\u0119dziem do ka\u017cdej sytuacji, w kt\u00f3rej niezb\u0119dne jest dobre o\u015bwietlenie.<\/p>","protected":false},"excerpt":{"rendered":"<div class=\"icons\" style=\"display: flex; flex-wrap: wrap; gap: 5px; align-items: center; margin-top: 10px;\"><img decoding=\"async\" src=\"https:\/\/as-schwabe.de\/wp-content\/uploads\/ikony\/znak_CE.png\" alt=\"\" width=\"50\" height=\"50\" \/><img decoding=\"async\" src=\"https:\/\/as-schwabe.de\/wp-content\/uploads\/ikony\/znak_IP20.png\" alt=\"\" width=\"50\" height=\"50\" \/><img decoding=\"async\" src=\"https:\/\/as-schwabe.de\/wp-content\/uploads\/ikony\/znak_LED.png\" alt=\"\" width=\"50\" height=\"50\" \/><img loading=\"lazy\" decoding=\"async\" src=\"https:\/\/as-schwabe.de\/wp-content\/uploads\/ikony\/znak_D.png\" alt=\"\" width=\"50\" height=\"50\" \/><\/div>\n<ul>\n<li>Akumulatorowa lampa r\u0119czna LED EVO 7 <\/li>\n<li>specjalna dioda LED COB o mocy 5 W i dodatkowa 3 W dioda LED SMD w g\u0142owicy lampy <\/li>\n<li>\u017cywotno\u015b\u0107 ponad 50 000 h <\/li>\n<li>ze sk\u0142adanym haczykiem do zawieszenia i podstaw\u0105 magnetyczn\u0105 do mocowania na powierzchniach metalowych <\/li>\n<li>akumulator litowo-jonowy 3,7 V, 2600 mAh <\/li>\n<li>czas \u0142adowania: ok. 4 h <\/li>\n<li>ok. 7 h (poziom 1) <\/li>\n<li>ok. 5,5 h (poziom 2) <\/li>\n<li>ok. 3 h (poziom 3) <\/li>\n<li>reflektor mo\u017cna przechyla\u0107 o 120\u00b0 i obraca\u0107 o 180\u00b0 w obie strony <\/li>\n<li>w zestawie kabel do \u0142adowania USB 5 V, 1 A <\/li>\n<li>IP30: chronione przed cia\u0142ami obcymi<\/li>\n<\/ul>","protected":false},"featured_media":29968,"template":"","meta":{"inline_featured_image":false},"genre":[509],"product_cat":[547],"product_tag":[],"class_list":{"0":"post-15362","1":"product","2":"type-product","3":"status-publish","4":"has-post-thumbnail","6":"product_brand-as-schwabe-pl","7":"product_cat-oswietlenie-2-pl","9":"first","10":"instock","11":"shipping-taxable","12":"product-type-simple"},"aioseo_notices":[],"_links":{"self":[{"href":"https:\/\/as-schwabe.de\/pl\/wp-json\/wp\/v2\/product\/15362","targetHints":{"allow":["GET"]}}],"collection":[{"href":"https:\/\/as-schwabe.de\/pl\/wp-json\/wp\/v2\/product"}],"about":[{"href":"https:\/\/as-schwabe.de\/pl\/wp-json\/wp\/v2\/types\/product"}],"version-history":[{"count":0,"href":"https:\/\/as-schwabe.de\/pl\/wp-json\/wp\/v2\/product\/15362\/revisions"}],"wp:featuredmedia":[{"embeddable":true,"href":"https:\/\/as-schwabe.de\/pl\/wp-json\/wp\/v2\/media\/29968"}],"wp:attachment":[{"href":"https:\/\/as-schwabe.de\/pl\/wp-json\/wp\/v2\/media?parent=15362"}],"wp:term":[{"taxonomy":"product_brand","embeddable":true,"href":"https:\/\/as-schwabe.de\/pl\/wp-json\/wp\/v2\/genre?post=15362"},{"taxonomy":"product_cat","embeddable":true,"href":"https:\/\/as-schwabe.de\/pl\/wp-json\/wp\/v2\/product_cat?post=15362"},{"taxonomy":"product_tag","embeddable":true,"href":"https:\/\/as-schwabe.de\/pl\/wp-json\/wp\/v2\/product_tag?post=15362"}],"curies":[{"name":"wp","href":"https:\/\/api.w.org\/{rel}","templated":true}]}}