{"id":15350,"date":"2025-09-25T17:51:23","date_gmt":"2025-09-25T17:51:23","guid":{"rendered":"https:\/\/as-schwabe.de\/produkt\/adapter-do-akumulatora-z-gniazdem-zapalniczki-samochodowej-42305\/"},"modified":"2025-10-23T00:14:22","modified_gmt":"2025-10-23T00:14:22","slug":"adapter-do-akumulatora-z-gniazdem-zapalniczki-samochodowej-42305","status":"publish","type":"product","link":"https:\/\/as-schwabe.de\/pl\/produkt\/adapter-do-akumulatora-z-gniazdem-zapalniczki-samochodowej-42305\/","title":{"rendered":"Adapter do akumulatora z gniazdem zapalniczki samochodowej | 42305"},"content":{"rendered":"<p>Adapter do akumulatora z gniazdem zapalniczki samochodowej to innowacyjne rozwi\u0105zanie umo\u017cliwiaj\u0105ce zasilanie urz\u0105dze\u0144 o napi\u0119ciu 12 V w warunkach wewn\u0119trznych. Wyposa\u017cony w jedno gniazdo DC, produkt zapewnia wygodne i bezpieczne po\u0142\u0105czenie z akumulatorami, co czyni go idealnym do u\u017cytku w warsztatach, domach i biurach. Klasa szczelno\u015bci IP20 gwarantuje, \u017ce adapter jest przystosowany do u\u017cytku w suchych pomieszczeniach, co zwi\u0119ksza jego trwa\u0142o\u015b\u0107 i niezawodno\u015b\u0107. Dzi\u0119ki prostemu i kompaktowemu designowi, adapter jest \u0142atwy w instalacji i idealny do r\u00f3\u017cnorodnych zastosowa\u0144, takich jak \u0142adowanie urz\u0105dze\u0144 mobilnych czy zasilanie ma\u0142ych urz\u0105dze\u0144 elektronicznych.<\/p>","protected":false},"excerpt":{"rendered":"<div class=\"icons\" style=\"display: flex; flex-wrap: wrap; gap: 5px; align-items: center; margin-top: 10px;\"><img decoding=\"async\" src=\"https:\/\/as-schwabe.de\/wp-content\/uploads\/ikony\/znak_CE.png\" alt=\"\" width=\"50\" height=\"50\" \/><img decoding=\"async\" src=\"https:\/\/as-schwabe.de\/wp-content\/uploads\/ikony\/znak_IP20.png\" alt=\"\" width=\"50\" height=\"50\" \/><img decoding=\"async\" src=\"https:\/\/as-schwabe.de\/wp-content\/uploads\/ikony\/znak_Z.png\" alt=\"\" width=\"50\" height=\"50\" \/><img loading=\"lazy\" decoding=\"async\" src=\"https:\/\/as-schwabe.de\/wp-content\/uploads\/ikony\/znak_D.png\" alt=\"\" width=\"50\" height=\"50\" \/><\/div>\n<ul>\n<li>umo\u017cliwia pod\u0142\u0105czenie dowolnego urz\u0105dzenia wyposa\u017conego we wtyczk\u0119 zapalniczki samochodowej bezpo\u015brednio do akumulatora (12 V lub 24 V) <\/li>\n<li>1 m 2\u00d70,75 mm\u00b2 izolowany przew\u00f3d zasilaj\u0105cy, oznaczony (+) i (-) zaciskami r\u00f3\u017cnego koloru, do akumulatora<\/li>\n<\/ul>","protected":false},"featured_media":29954,"template":"","meta":{"inline_featured_image":false},"genre":[509],"product_cat":[515,550],"product_tag":[],"class_list":{"0":"post-15350","1":"product","2":"type-product","3":"status-publish","4":"has-post-thumbnail","6":"product_brand-as-schwabe-pl","7":"product_cat-kemping-i-caravaning-pl","8":"product_cat-gniazda-tablicowe-cee-do-wbudowania-pl","10":"first","11":"instock","12":"shipping-taxable","13":"product-type-simple"},"aioseo_notices":[],"_links":{"self":[{"href":"https:\/\/as-schwabe.de\/pl\/wp-json\/wp\/v2\/product\/15350","targetHints":{"allow":["GET"]}}],"collection":[{"href":"https:\/\/as-schwabe.de\/pl\/wp-json\/wp\/v2\/product"}],"about":[{"href":"https:\/\/as-schwabe.de\/pl\/wp-json\/wp\/v2\/types\/product"}],"version-history":[{"count":0,"href":"https:\/\/as-schwabe.de\/pl\/wp-json\/wp\/v2\/product\/15350\/revisions"}],"wp:featuredmedia":[{"embeddable":true,"href":"https:\/\/as-schwabe.de\/pl\/wp-json\/wp\/v2\/media\/29954"}],"wp:attachment":[{"href":"https:\/\/as-schwabe.de\/pl\/wp-json\/wp\/v2\/media?parent=15350"}],"wp:term":[{"taxonomy":"product_brand","embeddable":true,"href":"https:\/\/as-schwabe.de\/pl\/wp-json\/wp\/v2\/genre?post=15350"},{"taxonomy":"product_cat","embeddable":true,"href":"https:\/\/as-schwabe.de\/pl\/wp-json\/wp\/v2\/product_cat?post=15350"},{"taxonomy":"product_tag","embeddable":true,"href":"https:\/\/as-schwabe.de\/pl\/wp-json\/wp\/v2\/product_tag?post=15350"}],"curies":[{"name":"wp","href":"https:\/\/api.w.org\/{rel}","templated":true}]}}