{"id":15347,"date":"2025-09-25T17:51:22","date_gmt":"2025-09-25T17:51:22","guid":{"rendered":"https:\/\/as-schwabe.de\/produkt\/lampa-robocza-fluorescencyjna-8-w-42303\/"},"modified":"2025-10-23T00:14:21","modified_gmt":"2025-10-23T00:14:21","slug":"lampa-robocza-fluorescencyjna-8-w-42303","status":"publish","type":"product","link":"https:\/\/as-schwabe.de\/pl\/produkt\/lampa-robocza-fluorescencyjna-8-w-42303\/","title":{"rendered":"Lampa robocza fluorescencyjna 8 W &#8211; 300 lm | 42303"},"content":{"rendered":"<p>Lampa robocza fluorescencyjna o mocy 8 W to idealne rozwi\u0105zanie do o\u015bwietlania przestrzeni wewn\u0119trznych, gwarantuj\u0105ce moc \u015bwietln\u0105 na poziomie 300 lumen\u00f3w przy temperaturze barwowej 6400K. Wyposa\u017cona w przew\u00f3d zasilaj\u0105cy z wtyczk\u0105 EURO H05RN-F o d\u0142ugo\u015bci 5 m, lampa zapewnia elastyczno\u015b\u0107 w zakresie u\u017cytkowania. Niewymienne \u017ar\u00f3d\u0142o \u015bwiat\u0142a oraz elektroniczny statecznik zapewniaj\u0105 d\u0142ug\u0105 \u017cywotno\u015b\u0107 ponad 6000 godzin, co przek\u0142ada si\u0119 na oszcz\u0119dno\u015bci w zakresie wymiany o\u015bwietlenia. Funkcjonalny obrotowy hak u\u0142atwia monta\u017c i dostosowanie kierunku \u015bwiat\u0142a do potrzeb u\u017cytkownika. Z certyfikatem IP20, lampa jest przeznaczona do stosowania w pomieszczeniach, sprawdzaj\u0105c si\u0119 doskonale w warsztatach, gara\u017cach czy na budowach.<\/p>","protected":false},"excerpt":{"rendered":"<div class=\"icons\" style=\"display: flex; flex-wrap: wrap; gap: 5px; align-items: center; margin-top: 10px;\"><img decoding=\"async\" src=\"https:\/\/as-schwabe.de\/wp-content\/uploads\/ikony\/znak_CE.png\" alt=\"\" width=\"50\" height=\"50\" \/><img decoding=\"async\" src=\"https:\/\/as-schwabe.de\/wp-content\/uploads\/ikony\/znak_IP20.png\" alt=\"\" width=\"50\" height=\"50\" \/><img decoding=\"async\" src=\"https:\/\/as-schwabe.de\/wp-content\/uploads\/ikony\/znak_LED.png\" alt=\"\" width=\"50\" height=\"50\" \/><img loading=\"lazy\" decoding=\"async\" src=\"https:\/\/as-schwabe.de\/wp-content\/uploads\/ikony\/znak_PB.png\" alt=\"\" width=\"50\" height=\"50\" \/><img loading=\"lazy\" decoding=\"async\" src=\"https:\/\/as-schwabe.de\/wp-content\/uploads\/ikony\/znak_Z.png\" alt=\"\" width=\"50\" height=\"50\" \/><img loading=\"lazy\" decoding=\"async\" src=\"https:\/\/as-schwabe.de\/wp-content\/uploads\/ikony\/znak_D.png\" alt=\"\" width=\"50\" height=\"50\" \/><\/div>\n<ul>\n<li>230 V, 16 A <\/li>\n<li>IP44: do u\u017cytku na zewn\u0105trz <\/li>\n<li>dioda LED o bardzo du\u017cej jasno\u015bci <\/li>\n<li>\u017cywotno\u015b\u0107 lampy: ponad 50 000 h <\/li>\n<li>zintegrowany, obrotowy hak do zawieszania wykonany z wysoce odpornego na uszkodzenia specjalnego tworzywa sztucznego <\/li>\n<li>w\u0142\u0105cznik w uchwycie <\/li>\n<li>napi\u0119cie robocze 230 V, 50 Hz, pob\u00f3r mocy 10 W <\/li>\n<li>5 m przew\u00f3d neoprenowy H05RN-F 2\u00d71,0<\/li>\n<\/ul>","protected":false},"featured_media":29952,"template":"","meta":{"inline_featured_image":false},"genre":[509],"product_cat":[547],"product_tag":[],"class_list":{"0":"post-15347","1":"product","2":"type-product","3":"status-publish","4":"has-post-thumbnail","6":"product_brand-as-schwabe-pl","7":"product_cat-oswietlenie-2-pl","9":"first","10":"instock","11":"shipping-taxable","12":"product-type-simple"},"aioseo_notices":[],"_links":{"self":[{"href":"https:\/\/as-schwabe.de\/pl\/wp-json\/wp\/v2\/product\/15347","targetHints":{"allow":["GET"]}}],"collection":[{"href":"https:\/\/as-schwabe.de\/pl\/wp-json\/wp\/v2\/product"}],"about":[{"href":"https:\/\/as-schwabe.de\/pl\/wp-json\/wp\/v2\/types\/product"}],"version-history":[{"count":0,"href":"https:\/\/as-schwabe.de\/pl\/wp-json\/wp\/v2\/product\/15347\/revisions"}],"wp:featuredmedia":[{"embeddable":true,"href":"https:\/\/as-schwabe.de\/pl\/wp-json\/wp\/v2\/media\/29952"}],"wp:attachment":[{"href":"https:\/\/as-schwabe.de\/pl\/wp-json\/wp\/v2\/media?parent=15347"}],"wp:term":[{"taxonomy":"product_brand","embeddable":true,"href":"https:\/\/as-schwabe.de\/pl\/wp-json\/wp\/v2\/genre?post=15347"},{"taxonomy":"product_cat","embeddable":true,"href":"https:\/\/as-schwabe.de\/pl\/wp-json\/wp\/v2\/product_cat?post=15347"},{"taxonomy":"product_tag","embeddable":true,"href":"https:\/\/as-schwabe.de\/pl\/wp-json\/wp\/v2\/product_tag?post=15347"}],"curies":[{"name":"wp","href":"https:\/\/api.w.org\/{rel}","templated":true}]}}