{"id":15335,"date":"2025-09-25T17:51:03","date_gmt":"2025-09-25T17:51:03","guid":{"rendered":"https:\/\/as-schwabe.de\/produkt\/przedluzacz-budowlany-3-gn-z-wl-h07rn-f-3g25-15-m-38630\/"},"modified":"2025-10-23T00:14:20","modified_gmt":"2025-10-23T00:14:20","slug":"przedluzacz-budowlany-3-gn-z-wl-h07rn-f-3g25-15-m-38630","status":"publish","type":"product","link":"https:\/\/as-schwabe.de\/pl\/produkt\/przedluzacz-budowlany-3-gn-z-wl-h07rn-f-3g25-15-m-38630\/","title":{"rendered":"Przed\u0142u\u017cacz listwowy budowlany 3-gniazdowy z w\u0142\u0105cznikiem 1,5 m H07RN-F 3G2,5 CZA IP44 | 38630"},"content":{"rendered":"<p>Przed\u0142u\u017cacz listwowy budowlany 3-gniazdowy z w\u0142\u0105cznikiem to niezawodne rozwi\u0105zanie, kt\u00f3re zapewnia bezpiecze\u0144stwo i wygod\u0119 w ka\u017cdych warunkach. Wykonany z materia\u0142\u00f3w odpornych na dzia\u0142anie warunk\u00f3w atmosferycznych, charakteryzuje si\u0119 klas\u0105 ochrony IP44, co czyni go idealnym do u\u017cytku zewn\u0119trznego oraz na placach budowy. Zestaw zawiera wtyczk\u0119 o parametrach 230 V i 16 A, a trzy gniazda IP44 umo\u017cliwiaj\u0105 jednoczesne zasilanie kilku urz\u0105dze\u0144 elektrycznych. Dodatkowo, pod\u015bwietlany w\u0142\u0105cznik w silikonowej os\u0142onie u\u0142atwia u\u017cytkowanie, nawet w s\u0142abo o\u015bwietlonych miejscach. Przy maksymalnej mocy 3500 W, ten przed\u0142u\u017cacz spe\u0142nia wszelkie wymagania dla sprz\u0119tu budowlanego, zapewniaj\u0105c bezpieczne i efektywne zasilanie.<\/p>","protected":false},"excerpt":{"rendered":"<div class=\"icons\" style=\"display: flex; flex-wrap: wrap; gap: 5px; align-items: center; margin-top: 10px;\"><img decoding=\"async\" src=\"https:\/\/as-schwabe.de\/wp-content\/uploads\/ikony\/znak_SCH.png\" alt=\"\" width=\"45\" height=\"50\" \/><img decoding=\"async\" src=\"https:\/\/as-schwabe.de\/wp-content\/uploads\/ikony\/znak_CE.png\" alt=\"\" width=\"50\" height=\"50\" \/><img decoding=\"async\" src=\"https:\/\/as-schwabe.de\/wp-content\/uploads\/ikony\/znak_IP44.png\" alt=\"\" width=\"50\" height=\"50\" \/><img loading=\"lazy\" decoding=\"async\" src=\"https:\/\/as-schwabe.de\/wp-content\/uploads\/ikony\/znak_PB.png\" alt=\"\" width=\"50\" height=\"50\" \/><img loading=\"lazy\" decoding=\"async\" src=\"https:\/\/as-schwabe.de\/wp-content\/uploads\/ikony\/znak_Z.png\" alt=\"\" width=\"50\" height=\"50\" \/><img loading=\"lazy\" decoding=\"async\" src=\"https:\/\/as-schwabe.de\/wp-content\/uploads\/ikony\/znak_D.png\" alt=\"\" width=\"50\" height=\"50\" \/><img loading=\"lazy\" decoding=\"async\" src=\"https:\/\/as-schwabe.de\/wp-content\/uploads\/ikony\/znak_DG.png\" alt=\"\" width=\"50\" height=\"50\" \/><\/div>\n<ul>\n<li>IP44: chroniony przed cia\u0142ami obcymi i bryzgami wody <\/li>\n<li>IP54: odporny na kurz i zachlapania <\/li>\n<li>dopuszczone do stosowania na budowach i w rolnictwie<\/li>\n<li> nadaj\u0105 si\u0119 do monta\u017cu na \u015bcianie <\/li>\n<li>z pod\u015bwietlanym w\u0142\u0105cznikiem <\/li>\n<li>z wtyczk\u0105 z uziemieniem <\/li>\n<li>gniazda z uziemieniem z samozamykaj\u0105cymi si\u0119 klapkami 230 V, 16 A, maks. 3500 W<\/li>\n<\/ul>","protected":false},"featured_media":29922,"template":"","meta":{"inline_featured_image":false},"genre":[509],"product_cat":[544,545],"product_tag":[],"class_list":{"0":"post-15335","1":"product","2":"type-product","3":"status-publish","4":"has-post-thumbnail","6":"product_brand-as-schwabe-pl","7":"product_cat-przedluzacze-2-pl","8":"product_cat-do-stosowania-na-budowach-pl","10":"first","11":"instock","12":"shipping-taxable","13":"product-type-simple"},"aioseo_notices":[],"_links":{"self":[{"href":"https:\/\/as-schwabe.de\/pl\/wp-json\/wp\/v2\/product\/15335","targetHints":{"allow":["GET"]}}],"collection":[{"href":"https:\/\/as-schwabe.de\/pl\/wp-json\/wp\/v2\/product"}],"about":[{"href":"https:\/\/as-schwabe.de\/pl\/wp-json\/wp\/v2\/types\/product"}],"version-history":[{"count":0,"href":"https:\/\/as-schwabe.de\/pl\/wp-json\/wp\/v2\/product\/15335\/revisions"}],"wp:featuredmedia":[{"embeddable":true,"href":"https:\/\/as-schwabe.de\/pl\/wp-json\/wp\/v2\/media\/29922"}],"wp:attachment":[{"href":"https:\/\/as-schwabe.de\/pl\/wp-json\/wp\/v2\/media?parent=15335"}],"wp:term":[{"taxonomy":"product_brand","embeddable":true,"href":"https:\/\/as-schwabe.de\/pl\/wp-json\/wp\/v2\/genre?post=15335"},{"taxonomy":"product_cat","embeddable":true,"href":"https:\/\/as-schwabe.de\/pl\/wp-json\/wp\/v2\/product_cat?post=15335"},{"taxonomy":"product_tag","embeddable":true,"href":"https:\/\/as-schwabe.de\/pl\/wp-json\/wp\/v2\/product_tag?post=15335"}],"curies":[{"name":"wp","href":"https:\/\/api.w.org\/{rel}","templated":true}]}}