{"id":15328,"date":"2025-09-25T17:51:00","date_gmt":"2025-09-25T17:51:00","guid":{"rendered":"https:\/\/as-schwabe.de\/produkt\/przedluzacz-z-wtyczka-powerlight-cee-5-gn-z-wl-h07rn-f-3g15-45-m-38619\/"},"modified":"2025-10-23T00:14:20","modified_gmt":"2025-10-23T00:14:20","slug":"przedluzacz-z-wtyczka-powerlight-cee-5-gn-z-wl-h07rn-f-3g15-45-m-38619","status":"publish","type":"product","link":"https:\/\/as-schwabe.de\/pl\/produkt\/przedluzacz-z-wtyczka-powerlight-cee-5-gn-z-wl-h07rn-f-3g15-45-m-38619\/","title":{"rendered":"Przed\u0142u\u017cacz listwowy z wtyczk\u0105 CEE 5-gniazdowy z w\u0142\u0105cznikiem 4,5 m H07RN-F 3G1,5 CZA IP44 | 38619"},"content":{"rendered":"<p>Przed\u0142u\u017cacz listwowy z wtyczk\u0105 CEE to niezawodne rozwi\u0105zanie dla profesjonalist\u00f3w potrzebuj\u0105cych elastycznego \u017ar\u00f3d\u0142a zasilania w trudnych warunkach. Wyposa\u017cony w przew\u00f3d zasilaj\u0105cy H07RN-F 3G2,5 o d\u0142ugo\u015bci 4,5 m i wtyczk\u0119 CEE 230 V, 16 A, 3P, Powerlight, zapewnia wysok\u0105 wydajno\u015b\u0107 i bezpiecze\u0144stwo. Z pi\u0119cioma gniazdami IP44 z klapk\u0105 i z uziemieniem, ka\u017cdy o napi\u0119ciu 230 V i nat\u0119\u017ceniu 16 A, idealnie sprawdzi si\u0119 zar\u00f3wno na zewn\u0105trz, jak i na budowie. Klasa ochrony IP44 gwarantuje ochron\u0119 przed wilgoci\u0105 i kurzem, co czyni go idealnym do u\u017cytku w wymagaj\u0105cych warunkach. Dodatkowo, obecno\u015b\u0107 w\u0142\u0105cznika umo\u017cliwia \u0142atwe zarz\u0105dzanie zasilaniem, zwi\u0119kszaj\u0105c komfort u\u017cytkowania.<\/p>","protected":false},"excerpt":{"rendered":"<div class=\"icons\" style=\"display: flex; flex-wrap: wrap; gap: 5px; align-items: center; margin-top: 10px;\"><img decoding=\"async\" src=\"https:\/\/as-schwabe.de\/wp-content\/uploads\/ikony\/znak_SCH.png\" alt=\"\" width=\"45\" height=\"50\" \/><img decoding=\"async\" src=\"https:\/\/as-schwabe.de\/wp-content\/uploads\/ikony\/znak_CE.png\" alt=\"\" width=\"50\" height=\"50\" \/><img decoding=\"async\" src=\"https:\/\/as-schwabe.de\/wp-content\/uploads\/ikony\/znak_IP44.png\" alt=\"\" width=\"50\" height=\"50\" \/><img loading=\"lazy\" decoding=\"async\" src=\"https:\/\/as-schwabe.de\/wp-content\/uploads\/ikony\/znak_Z.png\" alt=\"\" width=\"50\" height=\"50\" \/><img loading=\"lazy\" decoding=\"async\" src=\"https:\/\/as-schwabe.de\/wp-content\/uploads\/ikony\/znak_D.png\" alt=\"\" width=\"50\" height=\"50\" \/><\/div>\n<ul>\n<li>nadaj\u0105 si\u0119 do monta\u017cu na \u015bcianie <\/li>\n<li>z bardzo wytrzyma\u0142ym neoprenowym przewodem H07RN-F 3G1,5 <\/li>\n<li>IP44: chroniony przed cia\u0142ami obcymi i bryzgami wody<\/li>\n<\/ul>","protected":false},"featured_media":29912,"template":"","meta":{"inline_featured_image":false},"genre":[509],"product_cat":[515,546],"product_tag":[],"class_list":{"0":"post-15328","1":"product","2":"type-product","3":"status-publish","4":"has-post-thumbnail","6":"product_brand-as-schwabe-pl","7":"product_cat-kemping-i-caravaning-pl","8":"product_cat-przedluzacze-z-wtyczka-cee-pl","10":"first","11":"instock","12":"shipping-taxable","13":"product-type-simple"},"aioseo_notices":[],"_links":{"self":[{"href":"https:\/\/as-schwabe.de\/pl\/wp-json\/wp\/v2\/product\/15328","targetHints":{"allow":["GET"]}}],"collection":[{"href":"https:\/\/as-schwabe.de\/pl\/wp-json\/wp\/v2\/product"}],"about":[{"href":"https:\/\/as-schwabe.de\/pl\/wp-json\/wp\/v2\/types\/product"}],"version-history":[{"count":0,"href":"https:\/\/as-schwabe.de\/pl\/wp-json\/wp\/v2\/product\/15328\/revisions"}],"wp:featuredmedia":[{"embeddable":true,"href":"https:\/\/as-schwabe.de\/pl\/wp-json\/wp\/v2\/media\/29912"}],"wp:attachment":[{"href":"https:\/\/as-schwabe.de\/pl\/wp-json\/wp\/v2\/media?parent=15328"}],"wp:term":[{"taxonomy":"product_brand","embeddable":true,"href":"https:\/\/as-schwabe.de\/pl\/wp-json\/wp\/v2\/genre?post=15328"},{"taxonomy":"product_cat","embeddable":true,"href":"https:\/\/as-schwabe.de\/pl\/wp-json\/wp\/v2\/product_cat?post=15328"},{"taxonomy":"product_tag","embeddable":true,"href":"https:\/\/as-schwabe.de\/pl\/wp-json\/wp\/v2\/product_tag?post=15328"}],"curies":[{"name":"wp","href":"https:\/\/api.w.org\/{rel}","templated":true}]}}