{"id":15323,"date":"2025-09-25T17:50:58","date_gmt":"2025-09-25T17:50:58","guid":{"rendered":"https:\/\/as-schwabe.de\/produkt\/przedluzacz-z-wtyczka-powerlight-cee-3-gn-z-wl-h07rn-f-3g15-15-m-38618\/"},"modified":"2025-10-23T00:14:19","modified_gmt":"2025-10-23T00:14:19","slug":"przedluzacz-z-wtyczka-powerlight-cee-3-gn-z-wl-h07rn-f-3g15-15-m-38618","status":"publish","type":"product","link":"https:\/\/as-schwabe.de\/pl\/produkt\/przedluzacz-z-wtyczka-powerlight-cee-3-gn-z-wl-h07rn-f-3g15-15-m-38618\/","title":{"rendered":"Przed\u0142u\u017cacz listwowy z wtyczk\u0105 CEE 3-gniazdowy z w\u0142\u0105cznikiem 1,5 m H07RN-F 3G1,5 CZA IP44 | 38618"},"content":{"rendered":"<p>Przed\u0142u\u017cacz listwowy z wtyczk\u0105 CEE 3-gniazdowy z w\u0142\u0105cznikiem to niezawodne rozwi\u0105zanie dla wymagaj\u0105cych u\u017cytkownik\u00f3w, idealne do zastosowa\u0144 na zewn\u0105trz oraz w \u015brodowiskach budowlanych. Wyposa\u017cony w przew\u00f3d zasilaj\u0105cy H07RN-F 3G2,5 o d\u0142ugo\u015bci 1,5 m z wtyczk\u0105 CEE 230 V, 16 A, 3P, zapewnia mocne i bezpieczne zasilanie. Urz\u0105dzenie dysponuje trzema gniazdami IP44 z klapk\u0105 i uziemieniem, co gwarantuje ochron\u0119 przed wod\u0105 i zanieczyszczeniami. Dzi\u0119ki wbudowanemu w\u0142\u0105cznikowi, u\u017cytkownik ma mo\u017cliwo\u015b\u0107 \u0142atwego zarz\u0105dzania zasilaniem pod\u0142\u0105czonych urz\u0105dze\u0144. Solidna konstrukcja oraz wysoka klasa szczelno\u015bci czyni\u0105 ten przed\u0142u\u017cacz idealnym wyborem do u\u017cytku w trudnych warunkach.<\/p>","protected":false},"excerpt":{"rendered":"<div class=\"icons\" style=\"display: flex; flex-wrap: wrap; gap: 5px; align-items: center; margin-top: 10px;\"><img decoding=\"async\" src=\"https:\/\/as-schwabe.de\/wp-content\/uploads\/ikony\/znak_SCH.png\" alt=\"\" width=\"45\" height=\"50\" \/><img decoding=\"async\" src=\"https:\/\/as-schwabe.de\/wp-content\/uploads\/ikony\/znak_CE.png\" alt=\"\" width=\"50\" height=\"50\" \/><img decoding=\"async\" src=\"https:\/\/as-schwabe.de\/wp-content\/uploads\/ikony\/znak_IP44.png\" alt=\"\" width=\"50\" height=\"50\" \/><img loading=\"lazy\" decoding=\"async\" src=\"https:\/\/as-schwabe.de\/wp-content\/uploads\/ikony\/znak_Z.png\" alt=\"\" width=\"50\" height=\"50\" \/><img loading=\"lazy\" decoding=\"async\" src=\"https:\/\/as-schwabe.de\/wp-content\/uploads\/ikony\/znak_D.png\" alt=\"\" width=\"50\" height=\"50\" \/><\/div>\n<ul>\n<li>nadaj\u0105 si\u0119 do monta\u017cu na \u015bcianie <\/li>\n<li>z bardzo wytrzyma\u0142ym neoprenowym przewodem H07RN-F 3G1,5 <\/li>\n<li>IP44: chroniony przed cia\u0142ami obcymi i bryzgami wody<\/li>\n<\/ul>","protected":false},"featured_media":29910,"template":"","meta":{"inline_featured_image":false},"genre":[509],"product_cat":[515,546],"product_tag":[],"class_list":{"0":"post-15323","1":"product","2":"type-product","3":"status-publish","4":"has-post-thumbnail","6":"product_brand-as-schwabe-pl","7":"product_cat-kemping-i-caravaning-pl","8":"product_cat-przedluzacze-z-wtyczka-cee-pl","10":"first","11":"instock","12":"shipping-taxable","13":"product-type-simple"},"aioseo_notices":[],"_links":{"self":[{"href":"https:\/\/as-schwabe.de\/pl\/wp-json\/wp\/v2\/product\/15323","targetHints":{"allow":["GET"]}}],"collection":[{"href":"https:\/\/as-schwabe.de\/pl\/wp-json\/wp\/v2\/product"}],"about":[{"href":"https:\/\/as-schwabe.de\/pl\/wp-json\/wp\/v2\/types\/product"}],"version-history":[{"count":0,"href":"https:\/\/as-schwabe.de\/pl\/wp-json\/wp\/v2\/product\/15323\/revisions"}],"wp:featuredmedia":[{"embeddable":true,"href":"https:\/\/as-schwabe.de\/pl\/wp-json\/wp\/v2\/media\/29910"}],"wp:attachment":[{"href":"https:\/\/as-schwabe.de\/pl\/wp-json\/wp\/v2\/media?parent=15323"}],"wp:term":[{"taxonomy":"product_brand","embeddable":true,"href":"https:\/\/as-schwabe.de\/pl\/wp-json\/wp\/v2\/genre?post=15323"},{"taxonomy":"product_cat","embeddable":true,"href":"https:\/\/as-schwabe.de\/pl\/wp-json\/wp\/v2\/product_cat?post=15323"},{"taxonomy":"product_tag","embeddable":true,"href":"https:\/\/as-schwabe.de\/pl\/wp-json\/wp\/v2\/product_tag?post=15323"}],"curies":[{"name":"wp","href":"https:\/\/api.w.org\/{rel}","templated":true}]}}