{"id":15318,"date":"2025-09-25T17:50:50","date_gmt":"2025-09-25T17:50:50","guid":{"rendered":"https:\/\/as-schwabe.de\/produkt\/przedluzacz-budowlany-6-gn-bez-wl-h07rn-f-3g15-15m-38616\/"},"modified":"2025-10-23T00:14:19","modified_gmt":"2025-10-23T00:14:19","slug":"przedluzacz-budowlany-6-gn-bez-wl-h07rn-f-3g15-15m-38616","status":"publish","type":"product","link":"https:\/\/as-schwabe.de\/pl\/produkt\/przedluzacz-budowlany-6-gn-bez-wl-h07rn-f-3g15-15m-38616\/","title":{"rendered":"Przed\u0142u\u017cacz listwowy budowlany 6-gniazdowy bez w\u0142\u0105cznika 1,5 m H07RN-F 3G1,5 CZA IP44 | 38616"},"content":{"rendered":"<p>Przed\u0142u\u017cacz listwowy budowlany 6-gniazdowy to niezawodne rozwi\u0105zanie do zasilania narz\u0119dzi elektrycznych w trudnych warunkach budowlanych oraz podczas prac na zewn\u0105trz. Wyposa\u017cony w wtyczk\u0119 IP44 o napi\u0119ciu 230 V i pr\u0105dzie 16 A, gwarantuje bezpiecze\u0144stwo u\u017cytkowania nawet w niekorzystnych warunkach atmosferycznych. Z sze\u015bcioma gniazdami IP44, ka\u017cde o maksymalnej mocy 230 V i 16 A, umo\u017cliwia jednoczesne zasilanie wielu urz\u0105dze\u0144. Elastyczny przew\u00f3d H07RN-F 3G1,5 o d\u0142ugo\u015bci 1,5 m zapewnia wygod\u0119 u\u017cytkowania oraz du\u017c\u0105 mobilno\u015b\u0107. Idealny do stosowania na budowach oraz w ogrodzie, ten przed\u0142u\u017cacz \u0142\u0105czy w sobie solidno\u015b\u0107 wykonania z funkcjonalno\u015bci\u0105, co czyni go niezb\u0119dnym narz\u0119dziem w ka\u017cdym warsztacie.<\/p>","protected":false},"excerpt":{"rendered":"<div class=\"icons\" style=\"display: flex; flex-wrap: wrap; gap: 5px; align-items: center; margin-top: 10px;\"><img decoding=\"async\" src=\"https:\/\/as-schwabe.de\/wp-content\/uploads\/ikony\/znak_SCH.png\" alt=\"\" width=\"45\" height=\"50\" \/><img decoding=\"async\" src=\"https:\/\/as-schwabe.de\/wp-content\/uploads\/ikony\/znak_CE.png\" alt=\"\" width=\"50\" height=\"50\" \/><img decoding=\"async\" src=\"https:\/\/as-schwabe.de\/wp-content\/uploads\/ikony\/znak_IP44.png\" alt=\"\" width=\"50\" height=\"50\" \/><img loading=\"lazy\" decoding=\"async\" src=\"https:\/\/as-schwabe.de\/wp-content\/uploads\/ikony\/znak_PB.png\" alt=\"\" width=\"50\" height=\"50\" \/><img loading=\"lazy\" decoding=\"async\" src=\"https:\/\/as-schwabe.de\/wp-content\/uploads\/ikony\/znak_Z.png\" alt=\"\" width=\"50\" height=\"50\" \/><img loading=\"lazy\" decoding=\"async\" src=\"https:\/\/as-schwabe.de\/wp-content\/uploads\/ikony\/znak_D.png\" alt=\"\" width=\"50\" height=\"50\" \/><img loading=\"lazy\" decoding=\"async\" src=\"https:\/\/as-schwabe.de\/wp-content\/uploads\/ikony\/znak_DG.png\" alt=\"\" width=\"50\" height=\"50\" \/><\/div>\n<ul>\n<li>IP44: chroniony przed cia\u0142ami obcymi i bryzgami wody <\/li>\n<li>IP54: odporny na kurz i zachlapania <\/li>\n<li>dopuszczony do stosowania na budowach i w rolnictwie <\/li>\n<li>nadaje si\u0119 do monta\u017cu na \u015bcianie <\/li>\n<li>z wtyczk\u0105 z uziemieniem <\/li>\n<li>gniazda z uziemieniem z samozamykaj\u0105cymi si\u0119 klapkami 230 V, 16 A, maks. 3500 W<\/li>\n<\/ul>","protected":false},"featured_media":29908,"template":"","meta":{"inline_featured_image":false},"genre":[509],"product_cat":[544,545],"product_tag":[],"class_list":{"0":"post-15318","1":"product","2":"type-product","3":"status-publish","4":"has-post-thumbnail","6":"product_brand-as-schwabe-pl","7":"product_cat-przedluzacze-2-pl","8":"product_cat-do-stosowania-na-budowach-pl","10":"first","11":"instock","12":"shipping-taxable","13":"product-type-simple"},"aioseo_notices":[],"_links":{"self":[{"href":"https:\/\/as-schwabe.de\/pl\/wp-json\/wp\/v2\/product\/15318","targetHints":{"allow":["GET"]}}],"collection":[{"href":"https:\/\/as-schwabe.de\/pl\/wp-json\/wp\/v2\/product"}],"about":[{"href":"https:\/\/as-schwabe.de\/pl\/wp-json\/wp\/v2\/types\/product"}],"version-history":[{"count":0,"href":"https:\/\/as-schwabe.de\/pl\/wp-json\/wp\/v2\/product\/15318\/revisions"}],"wp:featuredmedia":[{"embeddable":true,"href":"https:\/\/as-schwabe.de\/pl\/wp-json\/wp\/v2\/media\/29908"}],"wp:attachment":[{"href":"https:\/\/as-schwabe.de\/pl\/wp-json\/wp\/v2\/media?parent=15318"}],"wp:term":[{"taxonomy":"product_brand","embeddable":true,"href":"https:\/\/as-schwabe.de\/pl\/wp-json\/wp\/v2\/genre?post=15318"},{"taxonomy":"product_cat","embeddable":true,"href":"https:\/\/as-schwabe.de\/pl\/wp-json\/wp\/v2\/product_cat?post=15318"},{"taxonomy":"product_tag","embeddable":true,"href":"https:\/\/as-schwabe.de\/pl\/wp-json\/wp\/v2\/product_tag?post=15318"}],"curies":[{"name":"wp","href":"https:\/\/api.w.org\/{rel}","templated":true}]}}