{"id":15302,"date":"2025-09-25T17:50:25","date_gmt":"2025-09-25T17:50:25","guid":{"rendered":"https:\/\/as-schwabe.de\/produkt\/przedluzacz-budowlany-6-gn-z-wl-h07rn-f-3g15-15-m-38606\/"},"modified":"2025-10-23T00:14:18","modified_gmt":"2025-10-23T00:14:18","slug":"przedluzacz-budowlany-6-gn-z-wl-h07rn-f-3g15-15-m-38606","status":"publish","type":"product","link":"https:\/\/as-schwabe.de\/pl\/produkt\/przedluzacz-budowlany-6-gn-z-wl-h07rn-f-3g15-15-m-38606\/","title":{"rendered":"Przed\u0142u\u017cacz listwowy budowlany 6-gniazdowy z w\u0142\u0105cznikiem 1,5 m H07RN-F 3G1,5 CZA IP44 | 38606"},"content":{"rendered":"<p>Przed\u0142u\u017cacz listwowy budowlany 6-gniazdowy z w\u0142\u0105cznikiem to niezwykle funkcjonalne rozwi\u0105zanie dla profesjonalist\u00f3w oraz amator\u00f3w pracuj\u0105cych w trudnych warunkach. Wyposa\u017cony w sze\u015b\u0107 gniazd IP44 oraz wtyczk\u0119 IP44, pozwala na bezpieczne zasilanie urz\u0105dze\u0144 elektrycznych o maksymalnym obci\u0105\u017ceniu 230 V i 16 A, co odpowiada mocy do 3500 W. Dzi\u0119ki solidnemu wykonaniu z materia\u0142\u00f3w odpornych na dzia\u0142anie warunk\u00f3w atmosferycznych, idealnie sprawdza si\u0119 na zewn\u0105trz oraz na placach budowy. Pod\u015bwietlany w\u0142\u0105cznik umieszczony w silikonowej os\u0142onie umo\u017cliwia \u0142atwe i szybkie wy\u0142\u0105czanie oraz w\u0142\u0105czanie zasilania, co zwi\u0119ksza komfort u\u017cytkowania. D\u0142ugi przew\u00f3d o d\u0142ugo\u015bci 1,5 m zapewnia swobod\u0119 ruchu, a niezawodna jako\u015b\u0107 wykonania gwarantuje trwa\u0142o\u015b\u0107 i bezpiecze\u0144stwo w ka\u017cdych warunkach.<\/p>","protected":false},"excerpt":{"rendered":"<div class=\"icons\" style=\"display: flex; flex-wrap: wrap; gap: 5px; align-items: center; margin-top: 10px;\"><img decoding=\"async\" src=\"https:\/\/as-schwabe.de\/wp-content\/uploads\/ikony\/znak_SCH.png\" alt=\"\" width=\"45\" height=\"50\" \/><img decoding=\"async\" src=\"https:\/\/as-schwabe.de\/wp-content\/uploads\/ikony\/znak_CE.png\" alt=\"\" width=\"50\" height=\"50\" \/><img decoding=\"async\" src=\"https:\/\/as-schwabe.de\/wp-content\/uploads\/ikony\/znak_IP44.png\" alt=\"\" width=\"50\" height=\"50\" \/><img loading=\"lazy\" decoding=\"async\" src=\"https:\/\/as-schwabe.de\/wp-content\/uploads\/ikony\/znak_PB.png\" alt=\"\" width=\"50\" height=\"50\" \/><img loading=\"lazy\" decoding=\"async\" src=\"https:\/\/as-schwabe.de\/wp-content\/uploads\/ikony\/znak_Z.png\" alt=\"\" width=\"50\" height=\"50\" \/><img loading=\"lazy\" decoding=\"async\" src=\"https:\/\/as-schwabe.de\/wp-content\/uploads\/ikony\/znak_D.png\" alt=\"\" width=\"50\" height=\"50\" \/><img loading=\"lazy\" decoding=\"async\" src=\"https:\/\/as-schwabe.de\/wp-content\/uploads\/ikony\/znak_DG.png\" alt=\"\" width=\"50\" height=\"50\" \/><\/div>\n<ul>\n<li>IP44: chroniony przed cia\u0142ami obcymi i bryzgami wody <\/li>\n<li>IP54: odporny na kurz i zachlapania <\/li>\n<li>dopuszczone do stosowania na budowach i w rolnictwie<\/li>\n<li> nadaj\u0105 si\u0119 do monta\u017cu na \u015bcianie <\/li>\n<li>z pod\u015bwietlanym w\u0142\u0105cznikiem <\/li>\n<li>z wtyczk\u0105 z uziemieniem <\/li>\n<li>gniazda z uziemieniem z samozamykaj\u0105cymi si\u0119 klapkami 230 V, 16 A, maks. 3500 W<\/li>\n<\/ul>","protected":false},"featured_media":29879,"template":"","meta":{"inline_featured_image":false},"genre":[509],"product_cat":[544,545],"product_tag":[],"class_list":{"0":"post-15302","1":"product","2":"type-product","3":"status-publish","4":"has-post-thumbnail","6":"product_brand-as-schwabe-pl","7":"product_cat-przedluzacze-2-pl","8":"product_cat-do-stosowania-na-budowach-pl","10":"first","11":"instock","12":"shipping-taxable","13":"product-type-simple"},"aioseo_notices":[],"_links":{"self":[{"href":"https:\/\/as-schwabe.de\/pl\/wp-json\/wp\/v2\/product\/15302","targetHints":{"allow":["GET"]}}],"collection":[{"href":"https:\/\/as-schwabe.de\/pl\/wp-json\/wp\/v2\/product"}],"about":[{"href":"https:\/\/as-schwabe.de\/pl\/wp-json\/wp\/v2\/types\/product"}],"version-history":[{"count":0,"href":"https:\/\/as-schwabe.de\/pl\/wp-json\/wp\/v2\/product\/15302\/revisions"}],"wp:featuredmedia":[{"embeddable":true,"href":"https:\/\/as-schwabe.de\/pl\/wp-json\/wp\/v2\/media\/29879"}],"wp:attachment":[{"href":"https:\/\/as-schwabe.de\/pl\/wp-json\/wp\/v2\/media?parent=15302"}],"wp:term":[{"taxonomy":"product_brand","embeddable":true,"href":"https:\/\/as-schwabe.de\/pl\/wp-json\/wp\/v2\/genre?post=15302"},{"taxonomy":"product_cat","embeddable":true,"href":"https:\/\/as-schwabe.de\/pl\/wp-json\/wp\/v2\/product_cat?post=15302"},{"taxonomy":"product_tag","embeddable":true,"href":"https:\/\/as-schwabe.de\/pl\/wp-json\/wp\/v2\/product_tag?post=15302"}],"curies":[{"name":"wp","href":"https:\/\/api.w.org\/{rel}","templated":true}]}}