{"id":15295,"date":"2025-09-25T17:50:14","date_gmt":"2025-09-25T17:50:14","guid":{"rendered":"https:\/\/as-schwabe.de\/produkt\/przedluzacz-budowlany-5-gn-z-wl-h07rn-f-3g15-45-m-38605\/"},"modified":"2025-10-23T00:14:18","modified_gmt":"2025-10-23T00:14:18","slug":"przedluzacz-budowlany-5-gn-z-wl-h07rn-f-3g15-45-m-38605","status":"publish","type":"product","link":"https:\/\/as-schwabe.de\/pl\/produkt\/przedluzacz-budowlany-5-gn-z-wl-h07rn-f-3g15-45-m-38605\/","title":{"rendered":"Przed\u0142u\u017cacz listwowy budowlany 5-gniazdowy z w\u0142\u0105cznikiem 4,5 m H07RN-F 3G1,5 CZA IP44 | 38605"},"content":{"rendered":"<p>Przed\u0142u\u017cacz listwowy budowlany 5-gniazdowy z w\u0142\u0105cznikiem to idealne rozwi\u0105zanie dla profesjonalist\u00f3w pracuj\u0105cych na budowie oraz w warunkach zewn\u0119trznych. Wyposa\u017cony w pi\u0119\u0107 gniazd IP44 oraz pod\u015bwietlany w\u0142\u0105cznik w silikonowej os\u0142onie, zapewnia wygodny dost\u0119p do energii elektrycznej w ka\u017cdych warunkach. Przew\u00f3d H07RN-F 3G1,5 o d\u0142ugo\u015bci 4,5 m gwarantuje elastyczno\u015b\u0107 i trwa\u0142o\u015b\u0107, a maksymalna moc 3500 W i napi\u0119cie 230 V przy pr\u0105dzie 16 A umo\u017cliwiaj\u0105 zasilenie r\u00f3\u017cnorodnych urz\u0105dze\u0144. Dzi\u0119ki klasie ochrony IP44 przed\u0142u\u017cacz jest odporny na dzia\u0142anie kurzu i wilgoci, co czyni go niezast\u0105pionym narz\u0119dziem dla ka\u017cdego fachowca. U\u017cycie tego przed\u0142u\u017cacza zwi\u0119ksza bezpiecze\u0144stwo i komfort pracy, eliminuj\u0105c problemy zwi\u0105zane z brakiem zasilania w trudnych warunkach.<\/p>","protected":false},"excerpt":{"rendered":"<div class=\"icons\" style=\"display: flex; flex-wrap: wrap; gap: 5px; align-items: center; margin-top: 10px;\"><img decoding=\"async\" src=\"https:\/\/as-schwabe.de\/wp-content\/uploads\/ikony\/znak_SCH.png\" alt=\"\" width=\"45\" height=\"50\" \/><img decoding=\"async\" src=\"https:\/\/as-schwabe.de\/wp-content\/uploads\/ikony\/znak_CE.png\" alt=\"\" width=\"50\" height=\"50\" \/><img decoding=\"async\" src=\"https:\/\/as-schwabe.de\/wp-content\/uploads\/ikony\/znak_IP44.png\" alt=\"\" width=\"50\" height=\"50\" \/><img loading=\"lazy\" decoding=\"async\" src=\"https:\/\/as-schwabe.de\/wp-content\/uploads\/ikony\/znak_PB.png\" alt=\"\" width=\"50\" height=\"50\" \/><img loading=\"lazy\" decoding=\"async\" src=\"https:\/\/as-schwabe.de\/wp-content\/uploads\/ikony\/znak_Z.png\" alt=\"\" width=\"50\" height=\"50\" \/><img loading=\"lazy\" decoding=\"async\" src=\"https:\/\/as-schwabe.de\/wp-content\/uploads\/ikony\/znak_D.png\" alt=\"\" width=\"50\" height=\"50\" \/><img loading=\"lazy\" decoding=\"async\" src=\"https:\/\/as-schwabe.de\/wp-content\/uploads\/ikony\/znak_DG.png\" alt=\"\" width=\"50\" height=\"50\" \/><\/div>\n<ul>\n<li>IP44: chroniony przed cia\u0142ami obcymi i bryzgami wody <\/li>\n<li>IP54: odporny na kurz i zachlapania <\/li>\n<li>dopuszczone do stosowania na budowach i w rolnictwie<\/li>\n<li> nadaj\u0105 si\u0119 do monta\u017cu na \u015bcianie <\/li>\n<li>z pod\u015bwietlanym w\u0142\u0105cznikiem <\/li>\n<li>z wtyczk\u0105 z uziemieniem <\/li>\n<li>gniazda z uziemieniem z samozamykaj\u0105cymi si\u0119 klapkami 230 V, 16 A, maks. 3500 W<\/li>\n<\/ul>","protected":false},"featured_media":29877,"template":"","meta":{"inline_featured_image":false},"genre":[509],"product_cat":[544,545],"product_tag":[],"class_list":{"0":"post-15295","1":"product","2":"type-product","3":"status-publish","4":"has-post-thumbnail","6":"product_brand-as-schwabe-pl","7":"product_cat-przedluzacze-2-pl","8":"product_cat-do-stosowania-na-budowach-pl","10":"first","11":"instock","12":"shipping-taxable","13":"product-type-simple"},"aioseo_notices":[],"_links":{"self":[{"href":"https:\/\/as-schwabe.de\/pl\/wp-json\/wp\/v2\/product\/15295","targetHints":{"allow":["GET"]}}],"collection":[{"href":"https:\/\/as-schwabe.de\/pl\/wp-json\/wp\/v2\/product"}],"about":[{"href":"https:\/\/as-schwabe.de\/pl\/wp-json\/wp\/v2\/types\/product"}],"version-history":[{"count":0,"href":"https:\/\/as-schwabe.de\/pl\/wp-json\/wp\/v2\/product\/15295\/revisions"}],"wp:featuredmedia":[{"embeddable":true,"href":"https:\/\/as-schwabe.de\/pl\/wp-json\/wp\/v2\/media\/29877"}],"wp:attachment":[{"href":"https:\/\/as-schwabe.de\/pl\/wp-json\/wp\/v2\/media?parent=15295"}],"wp:term":[{"taxonomy":"product_brand","embeddable":true,"href":"https:\/\/as-schwabe.de\/pl\/wp-json\/wp\/v2\/genre?post=15295"},{"taxonomy":"product_cat","embeddable":true,"href":"https:\/\/as-schwabe.de\/pl\/wp-json\/wp\/v2\/product_cat?post=15295"},{"taxonomy":"product_tag","embeddable":true,"href":"https:\/\/as-schwabe.de\/pl\/wp-json\/wp\/v2\/product_tag?post=15295"}],"curies":[{"name":"wp","href":"https:\/\/api.w.org\/{rel}","templated":true}]}}