{"id":15288,"date":"2025-09-25T17:50:06","date_gmt":"2025-09-25T17:50:06","guid":{"rendered":"https:\/\/as-schwabe.de\/produkt\/przedluzacz-budowlany-5-gn-z-prcd-30-ma-ip44-h07rn-f-3g15-45-m-38604\/"},"modified":"2025-10-23T00:14:17","modified_gmt":"2025-10-23T00:14:17","slug":"przedluzacz-budowlany-5-gn-z-prcd-30-ma-ip44-h07rn-f-3g15-45-m-38604","status":"publish","type":"product","link":"https:\/\/as-schwabe.de\/pl\/produkt\/przedluzacz-budowlany-5-gn-z-prcd-30-ma-ip44-h07rn-f-3g15-45-m-38604\/","title":{"rendered":"Przed\u0142u\u017cacz 5-gniazdowy z w\u0142\u0105cznikiem i wtyczk\u0105 ochrony osobistej PRCD 30 mA 4,5 m H07RN-F 3G1,5 CZA IP44 | 38604"},"content":{"rendered":"<p>Przed\u0142u\u017cacz 5-gniazdowy z w\u0142\u0105cznikiem i wtyczk\u0105 ochrony osobistej PRCD to idealne rozwi\u0105zanie do u\u017cytku na zewn\u0105trz, zapewniaj\u0105ce nie tylko wygod\u0119, ale i bezpiecze\u0144stwo. Wyposa\u017cony w 5 gniazd IP44, umo\u017cliwia pod\u0142\u0105czenie urz\u0105dze\u0144 o maksymalnej mocy 3500 W przy napi\u0119ciu 230 V i nat\u0119\u017ceniu 16 A. Wtyczka PRCD 30 mA chroni przed pora\u017ceniem pr\u0105dem, co czyni go doskona\u0142ym rozwi\u0105zaniem do pracy w warunkach zmiennych. Pod\u015bwietlany w\u0142\u0105cznik w silikonowej os\u0142onie zapewnia \u0142atw\u0105 obs\u0142ug\u0119 w ciemno\u015bciach, a wytrzyma\u0142y kabel H07RN-F 3G1,5 o d\u0142ugo\u015bci 4,5 m gwarantuje elastyczno\u015b\u0107 i wygod\u0119 w u\u017cytkowaniu. Przed\u0142u\u017cacz doskonale sprawdzi si\u0119 w ogrodzie, na tarasie czy podczas r\u00f3\u017cnego rodzaju prac zewn\u0119trznych.<\/p>","protected":false},"excerpt":{"rendered":"<div class=\"icons\" style=\"display: flex; flex-wrap: wrap; gap: 5px; align-items: center; margin-top: 10px;\"><img decoding=\"async\" src=\"https:\/\/as-schwabe.de\/wp-content\/uploads\/ikony\/znak_SCH.png\" alt=\"\" width=\"45\" height=\"50\" \/><img decoding=\"async\" src=\"https:\/\/as-schwabe.de\/wp-content\/uploads\/ikony\/znak_CE.png\" alt=\"\" width=\"50\" height=\"50\" \/><img decoding=\"async\" src=\"https:\/\/as-schwabe.de\/wp-content\/uploads\/ikony\/znak_IP44.png\" alt=\"\" width=\"50\" height=\"50\" \/><img loading=\"lazy\" decoding=\"async\" src=\"https:\/\/as-schwabe.de\/wp-content\/uploads\/ikony\/znak_Z.png\" alt=\"\" width=\"50\" height=\"50\" \/><img loading=\"lazy\" decoding=\"async\" src=\"https:\/\/as-schwabe.de\/wp-content\/uploads\/ikony\/znak_D.png\" alt=\"\" width=\"50\" height=\"50\" \/><img loading=\"lazy\" decoding=\"async\" src=\"https:\/\/as-schwabe.de\/wp-content\/uploads\/ikony\/znak_DE.png\" alt=\"\" width=\"50\" height=\"40\" \/><\/div>\n<ul>\n<li>znamionowy pr\u0105d r\u00f3\u017cnicowy 30 mA <\/li>\n<li>wyzwalacz podnapi\u0119ciowy <\/li>\n<li>czas wyzwalania kr\u00f3tszy ni\u017c 30 ms <\/li>\n<li>IP44: chroniony przed cia\u0142ami obcymi i bryzgami wody <\/li>\n<li>przed\u0142u\u017cacz z wtyczk\u0105 PRCD, niezawodnie chroni przed pr\u0105dem r\u00f3\u017cnicowym <\/li>\n<li>bardzo solidna konstrukcja <\/li>\n<li>230 V, 16 A, maks. 3500 W<\/li>\n<\/ul>","protected":false},"featured_media":29866,"template":"","meta":{"inline_featured_image":false},"genre":[509],"product_cat":[521,522],"product_tag":[],"class_list":{"0":"post-15288","1":"product","2":"type-product","3":"status-publish","4":"has-post-thumbnail","6":"product_brand-as-schwabe-pl","7":"product_cat-produkty-z-zakresu-elektrycznej-ochrony-indywidualnej-pl","8":"product_cat-p-seria-prcd-pl","10":"first","11":"instock","12":"shipping-taxable","13":"product-type-simple"},"aioseo_notices":[],"_links":{"self":[{"href":"https:\/\/as-schwabe.de\/pl\/wp-json\/wp\/v2\/product\/15288","targetHints":{"allow":["GET"]}}],"collection":[{"href":"https:\/\/as-schwabe.de\/pl\/wp-json\/wp\/v2\/product"}],"about":[{"href":"https:\/\/as-schwabe.de\/pl\/wp-json\/wp\/v2\/types\/product"}],"version-history":[{"count":0,"href":"https:\/\/as-schwabe.de\/pl\/wp-json\/wp\/v2\/product\/15288\/revisions"}],"wp:featuredmedia":[{"embeddable":true,"href":"https:\/\/as-schwabe.de\/pl\/wp-json\/wp\/v2\/media\/29866"}],"wp:attachment":[{"href":"https:\/\/as-schwabe.de\/pl\/wp-json\/wp\/v2\/media?parent=15288"}],"wp:term":[{"taxonomy":"product_brand","embeddable":true,"href":"https:\/\/as-schwabe.de\/pl\/wp-json\/wp\/v2\/genre?post=15288"},{"taxonomy":"product_cat","embeddable":true,"href":"https:\/\/as-schwabe.de\/pl\/wp-json\/wp\/v2\/product_cat?post=15288"},{"taxonomy":"product_tag","embeddable":true,"href":"https:\/\/as-schwabe.de\/pl\/wp-json\/wp\/v2\/product_tag?post=15288"}],"curies":[{"name":"wp","href":"https:\/\/api.w.org\/{rel}","templated":true}]}}