{"id":15282,"date":"2025-09-25T17:49:56","date_gmt":"2025-09-25T17:49:56","guid":{"rendered":"https:\/\/as-schwabe.de\/produkt\/przedluzacz-budowlany-3-gn-z-wl-h07rn-f-3g15-15-m-38603\/"},"modified":"2025-10-23T00:14:17","modified_gmt":"2025-10-23T00:14:17","slug":"przedluzacz-budowlany-3-gn-z-wl-h07rn-f-3g15-15-m-38603","status":"publish","type":"product","link":"https:\/\/as-schwabe.de\/pl\/produkt\/przedluzacz-budowlany-3-gn-z-wl-h07rn-f-3g15-15-m-38603\/","title":{"rendered":"Przed\u0142u\u017cacz listwowy budowlany 3-gniazdowy z w\u0142\u0105cznikiem 1,5 m H07RN-F 3G1,5 CZA IP44 | 38603"},"content":{"rendered":"<p>Przed\u0142u\u017cacz listwowy budowlany o d\u0142ugo\u015bci 1,5 m to niezawodne rozwi\u0105zanie do zasilania urz\u0105dze\u0144 w trudnych warunkach na budowie oraz na zewn\u0105trz. Wyposa\u017cony w trzy gniazda IP44 oraz wtyczk\u0119 IP44, obs\u0142uguje napi\u0119cie 230 V i nat\u0119\u017cenie do 16 A, co umo\u017cliwia bezpieczne pod\u0142\u0105czenie urz\u0105dze\u0144 o \u0142\u0105cznej mocy do 3500 W. Dodatkowym atutem jest pod\u015bwietlany w\u0142\u0105cznik umieszczony w silikonowej os\u0142onie, kt\u00f3ry pozwala na wygodne i b\u0142yskawiczne wy\u0142\u0105czanie zasilania. Przew\u00f3d H07RN-F 3G1,5 zapewnia wysok\u0105 odporno\u015b\u0107 na dzia\u0142anie warunk\u00f3w atmosferycznych oraz uszkodzenia mechaniczne, co czyni ten przed\u0142u\u017cacz idealnym wyborem dla profesjonalist\u00f3w w bran\u017cy budowlanej. Dzi\u0119ki klasie ochrony IP44, produkt jest dostosowany do u\u017cytku na zewn\u0105trz, zapewniaj\u0105c komfort i bezpiecze\u0144stwo podczas pracy.<\/p>","protected":false},"excerpt":{"rendered":"<div class=\"icons\" style=\"display: flex; flex-wrap: wrap; gap: 5px; align-items: center; margin-top: 10px;\"><img decoding=\"async\" src=\"https:\/\/as-schwabe.de\/wp-content\/uploads\/ikony\/znak_SCH.png\" alt=\"\" width=\"45\" height=\"50\" \/><img decoding=\"async\" src=\"https:\/\/as-schwabe.de\/wp-content\/uploads\/ikony\/znak_CE.png\" alt=\"\" width=\"50\" height=\"50\" \/><img decoding=\"async\" src=\"https:\/\/as-schwabe.de\/wp-content\/uploads\/ikony\/znak_IP44.png\" alt=\"\" width=\"50\" height=\"50\" \/><img loading=\"lazy\" decoding=\"async\" src=\"https:\/\/as-schwabe.de\/wp-content\/uploads\/ikony\/znak_PB.png\" alt=\"\" width=\"50\" height=\"50\" \/><img loading=\"lazy\" decoding=\"async\" src=\"https:\/\/as-schwabe.de\/wp-content\/uploads\/ikony\/znak_Z.png\" alt=\"\" width=\"50\" height=\"50\" \/><img loading=\"lazy\" decoding=\"async\" src=\"https:\/\/as-schwabe.de\/wp-content\/uploads\/ikony\/znak_D.png\" alt=\"\" width=\"50\" height=\"50\" \/><img loading=\"lazy\" decoding=\"async\" src=\"https:\/\/as-schwabe.de\/wp-content\/uploads\/ikony\/znak_DG.png\" alt=\"\" width=\"50\" height=\"50\" \/><\/div>\n<ul>\n<li>IP44: chroniony przed cia\u0142ami obcymi i bryzgami wody <\/li>\n<li>IP54: odporny na kurz i zachlapania <\/li>\n<li>dopuszczone do stosowania na budowach i w rolnictwie<\/li>\n<li> nadaj\u0105 si\u0119 do monta\u017cu na \u015bcianie <\/li>\n<li>z pod\u015bwietlanym w\u0142\u0105cznikiem <\/li>\n<li>z wtyczk\u0105 z uziemieniem <\/li>\n<li>gniazda z uziemieniem z samozamykaj\u0105cymi si\u0119 klapkami 230 V, 16 A, maks. 3500 W<\/li>\n<\/ul>","protected":false},"featured_media":29865,"template":"","meta":{"inline_featured_image":false},"genre":[509],"product_cat":[544,545],"product_tag":[],"class_list":{"0":"post-15282","1":"product","2":"type-product","3":"status-publish","4":"has-post-thumbnail","6":"product_brand-as-schwabe-pl","7":"product_cat-przedluzacze-2-pl","8":"product_cat-do-stosowania-na-budowach-pl","10":"first","11":"instock","12":"shipping-taxable","13":"product-type-simple"},"aioseo_notices":[],"_links":{"self":[{"href":"https:\/\/as-schwabe.de\/pl\/wp-json\/wp\/v2\/product\/15282","targetHints":{"allow":["GET"]}}],"collection":[{"href":"https:\/\/as-schwabe.de\/pl\/wp-json\/wp\/v2\/product"}],"about":[{"href":"https:\/\/as-schwabe.de\/pl\/wp-json\/wp\/v2\/types\/product"}],"version-history":[{"count":0,"href":"https:\/\/as-schwabe.de\/pl\/wp-json\/wp\/v2\/product\/15282\/revisions"}],"wp:featuredmedia":[{"embeddable":true,"href":"https:\/\/as-schwabe.de\/pl\/wp-json\/wp\/v2\/media\/29865"}],"wp:attachment":[{"href":"https:\/\/as-schwabe.de\/pl\/wp-json\/wp\/v2\/media?parent=15282"}],"wp:term":[{"taxonomy":"product_brand","embeddable":true,"href":"https:\/\/as-schwabe.de\/pl\/wp-json\/wp\/v2\/genre?post=15282"},{"taxonomy":"product_cat","embeddable":true,"href":"https:\/\/as-schwabe.de\/pl\/wp-json\/wp\/v2\/product_cat?post=15282"},{"taxonomy":"product_tag","embeddable":true,"href":"https:\/\/as-schwabe.de\/pl\/wp-json\/wp\/v2\/product_tag?post=15282"}],"curies":[{"name":"wp","href":"https:\/\/api.w.org\/{rel}","templated":true}]}}