{"id":15276,"date":"2025-09-25T17:49:47","date_gmt":"2025-09-25T17:49:47","guid":{"rendered":"https:\/\/as-schwabe.de\/produkt\/przewod-przylaczeniowy-h03vh-h-2x075m%c2%b2-bia-w-krazku-5-m-30050\/"},"modified":"2025-10-23T00:14:14","modified_gmt":"2025-10-23T00:14:14","slug":"przewodnik-przylaczeniowy-h03vh-h-2x075m%c2%b2-bia-w-krazku-5-m-30050","status":"publish","type":"product","link":"https:\/\/as-schwabe.de\/pl\/produkt\/przewodnik-przylaczeniowy-h03vh-h-2x075m%c2%b2-bia-w-krazku-5-m-30050\/","title":{"rendered":"Przew\u00f3d dwu\u017cy\u0142owy przy\u0142\u0105czeniowy w kr\u0105\u017cku 5 m H03VH-H 2&#215;0,75 BIA | 30050"},"content":{"rendered":"<p>Przew\u00f3d dwu\u017cy\u0142owy przy\u0142\u0105czeniowy H03VH-H 2&#215;0,75 mm\u00b2 to produkt wysokiej jako\u015bci, przeznaczony do zasilania urz\u0105dze\u0144 elektrycznych wymagaj\u0105cych elastyczno\u015bci i niezawodno\u015bci. Wykonany z materia\u0142\u00f3w odpornych na dzia\u0142anie wysokich temperatur oraz chemikali\u00f3w, przew\u00f3d zapewnia bezpiecze\u0144stwo u\u017cytkowania w r\u00f3\u017cnych warunkach. Oferowany w formie kr\u0105\u017cka o d\u0142ugo\u015bci 5 metr\u00f3w, z ko\u0144cami niezarobionymi, pozwala na \u0142atwe dopasowanie do indywidualnych potrzeb monta\u017cowych. Dzi\u0119ki bia\u0142emu kolorowi, doskonale wpisuje si\u0119 w estetyk\u0119 wn\u0119trz, a jego zastosowanie sprawia, \u017ce jest idealnym rozwi\u0105zaniem do instalacji nowych lub modernizowanych system\u00f3w elektrycznych w domach i biurach. Przew\u00f3d jest tak\u017ce \u0142atwy w obr\u00f3bce, co znacz\u0105co u\u0142atwia proces instalacji.<\/p>","protected":false},"excerpt":{"rendered":"<div class=\"icons\" style=\"display: flex; flex-wrap: wrap; gap: 5px; align-items: center; margin-top: 10px;\"><img decoding=\"async\" src=\"https:\/\/as-schwabe.de\/wp-content\/uploads\/ikony\/znak_CE.png\" alt=\"\" width=\"50\" height=\"50\" \/><img decoding=\"async\" src=\"https:\/\/as-schwabe.de\/wp-content\/uploads\/ikony\/znak_Z.png\" alt=\"\" width=\"50\" height=\"50\" \/><img decoding=\"async\" src=\"https:\/\/as-schwabe.de\/wp-content\/uploads\/ikony\/znak_D.png\" alt=\"\" width=\"50\" height=\"50\" \/><\/div>\n<ul>\n<li>do okablowania gniazd elektrycznych i innych akcesori\u00f3w elektrycznych<\/li>\n<\/ul>","protected":false},"featured_media":29860,"template":"","meta":{"inline_featured_image":false},"genre":[509],"product_cat":[515],"product_tag":[],"class_list":{"0":"post-15276","1":"product","2":"type-product","3":"status-publish","4":"has-post-thumbnail","6":"product_brand-as-schwabe-pl","7":"product_cat-kemping-i-caravaning-pl","9":"first","10":"instock","11":"shipping-taxable","12":"product-type-simple"},"aioseo_notices":[],"_links":{"self":[{"href":"https:\/\/as-schwabe.de\/pl\/wp-json\/wp\/v2\/product\/15276","targetHints":{"allow":["GET"]}}],"collection":[{"href":"https:\/\/as-schwabe.de\/pl\/wp-json\/wp\/v2\/product"}],"about":[{"href":"https:\/\/as-schwabe.de\/pl\/wp-json\/wp\/v2\/types\/product"}],"version-history":[{"count":0,"href":"https:\/\/as-schwabe.de\/pl\/wp-json\/wp\/v2\/product\/15276\/revisions"}],"wp:featuredmedia":[{"embeddable":true,"href":"https:\/\/as-schwabe.de\/pl\/wp-json\/wp\/v2\/media\/29860"}],"wp:attachment":[{"href":"https:\/\/as-schwabe.de\/pl\/wp-json\/wp\/v2\/media?parent=15276"}],"wp:term":[{"taxonomy":"product_brand","embeddable":true,"href":"https:\/\/as-schwabe.de\/pl\/wp-json\/wp\/v2\/genre?post=15276"},{"taxonomy":"product_cat","embeddable":true,"href":"https:\/\/as-schwabe.de\/pl\/wp-json\/wp\/v2\/product_cat?post=15276"},{"taxonomy":"product_tag","embeddable":true,"href":"https:\/\/as-schwabe.de\/pl\/wp-json\/wp\/v2\/product_tag?post=15276"}],"curies":[{"name":"wp","href":"https:\/\/api.w.org\/{rel}","templated":true}]}}