{"id":15269,"date":"2025-09-25T17:49:43","date_gmt":"2025-09-25T17:49:43","guid":{"rendered":"https:\/\/as-schwabe.de\/produkt\/przewod-przylaczeniowy-h07v-k-6m%c2%b2-cze-w-krazku-5-m-30044\/"},"modified":"2025-10-23T00:14:13","modified_gmt":"2025-10-23T00:14:13","slug":"przewod-przylaczeniowy-h07v-k-6m%c2%b2-cze-w-krazku-5-m-30044","status":"publish","type":"product","link":"https:\/\/as-schwabe.de\/pl\/produkt\/przewod-przylaczeniowy-h07v-k-6m%c2%b2-cze-w-krazku-5-m-30044\/","title":{"rendered":"Przew\u00f3d przy\u0142\u0105czeniowy w kr\u0105\u017cku 5 m H07V-K 6 mm\u00b2 CZE | 30044"},"content":{"rendered":"<p>Przew\u00f3d przy\u0142\u0105czeniowy H07V-K 6m\u00b2 w kolorze czerwonym to wysokiej jako\u015bci produkt, kt\u00f3ry sprawdzi si\u0119 idealnie w r\u00f3\u017cnorodnych zastosowaniach elektrotechnicznych. Oferowany w odcinku 5 metr\u00f3w, kr\u0105\u017cek jest wygodnie zapakowany w woreczek z etykiet\u0105, co zapewnia \u0142atwe przechowywanie i transport. Niezarobione ko\u0144ce przewodu pozwalaj\u0105 na swobodne dostosowanie d\u0142ugo\u015bci i wykonanie indywidualnych po\u0142\u0105cze\u0144, co zwi\u0119ksza elastyczno\u015b\u0107 w trakcie instalacji. Przy zastosowaniu materia\u0142\u00f3w o wysokiej odporno\u015bci, przew\u00f3d charakteryzuje si\u0119 znakomit\u0105 przewodno\u015bci\u0105 oraz trwa\u0142o\u015bci\u0105, co gwarantuje niezawodno\u015b\u0107 w codziennym u\u017cytkowaniu. Idealny do zastosowa\u0144 w budownictwie, przemy\u015ble oraz w aplikacjach domowych, stanowi doskona\u0142y wyb\u00f3r dla profesjonalist\u00f3w i majsterkowicz\u00f3w.<\/p>","protected":false},"excerpt":{"rendered":"<div class=\"icons\" style=\"display: flex; flex-wrap: wrap; gap: 5px; align-items: center; margin-top: 10px;\"><img decoding=\"async\" src=\"https:\/\/as-schwabe.de\/wp-content\/uploads\/ikony\/znak_CE.png\" alt=\"\" width=\"50\" height=\"50\" \/><img decoding=\"async\" src=\"https:\/\/as-schwabe.de\/wp-content\/uploads\/ikony\/znak_Z.png\" alt=\"\" width=\"50\" height=\"50\" \/><img decoding=\"async\" src=\"https:\/\/as-schwabe.de\/wp-content\/uploads\/ikony\/znak_D.png\" alt=\"\" width=\"50\" height=\"50\" \/><\/div>\n<ul>\n<li>do okablowania gniazd elektrycznych i innych akcesori\u00f3w elektrycznych<\/li>\n<\/ul>","protected":false},"featured_media":29857,"template":"","meta":{"inline_featured_image":false},"genre":[509],"product_cat":[515],"product_tag":[],"class_list":{"0":"post-15269","1":"product","2":"type-product","3":"status-publish","4":"has-post-thumbnail","6":"product_brand-as-schwabe-pl","7":"product_cat-kemping-i-caravaning-pl","9":"first","10":"instock","11":"shipping-taxable","12":"product-type-simple"},"aioseo_notices":[],"_links":{"self":[{"href":"https:\/\/as-schwabe.de\/pl\/wp-json\/wp\/v2\/product\/15269","targetHints":{"allow":["GET"]}}],"collection":[{"href":"https:\/\/as-schwabe.de\/pl\/wp-json\/wp\/v2\/product"}],"about":[{"href":"https:\/\/as-schwabe.de\/pl\/wp-json\/wp\/v2\/types\/product"}],"version-history":[{"count":0,"href":"https:\/\/as-schwabe.de\/pl\/wp-json\/wp\/v2\/product\/15269\/revisions"}],"wp:featuredmedia":[{"embeddable":true,"href":"https:\/\/as-schwabe.de\/pl\/wp-json\/wp\/v2\/media\/29857"}],"wp:attachment":[{"href":"https:\/\/as-schwabe.de\/pl\/wp-json\/wp\/v2\/media?parent=15269"}],"wp:term":[{"taxonomy":"product_brand","embeddable":true,"href":"https:\/\/as-schwabe.de\/pl\/wp-json\/wp\/v2\/genre?post=15269"},{"taxonomy":"product_cat","embeddable":true,"href":"https:\/\/as-schwabe.de\/pl\/wp-json\/wp\/v2\/product_cat?post=15269"},{"taxonomy":"product_tag","embeddable":true,"href":"https:\/\/as-schwabe.de\/pl\/wp-json\/wp\/v2\/product_tag?post=15269"}],"curies":[{"name":"wp","href":"https:\/\/api.w.org\/{rel}","templated":true}]}}