{"id":15261,"date":"2025-09-25T17:49:37","date_gmt":"2025-09-25T17:49:37","guid":{"rendered":"https:\/\/as-schwabe.de\/produkt\/przewod-przylaczeniowy-h07v-k-15m%c2%b2-cze-w-krazku-5-m-30041\/"},"modified":"2025-10-23T00:14:12","modified_gmt":"2025-10-23T00:14:12","slug":"przewod-przylaczeniowy-h07v-k-15m%c2%b2-cze-w-krazku-5-m-30041","status":"publish","type":"product","link":"https:\/\/as-schwabe.de\/pl\/produkt\/przewod-przylaczeniowy-h07v-k-15m%c2%b2-cze-w-krazku-5-m-30041\/","title":{"rendered":"Przew\u00f3d przy\u0142\u0105czeniowy w kr\u0105\u017cku 5 m H07V-K 1,5 mm\u00b2 CZE | 30041"},"content":{"rendered":"<p>Przew\u00f3d przy\u0142\u0105czeniowy H07V-K o przekroju 1,5 mm\u00b2 w kolorze czerwonym to wysokiej jako\u015bci produkt elektroniczny, kt\u00f3ry zapewnia niezawodne po\u0142\u0105czenia w instalacjach elektrycznych. Jego d\u0142ugo\u015b\u0107 wynosz\u0105ca 5 metr\u00f3w sprawia, \u017ce jest idealnym rozwi\u0105zaniem zar\u00f3wno do zastosowa\u0144 domowych, jak i przemys\u0142owych. Przew\u00f3d jest dostarczany w kr\u0105\u017cku, co u\u0142atwia przechowywanie i transport, a ko\u0144ce przewodu nie s\u0105 zarobione, co pozwala na ich indywidualne dostosowanie w zale\u017cno\u015bci od potrzeb u\u017cytkownika. Dzi\u0119ki zastosowaniu materia\u0142\u00f3w o wysokiej jako\u015bci, przew\u00f3d H07V-K charakteryzuje si\u0119 doskona\u0142\u0105 odporno\u015bci\u0105 na dzia\u0142anie warunk\u00f3w atmosferycznych oraz chemikali\u00f3w, co przek\u0142ada si\u0119 na jego d\u0142ugowieczno\u015b\u0107 i bezpiecze\u0144stwo u\u017cytkowania. Produkt ten doskonale sprawdzi si\u0119 w instalacjach elektrycznych, gdzie wymagana jest wysoka wydajno\u015b\u0107 i solidno\u015b\u0107.<\/p>","protected":false},"excerpt":{"rendered":"<div class=\"icons\" style=\"display: flex; flex-wrap: wrap; gap: 5px; align-items: center; margin-top: 10px;\"><img decoding=\"async\" src=\"https:\/\/as-schwabe.de\/wp-content\/uploads\/ikony\/znak_CE.png\" alt=\"\" width=\"50\" height=\"50\" \/><img decoding=\"async\" src=\"https:\/\/as-schwabe.de\/wp-content\/uploads\/ikony\/znak_Z.png\" alt=\"\" width=\"50\" height=\"50\" \/><img decoding=\"async\" src=\"https:\/\/as-schwabe.de\/wp-content\/uploads\/ikony\/znak_D.png\" alt=\"\" width=\"50\" height=\"50\" \/><\/div>\n<ul>\n<li>do okablowania gniazd elektrycznych i innych akcesori\u00f3w elektrycznych<\/li>\n<\/ul>","protected":false},"featured_media":29852,"template":"","meta":{"inline_featured_image":false},"genre":[509],"product_cat":[515],"product_tag":[],"class_list":{"0":"post-15261","1":"product","2":"type-product","3":"status-publish","4":"has-post-thumbnail","6":"product_brand-as-schwabe-pl","7":"product_cat-kemping-i-caravaning-pl","9":"first","10":"instock","11":"shipping-taxable","12":"product-type-simple"},"aioseo_notices":[],"_links":{"self":[{"href":"https:\/\/as-schwabe.de\/pl\/wp-json\/wp\/v2\/product\/15261","targetHints":{"allow":["GET"]}}],"collection":[{"href":"https:\/\/as-schwabe.de\/pl\/wp-json\/wp\/v2\/product"}],"about":[{"href":"https:\/\/as-schwabe.de\/pl\/wp-json\/wp\/v2\/types\/product"}],"version-history":[{"count":0,"href":"https:\/\/as-schwabe.de\/pl\/wp-json\/wp\/v2\/product\/15261\/revisions"}],"wp:featuredmedia":[{"embeddable":true,"href":"https:\/\/as-schwabe.de\/pl\/wp-json\/wp\/v2\/media\/29852"}],"wp:attachment":[{"href":"https:\/\/as-schwabe.de\/pl\/wp-json\/wp\/v2\/media?parent=15261"}],"wp:term":[{"taxonomy":"product_brand","embeddable":true,"href":"https:\/\/as-schwabe.de\/pl\/wp-json\/wp\/v2\/genre?post=15261"},{"taxonomy":"product_cat","embeddable":true,"href":"https:\/\/as-schwabe.de\/pl\/wp-json\/wp\/v2\/product_cat?post=15261"},{"taxonomy":"product_tag","embeddable":true,"href":"https:\/\/as-schwabe.de\/pl\/wp-json\/wp\/v2\/product_tag?post=15261"}],"curies":[{"name":"wp","href":"https:\/\/api.w.org\/{rel}","templated":true}]}}