{"id":15250,"date":"2025-09-25T17:49:30","date_gmt":"2025-09-25T17:49:30","guid":{"rendered":"https:\/\/as-schwabe.de\/produkt\/prz-bebnowy-pro-mammut-k-rn-5g4-30-m-cee-400-v-22-kw-26202\/"},"modified":"2025-10-23T00:14:09","modified_gmt":"2025-10-23T00:14:09","slug":"prz-bebnowy-pro-mammut-k-rn-5g4-30-m-cee-400-v-22-kw-26202","status":"publish","type":"product","link":"https:\/\/as-schwabe.de\/pl\/produkt\/prz-bebnowy-pro-mammut-k-rn-5g4-30-m-cee-400-v-22-kw-26202\/","title":{"rendered":"Przed\u0142u\u017cacz b\u0119bnowy profesjonalny &#8222;Mammut 460&#8220; CEE, 400 V, 32 A, 5P 30 m H07RN-F 5G4, stela\u017c sk\u0142adany k\u00f3\u0142kami | 26202"},"content":{"rendered":"<p>Przed\u0142u\u017cacz b\u0119bnowy profesjonalny &#8222;Mammut 460&#8220; to niezawodne rozwi\u0105zanie dla wymagaj\u0105cych zastosowa\u0144 w terenie i na budowach. Dzi\u0119ki d\u0142ugo\u015bci przewodu 30 m wykonanego w standardzie H07RN-F 5G4, b\u0119bnowy przed\u0142u\u017cacz zapewnia elastyczno\u015b\u0107 i wygod\u0119 u\u017cytkowania, a sk\u0142adany stela\u017c z k\u00f3\u0142kami umo\u017cliwia \u0142atwe przemieszczanie. Urz\u0105dzenie wyposa\u017cone jest w szereg zabezpiecze\u0144, w tym wy\u0142\u0105cznik r\u00f3\u017cnicowopr\u0105dowy 4P 40 A 30 mA oraz gniazda z uziemieniem 230 V i CEE 400 V, co gwarantuje wysok\u0105 wydajno\u015b\u0107 i bezpiecze\u0144stwo pracy. Odporny na dzia\u0142anie warunk\u00f3w atmosferycznych (IP44), idealnie sprawdza si\u0119 w trudnych warunkach zewn\u0119trznych, udost\u0119pniaj\u0105c maksymaln\u0105 moc do 32 A i 22 kW. To niezast\u0105pione narz\u0119dzie dla profesjonalist\u00f3w ceni\u0105cych sobie jako\u015b\u0107 i funkcjonalno\u015b\u0107.<\/p>","protected":false},"excerpt":{"rendered":"<div class=\"icons\" style=\"display: flex; flex-wrap: wrap; gap: 5px; align-items: center; margin-top: 10px;\"><img decoding=\"async\" src=\"https:\/\/as-schwabe.de\/wp-content\/uploads\/ikony\/znak_SCH.png\" alt=\"\" width=\"45\" height=\"50\" \/><img decoding=\"async\" src=\"https:\/\/as-schwabe.de\/wp-content\/uploads\/ikony\/znak_CE.png\" alt=\"\" width=\"50\" height=\"50\" \/><img decoding=\"async\" src=\"https:\/\/as-schwabe.de\/wp-content\/uploads\/ikony\/znak_IP44.png\" alt=\"\" width=\"50\" height=\"50\" \/><img loading=\"lazy\" decoding=\"async\" src=\"https:\/\/as-schwabe.de\/wp-content\/uploads\/ikony\/znak_PB.png\" alt=\"\" width=\"50\" height=\"50\" \/><img loading=\"lazy\" decoding=\"async\" src=\"https:\/\/as-schwabe.de\/wp-content\/uploads\/ikony\/znak_Z.png\" alt=\"\" width=\"50\" height=\"50\" \/><img loading=\"lazy\" decoding=\"async\" src=\"https:\/\/as-schwabe.de\/wp-content\/uploads\/ikony\/znak_D.png\" alt=\"\" width=\"50\" height=\"50\" \/><img loading=\"lazy\" decoding=\"async\" src=\"https:\/\/as-schwabe.de\/wp-content\/uploads\/ikony\/znak_K2.png\" alt=\"\" width=\"50\" height=\"50\" \/><img loading=\"lazy\" decoding=\"async\" src=\"https:\/\/as-schwabe.de\/wp-content\/uploads\/ikony\/znak_DG.png\" alt=\"\" width=\"50\" height=\"50\" \/><img loading=\"lazy\" decoding=\"async\" src=\"https:\/\/as-schwabe.de\/wp-content\/uploads\/ikony\/znak_DE.png\" alt=\"\" width=\"50\" height=\"40\" \/><\/div>\n<ul>\n<li>wyj\u0105tkowo wytrzyma\u0142y korpus b\u0119bna wykonany z twardego tworzywa TARMA-Plast <\/li>\n<li>dwa du\u017ce, ergonomiczne uchwyty u\u0142atwiaj\u0105ce podnoszenie <\/li>\n<li>rozk\u0142adana rama uchwytu u\u0142atwia jazd\u0119 nawet po nier\u00f3wnych powierzchniach <\/li>\n<li>stabilne ko\u0142a: odpowiednie do ci\u0119\u017ckiego terenu budowy <\/li>\n<li>wyj\u0105tkowo du\u017ca sk\u0142adana r\u0105czka do zwijania <\/li>\n<li>wizualny wska\u017anik przegrzania i wy\u015bwietlacz funkcji zasilania <\/li>\n<li>IP44: idealny do stosowania w trudnych warunkach budowlanych <\/li>\n<li>idealne na plac budowy <\/li>\n<li>korpus b\u0119bna wykonany z niezwykle wytrzyma\u0142ego, twardego tworzywa TARMA-Plast <\/li>\n<li>rama pokryta tworzywem sztucznym ze sta\u0142ym hamulcem postojowym <\/li>\n<li>rama no\u015bna i podstawa z ergonomicznymi uchwytami, opcjonalnie z mechanizmem sk\u0142adania <\/li>\n<li>wizualny wska\u017anik przegrzania i wy\u015bwietlacz funkcji zasilania <\/li>\n<li>IP44: chroniony przed cia\u0142ami obcymi i bryzgami wody<\/li>\n<\/ul>","protected":false},"featured_media":26898,"template":"","meta":{"inline_featured_image":false},"genre":[509],"product_cat":[510,542],"product_tag":[],"class_list":{"0":"post-15250","1":"product","2":"type-product","3":"status-publish","4":"has-post-thumbnail","6":"product_brand-as-schwabe-pl","7":"product_cat-przedluzacze-bebnowe-pl","8":"product_cat-przedluzacze-bebnowe-mammut-pl","10":"first","11":"instock","12":"shipping-taxable","13":"product-type-simple"},"aioseo_notices":[],"_links":{"self":[{"href":"https:\/\/as-schwabe.de\/pl\/wp-json\/wp\/v2\/product\/15250","targetHints":{"allow":["GET"]}}],"collection":[{"href":"https:\/\/as-schwabe.de\/pl\/wp-json\/wp\/v2\/product"}],"about":[{"href":"https:\/\/as-schwabe.de\/pl\/wp-json\/wp\/v2\/types\/product"}],"version-history":[{"count":0,"href":"https:\/\/as-schwabe.de\/pl\/wp-json\/wp\/v2\/product\/15250\/revisions"}],"wp:featuredmedia":[{"embeddable":true,"href":"https:\/\/as-schwabe.de\/pl\/wp-json\/wp\/v2\/media\/26898"}],"wp:attachment":[{"href":"https:\/\/as-schwabe.de\/pl\/wp-json\/wp\/v2\/media?parent=15250"}],"wp:term":[{"taxonomy":"product_brand","embeddable":true,"href":"https:\/\/as-schwabe.de\/pl\/wp-json\/wp\/v2\/genre?post=15250"},{"taxonomy":"product_cat","embeddable":true,"href":"https:\/\/as-schwabe.de\/pl\/wp-json\/wp\/v2\/product_cat?post=15250"},{"taxonomy":"product_tag","embeddable":true,"href":"https:\/\/as-schwabe.de\/pl\/wp-json\/wp\/v2\/product_tag?post=15250"}],"curies":[{"name":"wp","href":"https:\/\/api.w.org\/{rel}","templated":true}]}}