{"id":15238,"date":"2025-09-25T17:49:18","date_gmt":"2025-09-25T17:49:18","guid":{"rendered":"https:\/\/as-schwabe.de\/produkt\/prz-bebnowy-pro-mammut-s-rn-3g25-80-m-3x2pz-3x3p-rcd-26104\/"},"modified":"2025-10-23T00:14:08","modified_gmt":"2025-10-23T00:14:08","slug":"prz-bebnowy-pro-mammut-s-rn-3g25-80-m-3x2pz-3x3p-rcd-26104","status":"publish","type":"product","link":"https:\/\/as-schwabe.de\/pl\/produkt\/prz-bebnowy-pro-mammut-s-rn-3g25-80-m-3x2pz-3x3p-rcd-26104\/","title":{"rendered":"Przed\u0142u\u017cacz b\u0119bnowy profesjonalny &#8222;Mammut 460&#8220; CEE, 230 V, 16 A, 80 m H07RN-F 3G2,5, stela\u017c tradycyjny | 26104"},"content":{"rendered":"<p>Przed\u0142u\u017cacz b\u0119bnowy profesjonalny &#8222;Mammut 460&#8220; to niezawodne rozwi\u0105zanie dla wymagaj\u0105cych u\u017cytkownik\u00f3w w bran\u017cy budowlanej oraz na zewn\u0105trz. Wyposa\u017cony w przew\u00f3d zasilaj\u0105cy H07RN-F 3G2,5 czarny o d\u0142ugo\u015bci 80 m oraz wtyczk\u0119 CEE 230 V, 16 A, 3P, zapewnia wysoki poziom elastyczno\u015bci i mobilno\u015bci. Urz\u0105dzenie posiada zaawansowane zabezpieczenia, w tym wy\u0142\u0105cznik RCD 25 A oraz 4 gniazda z uziemieniem 230 V, 16 A, co gwarantuje bezpiecze\u0144stwo u\u017cytkowania. Dzi\u0119ki klasie ochrony IP44, przed\u0142u\u017cacz idealnie sprawdzi si\u0119 w trudnych warunkach zewn\u0119trznych, umo\u017cliwiaj\u0105c profesjonalne zasilanie narz\u0119dzi elektrycznych na placu budowy. &#8222;Mammut 460&#8220; to doskona\u0142y wyb\u00f3r dla ka\u017cdego fachowca, kt\u00f3ry ceni sobie niezawodno\u015b\u0107 i wysoka jako\u015b\u0107.<\/p>","protected":false},"excerpt":{"rendered":"<div class=\"icons\" style=\"display: flex; flex-wrap: wrap; gap: 5px; align-items: center; margin-top: 10px;\"><img decoding=\"async\" src=\"https:\/\/as-schwabe.de\/wp-content\/uploads\/ikony\/znak_SCH.png\" alt=\"\" width=\"45\" height=\"50\" \/><img decoding=\"async\" src=\"https:\/\/as-schwabe.de\/wp-content\/uploads\/ikony\/znak_CE.png\" alt=\"\" width=\"50\" height=\"50\" \/><img decoding=\"async\" src=\"https:\/\/as-schwabe.de\/wp-content\/uploads\/ikony\/znak_IP44.png\" alt=\"\" width=\"50\" height=\"50\" \/><img loading=\"lazy\" decoding=\"async\" src=\"https:\/\/as-schwabe.de\/wp-content\/uploads\/ikony\/znak_PB.png\" alt=\"\" width=\"50\" height=\"50\" \/><img loading=\"lazy\" decoding=\"async\" src=\"https:\/\/as-schwabe.de\/wp-content\/uploads\/ikony\/znak_Z.png\" alt=\"\" width=\"50\" height=\"50\" \/><img loading=\"lazy\" decoding=\"async\" src=\"https:\/\/as-schwabe.de\/wp-content\/uploads\/ikony\/znak_D.png\" alt=\"\" width=\"50\" height=\"50\" \/><img loading=\"lazy\" decoding=\"async\" src=\"https:\/\/as-schwabe.de\/wp-content\/uploads\/ikony\/znak_K2.png\" alt=\"\" width=\"50\" height=\"50\" \/><img loading=\"lazy\" decoding=\"async\" src=\"https:\/\/as-schwabe.de\/wp-content\/uploads\/ikony\/znak_DG.png\" alt=\"\" width=\"50\" height=\"50\" \/><img loading=\"lazy\" decoding=\"async\" src=\"https:\/\/as-schwabe.de\/wp-content\/uploads\/ikony\/znak_DE.png\" alt=\"\" width=\"50\" height=\"40\" \/><\/div>\n<ul>\n<li>wyj\u0105tkowo wytrzyma\u0142y korpus b\u0119bna wykonany z twardego tworzywa TARMA-Plast <\/li>\n<li>dwa du\u017ce, ergonomiczne uchwyty u\u0142atwiaj\u0105ce podnoszenie <\/li>\n<li>rozk\u0142adana rama uchwytu u\u0142atwia jazd\u0119 nawet po nier\u00f3wnych powierzchniach <\/li>\n<li>stabilne ko\u0142a: odpowiednie do ci\u0119\u017ckiego terenu budowy <\/li>\n<li>wyj\u0105tkowo du\u017ca sk\u0142adana r\u0105czka do zwijania <\/li>\n<li>wizualny wska\u017anik przegrzania i wy\u015bwietlacz funkcji zasilania <\/li>\n<li>IP44: idealny do stosowania w trudnych warunkach budowlanych <\/li>\n<li>idealne na plac budowy <\/li>\n<li>korpus b\u0119bna wykonany z niezwykle wytrzyma\u0142ego, twardego tworzywa TARMA-Plast <\/li>\n<li>rama pokryta tworzywem sztucznym ze sta\u0142ym hamulcem postojowym <\/li>\n<li>rama no\u015bna i podstawa z ergonomicznymi uchwytami, opcjonalnie z mechanizmem sk\u0142adania <\/li>\n<li>wizualny wska\u017anik przegrzania i wy\u015bwietlacz funkcji zasilania <\/li>\n<li>IP44: chroniony przed cia\u0142ami obcymi i bryzgami wody<\/li>\n<\/ul>","protected":false},"featured_media":26890,"template":"","meta":{"inline_featured_image":false},"genre":[509],"product_cat":[510,542],"product_tag":[],"class_list":{"0":"post-15238","1":"product","2":"type-product","3":"status-publish","4":"has-post-thumbnail","6":"product_brand-as-schwabe-pl","7":"product_cat-przedluzacze-bebnowe-pl","8":"product_cat-przedluzacze-bebnowe-mammut-pl","10":"first","11":"instock","12":"shipping-taxable","13":"product-type-simple"},"aioseo_notices":[],"_links":{"self":[{"href":"https:\/\/as-schwabe.de\/pl\/wp-json\/wp\/v2\/product\/15238","targetHints":{"allow":["GET"]}}],"collection":[{"href":"https:\/\/as-schwabe.de\/pl\/wp-json\/wp\/v2\/product"}],"about":[{"href":"https:\/\/as-schwabe.de\/pl\/wp-json\/wp\/v2\/types\/product"}],"version-history":[{"count":0,"href":"https:\/\/as-schwabe.de\/pl\/wp-json\/wp\/v2\/product\/15238\/revisions"}],"wp:featuredmedia":[{"embeddable":true,"href":"https:\/\/as-schwabe.de\/pl\/wp-json\/wp\/v2\/media\/26890"}],"wp:attachment":[{"href":"https:\/\/as-schwabe.de\/pl\/wp-json\/wp\/v2\/media?parent=15238"}],"wp:term":[{"taxonomy":"product_brand","embeddable":true,"href":"https:\/\/as-schwabe.de\/pl\/wp-json\/wp\/v2\/genre?post=15238"},{"taxonomy":"product_cat","embeddable":true,"href":"https:\/\/as-schwabe.de\/pl\/wp-json\/wp\/v2\/product_cat?post=15238"},{"taxonomy":"product_tag","embeddable":true,"href":"https:\/\/as-schwabe.de\/pl\/wp-json\/wp\/v2\/product_tag?post=15238"}],"curies":[{"name":"wp","href":"https:\/\/api.w.org\/{rel}","templated":true}]}}