{"id":15231,"date":"2025-09-25T17:49:11","date_gmt":"2025-09-25T17:49:11","guid":{"rendered":"https:\/\/as-schwabe.de\/produkt\/prz-bebnowy-pro-mammut-s-rn-5g4-30-m-cee-400-v-22-kw-26102\/"},"modified":"2025-10-23T00:14:07","modified_gmt":"2025-10-23T00:14:07","slug":"prz-bebnowy-pro-mammut-s-rn-5g4-30-m-cee-400-v-22-kw-26102","status":"publish","type":"product","link":"https:\/\/as-schwabe.de\/pl\/produkt\/prz-bebnowy-pro-mammut-s-rn-5g4-30-m-cee-400-v-22-kw-26102\/","title":{"rendered":"Przed\u0142u\u017cacz b\u0119bnowy profesjonalny &#8222;Mammut 460&#8220; CEE, 400 V, 32 A, 5P 30 m H07RN-F 5G4, stela\u017c tradycyjny | 26102"},"content":{"rendered":"<p>Przed\u0142u\u017cacz b\u0119bnowy profesjonalny &#8222;Mammut 460&#8220; to niezawodne rozwi\u0105zanie dla wymagaj\u0105cych zastosowa\u0144 w terenie oraz na budowach. Wyposa\u017cony w 30-metrowy przew\u00f3d zasilaj\u0105cy H07RN-F 5G4 oraz wtyczk\u0119 CEE 400 V, 32 A, 5P, gwarantuje bezpieczne i efektywne zasilanie sprz\u0119tu elektrycznego. Produkt oferuje szereg gniazd wyj\u015bciowych, w tym 3 gniazda z uziemieniem 230 V oraz dwa gniazda CEE 400 V, co zwi\u0119ksza wszechstronno\u015b\u0107 jego zastosowania. Dodatkowe zabezpieczenia, w tym wy\u0142\u0105cznik r\u00f3\u017cnicowopr\u0105dowy oraz odpowiednie automatyczne bezpieczniki, zapewniaj\u0105 wysoki poziom ochrony przed przeci\u0105\u017ceniem i pora\u017ceniem pr\u0105dem. Dzi\u0119ki klasie ochrony IP44, przed\u0142u\u017cacz jest odporny na zachlapania i mo\u017ce by\u0107 u\u017cywany zar\u00f3wno wewn\u0105trz, jak i na zewn\u0105trz. Idealny dla profesjonalist\u00f3w szukaj\u0105cych wytrzyma\u0142ego i funkcjonalnego rozwi\u0105zania do pracy w trudnych warunkach.<\/p>","protected":false},"excerpt":{"rendered":"<div class=\"icons\" style=\"display: flex; flex-wrap: wrap; gap: 5px; align-items: center; margin-top: 10px;\"><img decoding=\"async\" src=\"https:\/\/as-schwabe.de\/wp-content\/uploads\/ikony\/znak_SCH.png\" alt=\"\" width=\"45\" height=\"50\" \/><img decoding=\"async\" src=\"https:\/\/as-schwabe.de\/wp-content\/uploads\/ikony\/znak_CE.png\" alt=\"\" width=\"50\" height=\"50\" \/><img decoding=\"async\" src=\"https:\/\/as-schwabe.de\/wp-content\/uploads\/ikony\/znak_IP44.png\" alt=\"\" width=\"50\" height=\"50\" \/><img loading=\"lazy\" decoding=\"async\" src=\"https:\/\/as-schwabe.de\/wp-content\/uploads\/ikony\/znak_PB.png\" alt=\"\" width=\"50\" height=\"50\" \/><img loading=\"lazy\" decoding=\"async\" src=\"https:\/\/as-schwabe.de\/wp-content\/uploads\/ikony\/znak_Z.png\" alt=\"\" width=\"50\" height=\"50\" \/><img loading=\"lazy\" decoding=\"async\" src=\"https:\/\/as-schwabe.de\/wp-content\/uploads\/ikony\/znak_D.png\" alt=\"\" width=\"50\" height=\"50\" \/><img loading=\"lazy\" decoding=\"async\" src=\"https:\/\/as-schwabe.de\/wp-content\/uploads\/ikony\/znak_K2.png\" alt=\"\" width=\"50\" height=\"50\" \/><img loading=\"lazy\" decoding=\"async\" src=\"https:\/\/as-schwabe.de\/wp-content\/uploads\/ikony\/znak_DG.png\" alt=\"\" width=\"50\" height=\"50\" \/><img loading=\"lazy\" decoding=\"async\" src=\"https:\/\/as-schwabe.de\/wp-content\/uploads\/ikony\/znak_DE.png\" alt=\"\" width=\"50\" height=\"40\" \/><\/div>\n<ul>\n<li>wyj\u0105tkowo wytrzyma\u0142y korpus b\u0119bna wykonany z twardego tworzywa TARMA-Plast <\/li>\n<li>dwa du\u017ce, ergonomiczne uchwyty u\u0142atwiaj\u0105ce podnoszenie <\/li>\n<li>rozk\u0142adana rama uchwytu u\u0142atwia jazd\u0119 nawet po nier\u00f3wnych powierzchniach <\/li>\n<li>stabilne ko\u0142a: odpowiednie do ci\u0119\u017ckiego terenu budowy <\/li>\n<li>wyj\u0105tkowo du\u017ca sk\u0142adana r\u0105czka do zwijania <\/li>\n<li>wizualny wska\u017anik przegrzania i wy\u015bwietlacz funkcji zasilania <\/li>\n<li>IP44: idealny do stosowania w trudnych warunkach budowlanych <\/li>\n<li>idealne na plac budowy <\/li>\n<li>korpus b\u0119bna wykonany z niezwykle wytrzyma\u0142ego, twardego tworzywa TARMA-Plast <\/li>\n<li>rama pokryta tworzywem sztucznym ze sta\u0142ym hamulcem postojowym <\/li>\n<li>rama no\u015bna i podstawa z ergonomicznymi uchwytami, opcjonalnie z mechanizmem sk\u0142adania <\/li>\n<li>wizualny wska\u017anik przegrzania i wy\u015bwietlacz funkcji zasilania <\/li>\n<li>IP44: chroniony przed cia\u0142ami obcymi i bryzgami wody<\/li>\n<\/ul>","protected":false},"featured_media":26885,"template":"","meta":{"inline_featured_image":false},"genre":[509],"product_cat":[510,542],"product_tag":[],"class_list":{"0":"post-15231","1":"product","2":"type-product","3":"status-publish","4":"has-post-thumbnail","6":"product_brand-as-schwabe-pl","7":"product_cat-przedluzacze-bebnowe-pl","8":"product_cat-przedluzacze-bebnowe-mammut-pl","10":"first","11":"instock","12":"shipping-taxable","13":"product-type-simple"},"aioseo_notices":[],"_links":{"self":[{"href":"https:\/\/as-schwabe.de\/pl\/wp-json\/wp\/v2\/product\/15231","targetHints":{"allow":["GET"]}}],"collection":[{"href":"https:\/\/as-schwabe.de\/pl\/wp-json\/wp\/v2\/product"}],"about":[{"href":"https:\/\/as-schwabe.de\/pl\/wp-json\/wp\/v2\/types\/product"}],"version-history":[{"count":0,"href":"https:\/\/as-schwabe.de\/pl\/wp-json\/wp\/v2\/product\/15231\/revisions"}],"wp:featuredmedia":[{"embeddable":true,"href":"https:\/\/as-schwabe.de\/pl\/wp-json\/wp\/v2\/media\/26885"}],"wp:attachment":[{"href":"https:\/\/as-schwabe.de\/pl\/wp-json\/wp\/v2\/media?parent=15231"}],"wp:term":[{"taxonomy":"product_brand","embeddable":true,"href":"https:\/\/as-schwabe.de\/pl\/wp-json\/wp\/v2\/genre?post=15231"},{"taxonomy":"product_cat","embeddable":true,"href":"https:\/\/as-schwabe.de\/pl\/wp-json\/wp\/v2\/product_cat?post=15231"},{"taxonomy":"product_tag","embeddable":true,"href":"https:\/\/as-schwabe.de\/pl\/wp-json\/wp\/v2\/product_tag?post=15231"}],"curies":[{"name":"wp","href":"https:\/\/api.w.org\/{rel}","templated":true}]}}