{"id":15229,"date":"2025-09-25T17:49:09","date_gmt":"2025-09-25T17:49:09","guid":{"rendered":"https:\/\/as-schwabe.de\/produkt\/prz-bebnowy-pro-mammut-s-rn-5g25-40-m-cee-400-v-11-kw-26101\/"},"modified":"2025-10-23T00:14:06","modified_gmt":"2025-10-23T00:14:06","slug":"prz-bebnowy-pro-mammut-s-rn-5g25-40-m-cee-400-v-11-kw-26101","status":"publish","type":"product","link":"https:\/\/as-schwabe.de\/pl\/produkt\/prz-bebnowy-pro-mammut-s-rn-5g25-40-m-cee-400-v-11-kw-26101\/","title":{"rendered":"Przed\u0142u\u017cacz b\u0119bnowy profesjonalny &#8222;Mammut 460&#8220; CEE, 400 V, 16 A, 5P 40 m H07RN-F 5G2,5, stela\u017c tradycyjny | 26101"},"content":{"rendered":"<p>Przed\u0142u\u017cacz b\u0119bnowy profesjonalny &#8222;Mammut 460&#8220; to niezawodne rozwi\u0105zanie dla wymagaj\u0105cych u\u017cytkownik\u00f3w, kt\u00f3re sprawdzi si\u0119 zar\u00f3wno w warunkach budowlanych, jak i na zewn\u0105trz. Wyposa\u017cony w przew\u00f3d zasilaj\u0105cy H07RN-F 5G2,5 czarny o d\u0142ugo\u015bci 40 m, oferuje wszechstronne mo\u017cliwo\u015bci pod\u0142\u0105czenia dzi\u0119ki trzem gniazdom 230 V z uziemieniem oraz gniazdu CEE 230 V i trzem gniazdom CEE 400 V. Jego maksymalne parametry wynosz\u0105 400 V, 16 A oraz 11 kW, co zapewnia stabiln\u0105 i bezpieczn\u0105 prac\u0119 z r\u00f3\u017cnorodnymi narz\u0119dziami elektrycznymi. Dodatkowo, zastosowane zabezpieczenie w postaci wy\u0142\u0105cznika termicznego 3P oraz klasyfikacja IP44 gwarantuj\u0105 odporno\u015b\u0107 na dzia\u0142anie warunk\u00f3w atmosferycznych, co czyni go idealnym wyborem do intensywnego u\u017cytku na placu budowy.<\/p>","protected":false},"excerpt":{"rendered":"<div class=\"icons\" style=\"display: flex; flex-wrap: wrap; gap: 5px; align-items: center; margin-top: 10px;\"><img decoding=\"async\" src=\"https:\/\/as-schwabe.de\/wp-content\/uploads\/ikony\/znak_SCH.png\" alt=\"\" width=\"45\" height=\"50\" \/><img decoding=\"async\" src=\"https:\/\/as-schwabe.de\/wp-content\/uploads\/ikony\/znak_CE.png\" alt=\"\" width=\"50\" height=\"50\" \/><img decoding=\"async\" src=\"https:\/\/as-schwabe.de\/wp-content\/uploads\/ikony\/znak_IP44.png\" alt=\"\" width=\"50\" height=\"50\" \/><img loading=\"lazy\" decoding=\"async\" src=\"https:\/\/as-schwabe.de\/wp-content\/uploads\/ikony\/znak_PB.png\" alt=\"\" width=\"50\" height=\"50\" \/><img loading=\"lazy\" decoding=\"async\" src=\"https:\/\/as-schwabe.de\/wp-content\/uploads\/ikony\/znak_Z.png\" alt=\"\" width=\"50\" height=\"50\" \/><img loading=\"lazy\" decoding=\"async\" src=\"https:\/\/as-schwabe.de\/wp-content\/uploads\/ikony\/znak_D.png\" alt=\"\" width=\"50\" height=\"50\" \/><img loading=\"lazy\" decoding=\"async\" src=\"https:\/\/as-schwabe.de\/wp-content\/uploads\/ikony\/znak_K2.png\" alt=\"\" width=\"50\" height=\"50\" \/><img loading=\"lazy\" decoding=\"async\" src=\"https:\/\/as-schwabe.de\/wp-content\/uploads\/ikony\/znak_DG.png\" alt=\"\" width=\"50\" height=\"50\" \/><img loading=\"lazy\" decoding=\"async\" src=\"https:\/\/as-schwabe.de\/wp-content\/uploads\/ikony\/znak_DE.png\" alt=\"\" width=\"50\" height=\"40\" \/><\/div>\n<ul>\n<li>wyj\u0105tkowo wytrzyma\u0142y korpus b\u0119bna wykonany z twardego tworzywa TARMA-Plast <\/li>\n<li>dwa du\u017ce, ergonomiczne uchwyty u\u0142atwiaj\u0105ce podnoszenie <\/li>\n<li>rozk\u0142adana rama uchwytu u\u0142atwia jazd\u0119 nawet po nier\u00f3wnych powierzchniach <\/li>\n<li>stabilne ko\u0142a: odpowiednie do ci\u0119\u017ckiego terenu budowy <\/li>\n<li>wyj\u0105tkowo du\u017ca sk\u0142adana r\u0105czka do zwijania <\/li>\n<li>wizualny wska\u017anik przegrzania i wy\u015bwietlacz funkcji zasilania <\/li>\n<li>IP44: idealny do stosowania w trudnych warunkach budowlanych <\/li>\n<li>idealne na plac budowy <\/li>\n<li>korpus b\u0119bna wykonany z niezwykle wytrzyma\u0142ego, twardego tworzywa TARMA-Plast <\/li>\n<li>rama pokryta tworzywem sztucznym ze sta\u0142ym hamulcem postojowym <\/li>\n<li>rama no\u015bna i podstawa z ergonomicznymi uchwytami, opcjonalnie z mechanizmem sk\u0142adania <\/li>\n<li>wizualny wska\u017anik przegrzania i wy\u015bwietlacz funkcji zasilania <\/li>\n<li>IP44: chroniony przed cia\u0142ami obcymi i bryzgami wody<\/li>\n<\/ul>","protected":false},"featured_media":26884,"template":"","meta":{"inline_featured_image":false},"genre":[509],"product_cat":[510,542],"product_tag":[],"class_list":{"0":"post-15229","1":"product","2":"type-product","3":"status-publish","4":"has-post-thumbnail","6":"product_brand-as-schwabe-pl","7":"product_cat-przedluzacze-bebnowe-pl","8":"product_cat-przedluzacze-bebnowe-mammut-pl","10":"first","11":"instock","12":"shipping-taxable","13":"product-type-simple"},"aioseo_notices":[],"_links":{"self":[{"href":"https:\/\/as-schwabe.de\/pl\/wp-json\/wp\/v2\/product\/15229","targetHints":{"allow":["GET"]}}],"collection":[{"href":"https:\/\/as-schwabe.de\/pl\/wp-json\/wp\/v2\/product"}],"about":[{"href":"https:\/\/as-schwabe.de\/pl\/wp-json\/wp\/v2\/types\/product"}],"version-history":[{"count":0,"href":"https:\/\/as-schwabe.de\/pl\/wp-json\/wp\/v2\/product\/15229\/revisions"}],"wp:featuredmedia":[{"embeddable":true,"href":"https:\/\/as-schwabe.de\/pl\/wp-json\/wp\/v2\/media\/26884"}],"wp:attachment":[{"href":"https:\/\/as-schwabe.de\/pl\/wp-json\/wp\/v2\/media?parent=15229"}],"wp:term":[{"taxonomy":"product_brand","embeddable":true,"href":"https:\/\/as-schwabe.de\/pl\/wp-json\/wp\/v2\/genre?post=15229"},{"taxonomy":"product_cat","embeddable":true,"href":"https:\/\/as-schwabe.de\/pl\/wp-json\/wp\/v2\/product_cat?post=15229"},{"taxonomy":"product_tag","embeddable":true,"href":"https:\/\/as-schwabe.de\/pl\/wp-json\/wp\/v2\/product_tag?post=15229"}],"curies":[{"name":"wp","href":"https:\/\/api.w.org\/{rel}","templated":true}]}}