{"id":15222,"date":"2025-09-25T17:49:04","date_gmt":"2025-09-25T17:49:04","guid":{"rendered":"https:\/\/as-schwabe.de\/produkt\/nawijak-bebnowy-profi-mammut-z-kolkami-26020\/"},"modified":"2025-10-23T00:14:06","modified_gmt":"2025-10-23T00:14:06","slug":"nawijak-bebnowy-profi-mammut-z-kolkami-26020","status":"publish","type":"product","link":"https:\/\/as-schwabe.de\/pl\/produkt\/nawijak-bebnowy-profi-mammut-z-kolkami-26020\/","title":{"rendered":"Nawijak b\u0119bnowy profesjonalny &#8222;Mammut 460&#8220; z ram\u0105 klatkow\u0105 ze sk\u0142adan\u0105 r\u0105czka i z k\u00f3\u0142kami | 26020"},"content":{"rendered":"<p>Nawijak b\u0119bnowy profesjonalny &#8222;Mammut 460&#8220; to niezawodne urz\u0105dzenie, kt\u00f3re sprawdzi si\u0119 w ka\u017cdym warsztacie oraz podczas prac w terenie. Wyposa\u017cony w metalowy stela\u017c z ram\u0105 klatkow\u0105, oferuje wysok\u0105 stabilno\u015b\u0107 i trwa\u0142o\u015b\u0107, a sk\u0142adana r\u0105czka i k\u00f3\u0142ka u\u0142atwiaj\u0105 transport i przechowywanie. B\u0119ben wykonany z wytrzyma\u0142ego plastiku TARMA-Plast w kolorze czarnym zapewnia \u0142atwe nawijanie i przechowywanie przewod\u00f3w, a podw\u00f3jny uchwyt z tworzywa zapewnia komfort i ergonomiczn\u0105 obs\u0142ug\u0119. Dodatkowo, hamulec i za\u015blepka zwi\u0119kszaj\u0105 bezpiecze\u0144stwo u\u017cytkowania, sprawiaj\u0105c, \u017ce &#8222;Mammut 460&#8220; to idealne rozwi\u0105zanie dla profesjonalist\u00f3w ceni\u0105cych sobie jako\u015b\u0107 i funkcjonalno\u015b\u0107.<\/p>","protected":false},"excerpt":{"rendered":"<div class=\"icons\" style=\"display: flex; flex-wrap: wrap; gap: 5px; align-items: center; margin-top: 10px;\"><img decoding=\"async\" src=\"https:\/\/as-schwabe.de\/wp-content\/uploads\/ikony\/znak_DE.png\" alt=\"\" width=\"50\" height=\"40\" \/><\/div>\n<ul>\n<li>korpus b\u0119bna wykonany z niezwykle wytrzyma\u0142ego, twardego tworzywa TARMA-Plast <\/li>\n<li>stela\u017c pokryty tworzywem sztucznym ze sta\u0142ym hamulcem postojowym <\/li>\n<li>z dwoma ergonomicznymi uchwytami i mechanizmem sk\u0142adania r\u0105czki<\/li>\n<\/ul>","protected":false},"featured_media":26879,"template":"","meta":{"inline_featured_image":false},"genre":[509],"product_cat":[510,542],"product_tag":[],"class_list":{"0":"post-15222","1":"product","2":"type-product","3":"status-publish","4":"has-post-thumbnail","6":"product_brand-as-schwabe-pl","7":"product_cat-przedluzacze-bebnowe-pl","8":"product_cat-przedluzacze-bebnowe-mammut-pl","10":"first","11":"instock","12":"shipping-taxable","13":"product-type-simple"},"aioseo_notices":[],"_links":{"self":[{"href":"https:\/\/as-schwabe.de\/pl\/wp-json\/wp\/v2\/product\/15222","targetHints":{"allow":["GET"]}}],"collection":[{"href":"https:\/\/as-schwabe.de\/pl\/wp-json\/wp\/v2\/product"}],"about":[{"href":"https:\/\/as-schwabe.de\/pl\/wp-json\/wp\/v2\/types\/product"}],"version-history":[{"count":0,"href":"https:\/\/as-schwabe.de\/pl\/wp-json\/wp\/v2\/product\/15222\/revisions"}],"wp:featuredmedia":[{"embeddable":true,"href":"https:\/\/as-schwabe.de\/pl\/wp-json\/wp\/v2\/media\/26879"}],"wp:attachment":[{"href":"https:\/\/as-schwabe.de\/pl\/wp-json\/wp\/v2\/media?parent=15222"}],"wp:term":[{"taxonomy":"product_brand","embeddable":true,"href":"https:\/\/as-schwabe.de\/pl\/wp-json\/wp\/v2\/genre?post=15222"},{"taxonomy":"product_cat","embeddable":true,"href":"https:\/\/as-schwabe.de\/pl\/wp-json\/wp\/v2\/product_cat?post=15222"},{"taxonomy":"product_tag","embeddable":true,"href":"https:\/\/as-schwabe.de\/pl\/wp-json\/wp\/v2\/product_tag?post=15222"}],"curies":[{"name":"wp","href":"https:\/\/api.w.org\/{rel}","templated":true}]}}