{"id":15217,"date":"2025-09-25T17:48:59","date_gmt":"2025-09-25T17:48:59","guid":{"rendered":"https:\/\/as-schwabe.de\/produkt\/zestaw-3-gniazd-sterowanych-radiowo-z-pilotem-24080\/"},"modified":"2025-10-23T00:14:05","modified_gmt":"2025-10-23T00:14:05","slug":"zestaw-3-gniazd-sterowanych-radiowo-z-pilotem-24080","status":"publish","type":"product","link":"https:\/\/as-schwabe.de\/pl\/produkt\/zestaw-3-gniazd-sterowanych-radiowo-z-pilotem-24080\/","title":{"rendered":"Zestaw 3 gniazd sterowanych radiowo z pilotem | 24080"},"content":{"rendered":"<p>Zestaw 3 gniazd sterowanych radiowo z pilotem to innowacyjne rozwi\u0105zanie, kt\u00f3re umo\u017cliwia wygodne zarz\u0105dzanie urz\u0105dzeniami elektrycznymi w trudnodost\u0119pnych miejscach. Dzi\u0119ki zasi\u0119gowi pilota do 30 metr\u00f3w, u\u017cytkownik mo\u017ce zdalnie w\u0142\u0105cza\u0107 i wy\u0142\u0105cza\u0107 gniazda, co zapewnia komfort oraz oszcz\u0119dno\u015b\u0107 energii. Mo\u017cliwo\u015b\u0107 niezale\u017cnego lub jednoczesnego sterowania gniazdami sprawia, \u017ce zestaw doskonale sprawdzi si\u0119 w r\u00f3\u017cnych aplikacjach domowych oraz biurowych. Gniazda s\u0105 przeznaczone do u\u017cytku wewn\u0119trznego (IP20), co czyni je idealnym rozwi\u0105zaniem do codziennego u\u017cytku w pomieszczeniach. Warto postawi\u0107 na ten zestaw, aby zwi\u0119kszy\u0107 funkcjonalno\u015b\u0107 swojego wn\u0119trza oraz upro\u015bci\u0107 codzienne czynno\u015bci zwi\u0105zane z obs\u0142ug\u0105 urz\u0105dze\u0144 elektrycznych.<\/p>","protected":false},"excerpt":{"rendered":"<div class=\"icons\" style=\"display: flex; flex-wrap: wrap; gap: 5px; align-items: center; margin-top: 10px;\"><img decoding=\"async\" src=\"https:\/\/as-schwabe.de\/wp-content\/uploads\/ikony\/znak_CE.png\" alt=\"\" width=\"50\" height=\"50\" \/><img decoding=\"async\" src=\"https:\/\/as-schwabe.de\/wp-content\/uploads\/ikony\/znak_IP20.png\" alt=\"\" width=\"50\" height=\"50\" \/><img decoding=\"async\" src=\"https:\/\/as-schwabe.de\/wp-content\/uploads\/ikony\/znak_D.png\" alt=\"\" width=\"50\" height=\"50\" \/><\/div>\n<ul>\n<li>gniazdka sterowane radiowo z pilotem umo\u017cliwiaj\u0105ce wygodne w\u0142\u0105czanie i wy\u0142\u0105czanie urz\u0105dze\u0144 elektrycznych, np. takich jak: telewizory, komputery, urz\u0105dzenia hi-fi itp. <\/li>\n<li>pilot zdalnego sterowania o zasi\u0119gu do 30 metr\u00f3w <\/li>\n<li>gniazda mo\u017cna wybiera\u0107 indywidualnie lub jednocze\u015bnie z przes\u0142onami tor\u00f3w pr\u0105dowych <\/li>\n<li>odbiorniki mog\u0105 by\u0107 umieszczone poza zasi\u0119giem wzroku, np. za szafkami itp. <\/li>\n<li>szczeg\u00f3lnie nadaje si\u0119 do obs\u0142ugi trudno dost\u0119pnych urz\u0105dze\u0144 elektrycznych <\/li>\n<li>\u0142atwy w u\u017cyciu: nie wymaga instalacji <\/li>\n<li>IP20: do u\u017cytku wewn\u0105trz pomieszcze\u0144<\/li>\n<\/ul>","protected":false},"featured_media":26876,"template":"","meta":{"inline_featured_image":false},"genre":[509],"product_cat":[525,541],"product_tag":[],"class_list":{"0":"post-15217","1":"product","2":"type-product","3":"status-publish","4":"has-post-thumbnail","6":"product_brand-as-schwabe-pl","7":"product_cat-dom-i-ogrod-2-pl","8":"product_cat-gniazda-sterowane-radiowo-pl","10":"first","11":"instock","12":"shipping-taxable","13":"product-type-simple"},"aioseo_notices":[],"_links":{"self":[{"href":"https:\/\/as-schwabe.de\/pl\/wp-json\/wp\/v2\/product\/15217","targetHints":{"allow":["GET"]}}],"collection":[{"href":"https:\/\/as-schwabe.de\/pl\/wp-json\/wp\/v2\/product"}],"about":[{"href":"https:\/\/as-schwabe.de\/pl\/wp-json\/wp\/v2\/types\/product"}],"version-history":[{"count":0,"href":"https:\/\/as-schwabe.de\/pl\/wp-json\/wp\/v2\/product\/15217\/revisions"}],"wp:featuredmedia":[{"embeddable":true,"href":"https:\/\/as-schwabe.de\/pl\/wp-json\/wp\/v2\/media\/26876"}],"wp:attachment":[{"href":"https:\/\/as-schwabe.de\/pl\/wp-json\/wp\/v2\/media?parent=15217"}],"wp:term":[{"taxonomy":"product_brand","embeddable":true,"href":"https:\/\/as-schwabe.de\/pl\/wp-json\/wp\/v2\/genre?post=15217"},{"taxonomy":"product_cat","embeddable":true,"href":"https:\/\/as-schwabe.de\/pl\/wp-json\/wp\/v2\/product_cat?post=15217"},{"taxonomy":"product_tag","embeddable":true,"href":"https:\/\/as-schwabe.de\/pl\/wp-json\/wp\/v2\/product_tag?post=15217"}],"curies":[{"name":"wp","href":"https:\/\/api.w.org\/{rel}","templated":true}]}}