{"id":15213,"date":"2025-09-25T17:48:54","date_gmt":"2025-09-25T17:48:54","guid":{"rendered":"https:\/\/as-schwabe.de\/produkt\/urzadzenie-do-pomiarow-kosztow-energii-24052\/"},"modified":"2025-10-23T00:14:05","modified_gmt":"2025-10-23T00:14:05","slug":"urzadzenie-do-pomiaru-kosztow-energii-24052","status":"publish","type":"product","link":"https:\/\/as-schwabe.de\/pl\/produkt\/urzadzenie-do-pomiaru-kosztow-energii-24052\/","title":{"rendered":"Urz\u0105dzenie do pomiar\u00f3w koszt\u00f3w energii | 24052"},"content":{"rendered":"<p>Urz\u0105dzenie do pomiar\u00f3w koszt\u00f3w energii to zaawansowane narz\u0119dzie, kt\u00f3re precyzyjnie mierzy zar\u00f3wno chwilowe, jak i ca\u0142kowite zu\u017cycie energii elektrycznej. Wyposa\u017cone w czytelny 4-cyfrowy wy\u015bwietlacz LCD, umo\u017cliwia \u0142atwe odczytywanie danych, co pozwala u\u017cytkownikowi na efektywne zarz\u0105dzanie zu\u017cyciem energii. Z wysok\u0105 dok\u0142adno\u015bci\u0105 pomiaru wynosz\u0105c\u0105 +\/- 2%, urz\u0105dzenie zapewnia rzetelne dane, kt\u00f3re s\u0105 niezb\u0119dne do analizy koszt\u00f3w. Oznaczenie IP20 wskazuje na przeznaczenie urz\u0105dzenia do u\u017cytku wewn\u0105trz pomieszcze\u0144, co czyni je idealnym rozwi\u0105zaniem dla dom\u00f3w, biur oraz innych obiekt\u00f3w. Wykorzystanie tego urz\u0105dzenia pozwala na oszcz\u0119dno\u015bci w rachunkach za energi\u0119 oraz podejmowanie \u015bwiadomych decyzji dotycz\u0105cych zu\u017cycia energii.<\/p>","protected":false},"excerpt":{"rendered":"<div class=\"icons\" style=\"display: flex; flex-wrap: wrap; gap: 5px; align-items: center; margin-top: 10px;\"><img decoding=\"async\" src=\"https:\/\/as-schwabe.de\/wp-content\/uploads\/ikony\/znak_CE.png\" alt=\"\" width=\"50\" height=\"50\" \/><img decoding=\"async\" src=\"https:\/\/as-schwabe.de\/wp-content\/uploads\/ikony\/znak_IP20.png\" alt=\"\" width=\"50\" height=\"50\" \/><img decoding=\"async\" src=\"https:\/\/as-schwabe.de\/wp-content\/uploads\/ikony\/znak_D.png\" alt=\"\" width=\"50\" height=\"50\" \/><\/div>\n<ul>\n<li>do obliczania koszt\u00f3w operacyjnych i zmniejszania zu\u017cycia energii przez urz\u0105dzenia gospodarstwa domowego <\/li>\n<li>pomaga rozpozna\u0107 po\u017ceraczy energii, a tym samym prowadzi do obni\u017cenia koszt\u00f3w energii elektrycznej <\/li>\n<li>mierzy zu\u017cycie chwilowe i ca\u0142kowite <\/li>\n<li>4-cyfrowy wy\u015bwietlacz LCD <\/li>\n<li>parametry: <\/li>\n<li>zakres pomiaru pr\u0105du: od 0 do 9999 kWh <\/li>\n<li>dok\u0142adno\u015b\u0107 pomiaru +\/- 2% temperatura pracy: od -10 do +50\u00b0C <\/li>\n<li>z przes\u0142onami tor\u00f3w pr\u0105dowych <\/li>\n<li>230 V, 16 A, 50 &#8211; 60 Hz, maks. 3500 W <\/li>\n<li>IP20: do u\u017cytku wewn\u0105trz pomieszcze\u0144<\/li>\n<\/ul>","protected":false},"featured_media":26873,"template":"","meta":{"inline_featured_image":false},"genre":[509],"product_cat":[525,541],"product_tag":[],"class_list":{"0":"post-15213","1":"product","2":"type-product","3":"status-publish","4":"has-post-thumbnail","6":"product_brand-as-schwabe-pl","7":"product_cat-dom-i-ogrod-2-pl","8":"product_cat-gniazda-sterowane-radiowo-pl","10":"first","11":"instock","12":"shipping-taxable","13":"product-type-simple"},"aioseo_notices":[],"_links":{"self":[{"href":"https:\/\/as-schwabe.de\/pl\/wp-json\/wp\/v2\/product\/15213","targetHints":{"allow":["GET"]}}],"collection":[{"href":"https:\/\/as-schwabe.de\/pl\/wp-json\/wp\/v2\/product"}],"about":[{"href":"https:\/\/as-schwabe.de\/pl\/wp-json\/wp\/v2\/types\/product"}],"version-history":[{"count":0,"href":"https:\/\/as-schwabe.de\/pl\/wp-json\/wp\/v2\/product\/15213\/revisions"}],"wp:featuredmedia":[{"embeddable":true,"href":"https:\/\/as-schwabe.de\/pl\/wp-json\/wp\/v2\/media\/26873"}],"wp:attachment":[{"href":"https:\/\/as-schwabe.de\/pl\/wp-json\/wp\/v2\/media?parent=15213"}],"wp:term":[{"taxonomy":"product_brand","embeddable":true,"href":"https:\/\/as-schwabe.de\/pl\/wp-json\/wp\/v2\/genre?post=15213"},{"taxonomy":"product_cat","embeddable":true,"href":"https:\/\/as-schwabe.de\/pl\/wp-json\/wp\/v2\/product_cat?post=15213"},{"taxonomy":"product_tag","embeddable":true,"href":"https:\/\/as-schwabe.de\/pl\/wp-json\/wp\/v2\/product_tag?post=15213"}],"curies":[{"name":"wp","href":"https:\/\/api.w.org\/{rel}","templated":true}]}}