{"id":15187,"date":"2025-09-25T17:48:20","date_gmt":"2025-09-25T17:48:20","guid":{"rendered":"https:\/\/as-schwabe.de\/produkt\/przedluzacz-bebnowy-ironcoat-xperts-cee-h07bq-f-5g25-25-m-23998\/"},"modified":"2025-10-23T00:14:02","modified_gmt":"2025-10-23T00:14:02","slug":"przedluzacz-bebnowy-ironcoat-xperts-cee-h07bq-f-5g25-25-m-23998","status":"publish","type":"product","link":"https:\/\/as-schwabe.de\/pl\/produkt\/przedluzacz-bebnowy-ironcoat-xperts-cee-h07bq-f-5g25-25-m-23998\/","title":{"rendered":"Przed\u0142u\u017cacz b\u0119bnowy wzmacniany &#8222;IronCoat&#8220; Xperts CEE 25 m H07BQ-F 5G2,5 IP44 | 23998"},"content":{"rendered":"<p>Przed\u0142u\u017cacz b\u0119bnowy wzmacniany &#8222;IronCoat&#8220; Xperts to niezawodne narz\u0119dzie, zaprojektowane z my\u015bl\u0105 o zastosowaniach w wymagaj\u0105cych warunkach, takich jak budowy oraz prace na zewn\u0105trz. Charakteryzuje si\u0119 wej\u015bciem H07BQ-F 5G2,5 o d\u0142ugo\u015bci 25 m, zako\u0144czonym wtyczk\u0105 CEE 400 V, 16 A, 5P, co zapewnia stabilne zasilanie urz\u0105dze\u0144 o mocy do 11 kW. Wzmocniony metalowy stela\u017c oraz plastikowa szpula z dodatkowymi elementami metalowymi gwarantuj\u0105 trwa\u0142o\u015b\u0107 i odporno\u015b\u0107 na uszkodzenia mechaniczne. Urz\u0105dzenie wyposa\u017cono w ergonomiczny uchwyt oraz hamulec, co u\u0142atwia jego transport i u\u017cytkowanie. Dodatkowo, przed\u0142u\u017cacz posiada jedno gniazdo CEE 400 V oraz dwa gniazda IP44 z klapk\u0105, co zapewnia wszechstronno\u015b\u0107 zastosowa\u0144 oraz bezpiecze\u0144stwo pracy na zewn\u0105trz, spe\u0142niaj\u0105c normy IP44.<\/p>\n<h3>Wzmacniane b\u0119bny kablowe <span style=\"color: #0000ff;\">Xperts<\/span><\/h3>\n<h4>Co czyni je tak wyj\u0105tkowymi?<\/h4>\n<p>Metalowe b\u0119bny kablowe IronCoat \u0142\u0105cz\u0105 w sobie zalety klasycznego b\u0119bna kablowego z blachy stalowej z ulepszon\u0105 ochron\u0105 przed niebezpiecznymi napi\u0119ciami kontaktowymi. Specjalna, opatentowana izolacja ochronna cz\u0119\u015bci bocznych szpuli chroni przed pora\u017ceniem pr\u0105dem spowodowanym uszkodzonymi \u017cy\u0142ami kabla podczas jego zwijania. Oznacza to, \u017ce pr\u0105d nie mo\u017ce zosta\u0107 dostarczony od wewn\u0119trznych do zewn\u0119trznych cz\u0119\u015bci b\u0119bna kablowego, kt\u00f3re mo\u017cna dotkn\u0105\u0107 na du\u017cej powierzchni, co zapewnia ochron\u0119 przed powa\u017cnym uszczerbkiem na zdrowiu.<\/p>\n<p class=\"highlight\">Metalowe b\u0119bny kablowe IronCoat zosta\u0142y przetestowane przez DGUV (ubezpieczenie wypadkowe) i spe\u0142niaj\u0105 wymagania GS-ET 35 \/ BGI 608. To oznacza, \u017ce idealnie nadaj\u0105 si\u0119 do u\u017cytku profesjonalnego na budowach i monta\u017cach.<\/p>\n<div class=\"diagram\"><img fetchpriority=\"high\" decoding=\"async\" class=\"alignnone wp-image-35121 size-thumbnail\" src=\"https:\/\/as-schwabe.de\/wp-content\/uploads\/2025\/09\/ironcoat_schemat-1003x1024.webp\" alt=\"\" width=\"1000\" height=\"1000\" \/><\/div>","protected":false},"excerpt":{"rendered":"<div class=\"icons\" style=\"display: flex; flex-wrap: wrap; gap: 5px; align-items: center; margin-top: 10px;\"><img decoding=\"async\" src=\"https:\/\/as-schwabe.de\/wp-content\/uploads\/ikony\/znak_SCH.png\" alt=\"\" width=\"45\" height=\"50\" \/><img decoding=\"async\" src=\"https:\/\/as-schwabe.de\/wp-content\/uploads\/ikony\/znak_CE.png\" alt=\"\" width=\"50\" height=\"50\" \/><img loading=\"lazy\" decoding=\"async\" src=\"https:\/\/as-schwabe.de\/wp-content\/uploads\/ikony\/znak_IP44.png\" alt=\"\" width=\"50\" height=\"50\" \/><img loading=\"lazy\" decoding=\"async\" src=\"https:\/\/as-schwabe.de\/wp-content\/uploads\/ikony\/znak_PB.png\" alt=\"\" width=\"50\" height=\"50\" \/><img loading=\"lazy\" decoding=\"async\" src=\"https:\/\/as-schwabe.de\/wp-content\/uploads\/ikony\/znak_Z.png\" alt=\"\" width=\"50\" height=\"50\" \/><img loading=\"lazy\" decoding=\"async\" src=\"https:\/\/as-schwabe.de\/wp-content\/uploads\/ikony\/znak_D.png\" alt=\"\" width=\"50\" height=\"50\" \/><img loading=\"lazy\" decoding=\"async\" src=\"https:\/\/as-schwabe.de\/wp-content\/uploads\/ikony\/znak_K2.png\" alt=\"\" width=\"50\" height=\"50\" \/><img loading=\"lazy\" decoding=\"async\" src=\"https:\/\/as-schwabe.de\/wp-content\/uploads\/ikony\/znak_DG.png\" alt=\"\" width=\"50\" height=\"50\" \/><img loading=\"lazy\" decoding=\"async\" src=\"https:\/\/as-schwabe.de\/wp-content\/uploads\/ikony\/znak_DE.png\" alt=\"\" width=\"50\" height=\"40\" \/><img loading=\"lazy\" decoding=\"async\" src=\"https:\/\/as-schwabe.de\/wp-content\/uploads\/ikony\/znak_IC.png\" alt=\"\" width=\"40\" height=\"50\" \/><\/div>\n<ul>\n<li>korpus b\u0119bna wykonany z blachy stalowej ocynkowanej, ogniowo z opatentowan\u0105 izolacj\u0105 ochronn\u0105 <\/li>\n<li>rama z ergonomicznym, antypo\u015blizgowym 2-komponentowym uchwytem i prowadzeniem kabli<\/li>\n<li> z wbudowanym wy\u0142\u0105cznikiem termicznym <\/li>\n<li>IP44: chroniony przed cia\u0142ami obcymi i bryzgami wody <\/li>\n<li>ze stabiln\u0105, amortyzuj\u0105c\u0105 ram\u0105 w kszta\u0142cie litery X z podw\u00f3jn\u0105 ram\u0105 rurow\u0105 z hamulcem gwiazdowym<\/li>\n<li> z wtyczk\u0105 CEE 400 V, 16 A, 5P <\/li>\n<li>1x gniazdo CEE 400 V, 16 A, 5P, maks. 10 000 W<\/li>\n<\/ul>","protected":false},"featured_media":29833,"template":"","meta":{"inline_featured_image":false},"genre":[509],"product_cat":[510,517],"product_tag":[],"class_list":{"0":"post-15187","1":"product","2":"type-product","3":"status-publish","4":"has-post-thumbnail","6":"product_brand-as-schwabe-pl","7":"product_cat-przedluzacze-bebnowe-pl","8":"product_cat-metalowe-budowlane-przedluzacze-bebnowe-pl","10":"first","11":"instock","12":"shipping-taxable","13":"product-type-simple"},"aioseo_notices":[],"_links":{"self":[{"href":"https:\/\/as-schwabe.de\/pl\/wp-json\/wp\/v2\/product\/15187","targetHints":{"allow":["GET"]}}],"collection":[{"href":"https:\/\/as-schwabe.de\/pl\/wp-json\/wp\/v2\/product"}],"about":[{"href":"https:\/\/as-schwabe.de\/pl\/wp-json\/wp\/v2\/types\/product"}],"version-history":[{"count":0,"href":"https:\/\/as-schwabe.de\/pl\/wp-json\/wp\/v2\/product\/15187\/revisions"}],"wp:featuredmedia":[{"embeddable":true,"href":"https:\/\/as-schwabe.de\/pl\/wp-json\/wp\/v2\/media\/29833"}],"wp:attachment":[{"href":"https:\/\/as-schwabe.de\/pl\/wp-json\/wp\/v2\/media?parent=15187"}],"wp:term":[{"taxonomy":"product_brand","embeddable":true,"href":"https:\/\/as-schwabe.de\/pl\/wp-json\/wp\/v2\/genre?post=15187"},{"taxonomy":"product_cat","embeddable":true,"href":"https:\/\/as-schwabe.de\/pl\/wp-json\/wp\/v2\/product_cat?post=15187"},{"taxonomy":"product_tag","embeddable":true,"href":"https:\/\/as-schwabe.de\/pl\/wp-json\/wp\/v2\/product_tag?post=15187"}],"curies":[{"name":"wp","href":"https:\/\/api.w.org\/{rel}","templated":true}]}}