{"id":15162,"date":"2025-09-25T17:47:40","date_gmt":"2025-09-25T17:47:40","guid":{"rendered":"https:\/\/as-schwabe.de\/produkt\/przedluzacz-bebnowy-xperts-prcd-s-h07bq-f-3g25-40-m-23829\/"},"modified":"2025-10-23T00:13:59","modified_gmt":"2025-10-23T00:13:59","slug":"przedluzacz-bebnowy-xperts-prcd-s-h07bq-f-3g25-40-m-23829","status":"publish","type":"product","link":"https:\/\/as-schwabe.de\/pl\/produkt\/przedluzacz-bebnowy-xperts-prcd-s-h07bq-f-3g25-40-m-23829\/","title":{"rendered":"Przed\u0142u\u017cacz b\u0119bnowy plastikowy Xperts PRCD-S 40 m H07BQ-F 3G2,5 IP44 | 23829"},"content":{"rendered":"<p>Przed\u0142u\u017cacz b\u0119bnowy plastikowy Xperts PRCD-S o \u015brednicy 320 mm to niezawodne rozwi\u0105zanie do u\u017cytku na zewn\u0105trz oraz na budowie, zapewniaj\u0105ce maksymalne parametry bezpiecze\u0144stwa dzi\u0119ki zabezpieczeniu PRCD-S 30 mA. Wyposa\u017cony w 40 metrowy przew\u00f3d H07BQ-F 3G2,5 oraz wtyczk\u0119 IP44 o napi\u0119ciu 230 V i pr\u0105dzie 16 A, oferuje trzy gniazda IP44 z klapk\u0105, co umo\u017cliwia jednoczesne zasilanie kilku urz\u0105dze\u0144 elektrycznych. Dodatkowo, wbudowane gniazdo USB 5 V, 1 A oraz sygnalizacja napi\u0119cia zwi\u0119kszaj\u0105 funkcjonalno\u015b\u0107 produktu. Solidny stela\u017c metalowy, wzmacniany z podw\u00f3jnych rur, gwarantuje stabilno\u015b\u0107, a ergonomiczny uchwyt u\u0142atwia transport. Zastosowana termika oraz hamulec zapewniaj\u0105 dodatkowe bezpiecze\u0144stwo u\u017cytkowania, czyni\u0105c ten przed\u0142u\u017cacz idealnym do profesjonalnych zastosowa\u0144.<\/p>","protected":false},"excerpt":{"rendered":"<div class=\"icons\" style=\"display: flex; flex-wrap: wrap; gap: 5px; align-items: center; margin-top: 10px;\"><img decoding=\"async\" src=\"https:\/\/as-schwabe.de\/wp-content\/uploads\/ikony\/znak_SCH.png\" alt=\"\" width=\"45\" height=\"50\" \/><img decoding=\"async\" src=\"https:\/\/as-schwabe.de\/wp-content\/uploads\/ikony\/znak_CE.png\" alt=\"\" width=\"50\" height=\"50\" \/><img decoding=\"async\" src=\"https:\/\/as-schwabe.de\/wp-content\/uploads\/ikony\/znak_IP44.png\" alt=\"\" width=\"50\" height=\"50\" \/><img loading=\"lazy\" decoding=\"async\" src=\"https:\/\/as-schwabe.de\/wp-content\/uploads\/ikony\/znak_PB.png\" alt=\"\" width=\"50\" height=\"50\" \/><img loading=\"lazy\" decoding=\"async\" src=\"https:\/\/as-schwabe.de\/wp-content\/uploads\/ikony\/znak_Z.png\" alt=\"\" width=\"50\" height=\"50\" \/><img loading=\"lazy\" decoding=\"async\" src=\"https:\/\/as-schwabe.de\/wp-content\/uploads\/ikony\/znak_D.png\" alt=\"\" width=\"50\" height=\"50\" \/><img loading=\"lazy\" decoding=\"async\" src=\"https:\/\/as-schwabe.de\/wp-content\/uploads\/ikony\/znak_K2.png\" alt=\"\" width=\"50\" height=\"50\" \/><img loading=\"lazy\" decoding=\"async\" src=\"https:\/\/as-schwabe.de\/wp-content\/uploads\/ikony\/znak_DG.png\" alt=\"\" width=\"50\" height=\"50\" \/><img loading=\"lazy\" decoding=\"async\" src=\"https:\/\/as-schwabe.de\/wp-content\/uploads\/ikony\/znak_DE.png\" alt=\"\" width=\"50\" height=\"40\" \/><\/div>\n<ul>\n<li>korpus b\u0119bna wykonany z wytrzyma\u0142ego, bardzo odpornego na uszkodzenia specjalnego tworzywa sztucznego <\/li>\n<li>ze stabilnym, amortyzuj\u0105cym wstrz\u0105sy stela\u017cem Xperts z podw\u00f3jn\u0105 ram\u0105 rurow\u0105 i hamulcem typu Star Grip <\/li>\n<li>rama z ergonomicznym, antypo\u015blizgowym 2-komponentowym uchwytem i prowadzeniem kabli <\/li>\n<li>z wbudowanym wy\u0142\u0105cznikiem termicznym <\/li>\n<li>z prze\u0142\u0105cznikiem po\u015brednim ochrony osobistej PRCD-S (nr art. 45305)<\/li>\n<li> 230 V, 16 A, maks. 3500 W<\/li>\n<\/ul>","protected":false},"featured_media":29817,"template":"","meta":{"inline_featured_image":false},"genre":[509],"product_cat":[521,539],"product_tag":[],"class_list":{"0":"post-15162","1":"product","2":"type-product","3":"status-publish","4":"has-post-thumbnail","6":"product_brand-as-schwabe-pl","7":"product_cat-produkty-z-zakresu-elektrycznej-ochrony-indywidualnej-pl","8":"product_cat-p-seria-prcd-s-pl","10":"first","11":"instock","12":"shipping-taxable","13":"product-type-simple"},"aioseo_notices":[],"_links":{"self":[{"href":"https:\/\/as-schwabe.de\/pl\/wp-json\/wp\/v2\/product\/15162","targetHints":{"allow":["GET"]}}],"collection":[{"href":"https:\/\/as-schwabe.de\/pl\/wp-json\/wp\/v2\/product"}],"about":[{"href":"https:\/\/as-schwabe.de\/pl\/wp-json\/wp\/v2\/types\/product"}],"version-history":[{"count":0,"href":"https:\/\/as-schwabe.de\/pl\/wp-json\/wp\/v2\/product\/15162\/revisions"}],"wp:featuredmedia":[{"embeddable":true,"href":"https:\/\/as-schwabe.de\/pl\/wp-json\/wp\/v2\/media\/29817"}],"wp:attachment":[{"href":"https:\/\/as-schwabe.de\/pl\/wp-json\/wp\/v2\/media?parent=15162"}],"wp:term":[{"taxonomy":"product_brand","embeddable":true,"href":"https:\/\/as-schwabe.de\/pl\/wp-json\/wp\/v2\/genre?post=15162"},{"taxonomy":"product_cat","embeddable":true,"href":"https:\/\/as-schwabe.de\/pl\/wp-json\/wp\/v2\/product_cat?post=15162"},{"taxonomy":"product_tag","embeddable":true,"href":"https:\/\/as-schwabe.de\/pl\/wp-json\/wp\/v2\/product_tag?post=15162"}],"curies":[{"name":"wp","href":"https:\/\/api.w.org\/{rel}","templated":true}]}}