{"id":15033,"date":"2025-09-25T17:44:56","date_gmt":"2025-09-25T17:44:56","guid":{"rendered":"https:\/\/as-schwabe.de\/produkt\/pusty-beben-metalowy-ironcoat-xperts-ip44-z-usb-3xgn-285mm-22728\/"},"modified":"2025-10-23T00:13:50","modified_gmt":"2025-10-23T00:13:50","slug":"pusty-beben-metalowy-ironcoat-xperts-ip44-z-usb-3xgn-285mm-22728","status":"publish","type":"product","link":"https:\/\/as-schwabe.de\/pl\/produkt\/pusty-beben-metalowy-ironcoat-xperts-ip44-z-usb-3xgn-285mm-22728\/","title":{"rendered":"Pusty b\u0119ben metalowy &#8222;IronCoat&#8220; Xperts 285 mm IP44 | 22728"},"content":{"rendered":"<p>Pusty b\u0119ben metalowy &#8222;IronCoat&#8220; Xperts IP44 o \u015brednicy 285 mm to niezawodne rozwi\u0105zanie dla profesjonalist\u00f3w oraz na placach budowy, kt\u00f3re zapewnia wygod\u0119 i bezpiecze\u0144stwo w u\u017cytkowaniu. Wyposa\u017cony w stela\u017c metalowy, wzmacniany podw\u00f3jnymi rurami, gwarantuje du\u017c\u0105 stabilno\u015b\u0107 i wytrzyma\u0142o\u015b\u0107. B\u0119ben oferuje trzy gniazda IP44 z klapk\u0105 na napi\u0119cie 230 V i pr\u0105dzie 16 A, a tak\u017ce dodatkowe wyj\u015bcie USB 5 V, 1 A, co pozwala na jednoczesne zasilanie wielu urz\u0105dze\u0144. Ergonomiczny uchwyt z tworzywa oraz hamulec sprawiaj\u0105, \u017ce obs\u0142uga jest komfortowa i bezpieczna. Dzi\u0119ki klasie szczelno\u015bci IP44, produkt idealnie sprawdzi si\u0119 w trudnych warunkach panuj\u0105cych na zewn\u0105trz oraz w budownictwie.<\/p>\n<h3>Wzmacniane b\u0119bny kablowe <span style=\"color: #0000ff;\">Xperts<\/span><\/h3>\n<h4>Co czyni je tak wyj\u0105tkowymi?<\/h4>\n<p>Metalowe b\u0119bny kablowe IronCoat \u0142\u0105cz\u0105 w sobie zalety klasycznego b\u0119bna kablowego z blachy stalowej z ulepszon\u0105 ochron\u0105 przed niebezpiecznymi napi\u0119ciami kontaktowymi. Specjalna, opatentowana izolacja ochronna cz\u0119\u015bci bocznych szpuli chroni przed pora\u017ceniem pr\u0105dem spowodowanym uszkodzonymi \u017cy\u0142ami kabla podczas jego zwijania. Oznacza to, \u017ce pr\u0105d nie mo\u017ce zosta\u0107 dostarczony od wewn\u0119trznych do zewn\u0119trznych cz\u0119\u015bci b\u0119bna kablowego, kt\u00f3re mo\u017cna dotkn\u0105\u0107 na du\u017cej powierzchni, co zapewnia ochron\u0119 przed powa\u017cnym uszczerbkiem na zdrowiu.<\/p>\n<p class=\"highlight\">Metalowe b\u0119bny kablowe IronCoat zosta\u0142y przetestowane przez DGUV (ubezpieczenie wypadkowe) i spe\u0142niaj\u0105 wymagania GS-ET 35 \/ BGI 608. To oznacza, \u017ce idealnie nadaj\u0105 si\u0119 do u\u017cytku profesjonalnego na budowach i monta\u017cach.<\/p>\n<div class=\"diagram\"><img fetchpriority=\"high\" decoding=\"async\" class=\"alignnone wp-image-35121 size-thumbnail\" src=\"https:\/\/as-schwabe.de\/wp-content\/uploads\/2025\/09\/ironcoat_schemat-1003x1024.webp\" alt=\"\" width=\"1000\" height=\"1000\" \/><\/div>","protected":false},"excerpt":{"rendered":"<div class=\"icons\" style=\"display: flex; flex-wrap: wrap; gap: 5px; align-items: center; margin-top: 10px;\"><img decoding=\"async\" src=\"https:\/\/as-schwabe.de\/wp-content\/uploads\/ikony\/znak_SCH.png\" alt=\"\" width=\"45\" height=\"50\" \/><img decoding=\"async\" src=\"https:\/\/as-schwabe.de\/wp-content\/uploads\/ikony\/znak_CE.png\" alt=\"\" width=\"50\" height=\"50\" \/><img loading=\"lazy\" decoding=\"async\" src=\"https:\/\/as-schwabe.de\/wp-content\/uploads\/ikony\/znak_IP44.png\" alt=\"\" width=\"50\" height=\"50\" \/><img loading=\"lazy\" decoding=\"async\" src=\"https:\/\/as-schwabe.de\/wp-content\/uploads\/ikony\/znak_DE.png\" alt=\"\" width=\"50\" height=\"40\" \/><img loading=\"lazy\" decoding=\"async\" src=\"https:\/\/as-schwabe.de\/wp-content\/uploads\/ikony\/znak_IC.png\" alt=\"\" width=\"40\" height=\"50\" \/><\/div>\n<ul>\n<li>Pusty b\u0119ben metalowy IronCoat Xperts<\/li>\n<li> 3x gniazdo z uziemieniem, z USB, wy\u0142\u0105cznikiem<\/li>\n<li> izolacja IronCoat<\/li>\n<li> wy\u0142\u0105cznik termiczny<\/li>\n<li> szpula 285mm do ok. 50 m kabla<\/li>\n<li> IP44: chroniony przed cia\u0142ami obcymi i bryzgami wody<\/li>\n<\/ul>","protected":false},"featured_media":29689,"template":"","meta":{"inline_featured_image":false},"genre":[509],"product_cat":[510,513],"product_tag":[],"class_list":{"0":"post-15033","1":"product","2":"type-product","3":"status-publish","4":"has-post-thumbnail","6":"product_brand-as-schwabe-pl","7":"product_cat-przedluzacze-bebnowe-pl","8":"product_cat-puste-bebny-2-pl","10":"first","11":"instock","12":"shipping-taxable","13":"product-type-simple"},"aioseo_notices":[],"_links":{"self":[{"href":"https:\/\/as-schwabe.de\/pl\/wp-json\/wp\/v2\/product\/15033","targetHints":{"allow":["GET"]}}],"collection":[{"href":"https:\/\/as-schwabe.de\/pl\/wp-json\/wp\/v2\/product"}],"about":[{"href":"https:\/\/as-schwabe.de\/pl\/wp-json\/wp\/v2\/types\/product"}],"version-history":[{"count":0,"href":"https:\/\/as-schwabe.de\/pl\/wp-json\/wp\/v2\/product\/15033\/revisions"}],"wp:featuredmedia":[{"embeddable":true,"href":"https:\/\/as-schwabe.de\/pl\/wp-json\/wp\/v2\/media\/29689"}],"wp:attachment":[{"href":"https:\/\/as-schwabe.de\/pl\/wp-json\/wp\/v2\/media?parent=15033"}],"wp:term":[{"taxonomy":"product_brand","embeddable":true,"href":"https:\/\/as-schwabe.de\/pl\/wp-json\/wp\/v2\/genre?post=15033"},{"taxonomy":"product_cat","embeddable":true,"href":"https:\/\/as-schwabe.de\/pl\/wp-json\/wp\/v2\/product_cat?post=15033"},{"taxonomy":"product_tag","embeddable":true,"href":"https:\/\/as-schwabe.de\/pl\/wp-json\/wp\/v2\/product_tag?post=15033"}],"curies":[{"name":"wp","href":"https:\/\/api.w.org\/{rel}","templated":true}]}}