{"id":15003,"date":"2025-09-25T17:44:17","date_gmt":"2025-09-25T17:44:17","guid":{"rendered":"https:\/\/as-schwabe.de\/produkt\/przedluzacz-bebnowy-xperts-n07v3v3-f-3g15-40-m-22631\/"},"modified":"2025-10-23T00:13:46","modified_gmt":"2025-10-23T00:13:46","slug":"przedluzacz-bebnowy-xperts-n07v3v3-f-3g15-40-m-22631","status":"publish","type":"product","link":"https:\/\/as-schwabe.de\/pl\/produkt\/przedluzacz-bebnowy-xperts-n07v3v3-f-3g15-40-m-22631\/","title":{"rendered":"Przed\u0142u\u017cacz b\u0119bnowy plastikowy Xperts 40 m AT-N07V3V3-F 3G1,5 IP44 | 22631"},"content":{"rendered":"<p>Przed\u0142u\u017cacz b\u0119bnowy plastikowy Xperts o \u015brednicy 285 mm to wyj\u0105tkowe rozwi\u0105zanie z przeznaczeniem do u\u017cytku na zewn\u0105trz oraz na budowach. Wyposa\u017cony w metalowy, wzmacniany stela\u017c z podw\u00f3jnych rur, gwarantuje wysok\u0105 stabilno\u015b\u0107 i trwa\u0142o\u015b\u0107. Posiada 40-metrowy przew\u00f3d z wtyczk\u0105 IP44, z maksymalnym obci\u0105\u017ceniem 230 V, 16 A oraz 3500 W, co zapewnia du\u017c\u0105 elastyczno\u015b\u0107 w pod\u0142\u0105czaniu urz\u0105dze\u0144. Produkt oferuje trzy gniazda IP44 z klapk\u0105 oraz dodatkowe wyj\u015bcie USB 5 V, 1 A, co pozwala na \u0142adowanie urz\u0105dze\u0144 mobilnych. Dodatkowe funkcje, takie jak sygnalizacja napi\u0119cia, hamulec oraz ergonomiczny uchwyt, zwi\u0119kszaj\u0105 komfort i bezpiecze\u0144stwo u\u017cytkowania. Termik chroni przed przeci\u0105\u017ceniem, co czyni ten przed\u0142u\u017cacz idealnym rozwi\u0105zaniem dla profesjonalist\u00f3w w r\u00f3\u017cnych bran\u017cach.<\/p>","protected":false},"excerpt":{"rendered":"<div class=\"icons\" style=\"display: flex; flex-wrap: wrap; gap: 5px; align-items: center; margin-top: 10px;\"><img decoding=\"async\" src=\"https:\/\/as-schwabe.de\/wp-content\/uploads\/ikony\/znak_SCH.png\" alt=\"\" width=\"45\" height=\"50\" \/><img decoding=\"async\" src=\"https:\/\/as-schwabe.de\/wp-content\/uploads\/ikony\/znak_CE.png\" alt=\"\" width=\"50\" height=\"50\" \/><img decoding=\"async\" src=\"https:\/\/as-schwabe.de\/wp-content\/uploads\/ikony\/znak_IP44.png\" alt=\"\" width=\"50\" height=\"50\" \/><img loading=\"lazy\" decoding=\"async\" src=\"https:\/\/as-schwabe.de\/wp-content\/uploads\/ikony\/znak_PB.png\" alt=\"\" width=\"50\" height=\"50\" \/><img loading=\"lazy\" decoding=\"async\" src=\"https:\/\/as-schwabe.de\/wp-content\/uploads\/ikony\/znak_Z.png\" alt=\"\" width=\"50\" height=\"50\" \/><img loading=\"lazy\" decoding=\"async\" src=\"https:\/\/as-schwabe.de\/wp-content\/uploads\/ikony\/znak_D.png\" alt=\"\" width=\"50\" height=\"50\" \/><img loading=\"lazy\" decoding=\"async\" src=\"https:\/\/as-schwabe.de\/wp-content\/uploads\/ikony\/znak_K2.png\" alt=\"\" width=\"50\" height=\"50\" \/><img loading=\"lazy\" decoding=\"async\" src=\"https:\/\/as-schwabe.de\/wp-content\/uploads\/ikony\/znak_DG.png\" alt=\"\" width=\"50\" height=\"50\" \/><img loading=\"lazy\" decoding=\"async\" src=\"https:\/\/as-schwabe.de\/wp-content\/uploads\/ikony\/znak_DE.png\" alt=\"\" width=\"50\" height=\"40\" \/><\/div>\n<ul>\n<li>korpus b\u0119bna wykonany z wytrzyma\u0142ego, bardzo odpornego na uszkodzenia, specjalnego tworzywa sztucznego<\/li>\n<li> ze stabiln\u0105, amortyzuj\u0105c\u0105 ram\u0105 w kszta\u0142cie litery X z podw\u00f3jn\u0105 ram\u0105 rurow\u0105 z hamulcem gwiazdowym<\/li>\n<li> rama z ergonomicznym, antypo\u015blizgowym 2-komponentowym uchwytem i prowadzeniem kabli<\/li>\n<li> z wbudowanym wy\u0142\u0105cznikiem termicznym<\/li>\n<li> ze stabiln\u0105, amortyzuj\u0105c\u0105 ram\u0105 w kszta\u0142cie litery X z podw\u00f3jn\u0105 ram\u0105 rurow\u0105 z hamulcem gwiazdowym <\/li>\n<li> z wtyczk\u0105 z uziemieniem<\/li>\n<li> port USB 5 V \/ 1 A<\/li>\n<li> zintegrowana sygnalizacja napi\u0119cia<\/li>\n<li> 230 V, 16 A, maks. 3500 W<\/li>\n<\/ul>","protected":false},"featured_media":29660,"template":"","meta":{"inline_featured_image":false},"genre":[509],"product_cat":[510,514],"product_tag":[],"class_list":{"0":"post-15003","1":"product","2":"type-product","3":"status-publish","4":"has-post-thumbnail","6":"product_brand-as-schwabe-pl","7":"product_cat-przedluzacze-bebnowe-pl","8":"product_cat-plastikowe-budowlane-przedluzacze-bebnowe-pl","10":"first","11":"instock","12":"shipping-taxable","13":"product-type-simple"},"aioseo_notices":[],"_links":{"self":[{"href":"https:\/\/as-schwabe.de\/pl\/wp-json\/wp\/v2\/product\/15003","targetHints":{"allow":["GET"]}}],"collection":[{"href":"https:\/\/as-schwabe.de\/pl\/wp-json\/wp\/v2\/product"}],"about":[{"href":"https:\/\/as-schwabe.de\/pl\/wp-json\/wp\/v2\/types\/product"}],"version-history":[{"count":0,"href":"https:\/\/as-schwabe.de\/pl\/wp-json\/wp\/v2\/product\/15003\/revisions"}],"wp:featuredmedia":[{"embeddable":true,"href":"https:\/\/as-schwabe.de\/pl\/wp-json\/wp\/v2\/media\/29660"}],"wp:attachment":[{"href":"https:\/\/as-schwabe.de\/pl\/wp-json\/wp\/v2\/media?parent=15003"}],"wp:term":[{"taxonomy":"product_brand","embeddable":true,"href":"https:\/\/as-schwabe.de\/pl\/wp-json\/wp\/v2\/genre?post=15003"},{"taxonomy":"product_cat","embeddable":true,"href":"https:\/\/as-schwabe.de\/pl\/wp-json\/wp\/v2\/product_cat?post=15003"},{"taxonomy":"product_tag","embeddable":true,"href":"https:\/\/as-schwabe.de\/pl\/wp-json\/wp\/v2\/product_tag?post=15003"}],"curies":[{"name":"wp","href":"https:\/\/api.w.org\/{rel}","templated":true}]}}