{"id":14981,"date":"2025-09-25T17:43:49","date_gmt":"2025-09-25T17:43:49","guid":{"rendered":"https:\/\/as-schwabe.de\/produkt\/przedluzacz-bebnowy-plastikowy-xperts-cee-powerlight-h07rn-f-3g25-25-m-22176\/"},"modified":"2025-10-23T00:13:45","modified_gmt":"2025-10-23T00:13:45","slug":"przedluzacz-bebnowy-plastikowy-xperts-cee-powerlight-h07rn-f-3g25-25-m-22176","status":"publish","type":"product","link":"https:\/\/as-schwabe.de\/pl\/produkt\/przedluzacz-bebnowy-plastikowy-xperts-cee-powerlight-h07rn-f-3g25-25-m-22176\/","title":{"rendered":"Przed\u0142u\u017cacz b\u0119bnowy plastikowy Xperts CEE kempingowy 25 m H07RN-F 3G2,5 IP44 | 22176"},"content":{"rendered":"<p>Przed\u0142u\u017cacz b\u0119bnowy plastikowy Xperts CEE to niezawodne rozwi\u0105zanie dla kempingowc\u00f3w i mi\u0142o\u015bnik\u00f3w aktywno\u015bci na \u015bwie\u017cym powietrzu. Posiada d\u0142ugo\u015b\u0107 25 m i jest wyposa\u017cony w wtyczk\u0119 CEE 230 V, 16 A z sygnalizacj\u0105 napi\u0119cia Powerlight, co zapewnia wysoki poziom bezpiecze\u0144stwa u\u017cytkowania. Szpula w kolorze niebieskim i amortyzuj\u0105ca rama w kszta\u0142cie litery X gwarantuj\u0105 \u0142atwo\u015b\u0107 transportu oraz stabilno\u015b\u0107, a ergonomicznym uchwyt u\u0142atwia manewrowanie. Dzi\u0119ki metalowej prowadnicy do kabli oraz hamulcowi gwiazdowemu, u\u017cytkownik zyskuje pe\u0142n\u0105 kontrol\u0119 nad d\u0142ugo\u015bci\u0105 rozwini\u0119tego przewodu. Produkt posiada dwa gniazda z klapk\u0105 i uziemieniem, a tak\u017ce jedno gniazdo CEE, co czyni go wszechstronnym narz\u0119dziem w ka\u017cdych warunkach, spe\u0142niaj\u0105cym normy IP44 do u\u017cytku na zewn\u0105trz. Dzi\u0119ki maksymalnej mocy wynosz\u0105cej 3500 W, przed\u0142u\u017cacz doskonale sprawdzi si\u0119 w wymagaj\u0105cych zastosowaniach.<\/p>","protected":false},"excerpt":{"rendered":"<div class=\"icons\" style=\"display: flex; flex-wrap: wrap; gap: 5px; align-items: center; margin-top: 10px;\"><img decoding=\"async\" src=\"https:\/\/as-schwabe.de\/wp-content\/uploads\/ikony\/znak_SCH.png\" alt=\"\" width=\"45\" height=\"50\" \/><img decoding=\"async\" src=\"https:\/\/as-schwabe.de\/wp-content\/uploads\/ikony\/znak_CE.png\" alt=\"\" width=\"50\" height=\"50\" \/><img decoding=\"async\" src=\"https:\/\/as-schwabe.de\/wp-content\/uploads\/ikony\/znak_IP44.png\" alt=\"\" width=\"50\" height=\"50\" \/><img loading=\"lazy\" decoding=\"async\" src=\"https:\/\/as-schwabe.de\/wp-content\/uploads\/ikony\/znak_POWERLIGHT.png\" alt=\"\" width=\"90\" height=\"50\" \/><img loading=\"lazy\" decoding=\"async\" src=\"https:\/\/as-schwabe.de\/wp-content\/uploads\/ikony\/znak_Z.png\" alt=\"\" width=\"50\" height=\"50\" \/><img loading=\"lazy\" decoding=\"async\" src=\"https:\/\/as-schwabe.de\/wp-content\/uploads\/ikony\/znak_D.png\" alt=\"\" width=\"50\" height=\"50\" \/><img loading=\"lazy\" decoding=\"async\" src=\"https:\/\/as-schwabe.de\/wp-content\/uploads\/ikony\/znak_DE.png\" alt=\"\" width=\"50\" height=\"40\" \/><\/div>\n<ul>\n<li>ze stabiln\u0105, amortyzuj\u0105c\u0105 ram\u0105 w kszta\u0142cie litery X z podw\u00f3jn\u0105 ram\u0105 rurow\u0105 z hamulcem gwiazdowym, odpowiedni\u0105 do szczeg\u00f3lnie nier\u00f3wnych powierzchni <\/li>\n<li>rama z ergonomicznym, antypo\u015blizgowym 2-komponentowym uchwytem <\/li>\n<li>z wtyczk\u0105 CEE 230 V, 16 A, 3P z sygnalizacj\u0105 napi\u0119cia \u201ePowerlight\u201d <\/li>\n<li>1x gniazdo CEE z uchyln\u0105 klapk\u0105 230 V, 16 A, 3P<\/li>\n<\/ul>","protected":false},"featured_media":29647,"template":"","meta":{"inline_featured_image":false},"genre":[509],"product_cat":[515,516],"product_tag":[],"class_list":{"0":"post-14981","1":"product","2":"type-product","3":"status-publish","4":"has-post-thumbnail","6":"product_brand-as-schwabe-pl","7":"product_cat-kemping-i-caravaning-pl","8":"product_cat-przedluzacze-bebnowe-kemping-i-caravaning-pl","10":"first","11":"instock","12":"shipping-taxable","13":"product-type-simple"},"aioseo_notices":[],"_links":{"self":[{"href":"https:\/\/as-schwabe.de\/pl\/wp-json\/wp\/v2\/product\/14981","targetHints":{"allow":["GET"]}}],"collection":[{"href":"https:\/\/as-schwabe.de\/pl\/wp-json\/wp\/v2\/product"}],"about":[{"href":"https:\/\/as-schwabe.de\/pl\/wp-json\/wp\/v2\/types\/product"}],"version-history":[{"count":0,"href":"https:\/\/as-schwabe.de\/pl\/wp-json\/wp\/v2\/product\/14981\/revisions"}],"wp:featuredmedia":[{"embeddable":true,"href":"https:\/\/as-schwabe.de\/pl\/wp-json\/wp\/v2\/media\/29647"}],"wp:attachment":[{"href":"https:\/\/as-schwabe.de\/pl\/wp-json\/wp\/v2\/media?parent=14981"}],"wp:term":[{"taxonomy":"product_brand","embeddable":true,"href":"https:\/\/as-schwabe.de\/pl\/wp-json\/wp\/v2\/genre?post=14981"},{"taxonomy":"product_cat","embeddable":true,"href":"https:\/\/as-schwabe.de\/pl\/wp-json\/wp\/v2\/product_cat?post=14981"},{"taxonomy":"product_tag","embeddable":true,"href":"https:\/\/as-schwabe.de\/pl\/wp-json\/wp\/v2\/product_tag?post=14981"}],"curies":[{"name":"wp","href":"https:\/\/api.w.org\/{rel}","templated":true}]}}