{"id":14959,"date":"2025-09-25T17:43:20","date_gmt":"2025-09-25T17:43:20","guid":{"rendered":"https:\/\/as-schwabe.de\/produkt\/przedluzacz-bebnowy-pancerny-cee-h07bq-f-5g25-30-m-20753\/"},"modified":"2025-10-23T00:13:43","modified_gmt":"2025-10-23T00:13:43","slug":"przedluzacz-bebnowy-pancerny-cee-h07bq-f-5g25-30-m-20753","status":"publish","type":"product","link":"https:\/\/as-schwabe.de\/pl\/produkt\/przedluzacz-bebnowy-pancerny-cee-h07bq-f-5g25-30-m-20753\/","title":{"rendered":"Przed\u0142u\u017cacz b\u0119bnowy ze szpul\u0105 290 mm\u00d8 z utwardzanej gumy CEE 30 m H07BQ-F 5G2,5 IP54 | 20753"},"content":{"rendered":"<p>Przed\u0142u\u017cacz b\u0119bnowy ze szpul\u0105 z utwardzanej gumy o \u015brednicy 290 mm to idealne rozwi\u0105zanie do profesjonalnych zastosowa\u0144 na budowach i w warunkach zewn\u0119trznych. Wyposa\u017cony w wysokiej jako\u015bci przew\u00f3d H07BQ-F 5G2,5 o d\u0142ugo\u015bci 30 m oraz wtyczk\u0119 CEE 400 V, 16 A, 5P, zapewnia niezawodne zasilanie urz\u0105dze\u0144 o maksymalnej mocy 11 kW. Metalowy stela\u017c wzmacniany z podw\u00f3jnych rur gwarantuje stabilno\u015b\u0107 i trwa\u0142o\u015b\u0107, a ergonomiczny uchwyt u\u0142atwia transport. Dzi\u0119ki r\u00f3\u017cnorodnym gniazdom \u2014 jednemu gniazdu CEE 400V oraz dw\u00f3m gniazdom IP54 z klapk\u0105 \u2014 mo\u017cliwe jest pod\u0142\u0105czenie r\u00f3\u017cnych urz\u0105dze\u0144, co znacz\u0105co zwi\u0119ksza wszechstronno\u015b\u0107 zastosowania. Dodatkowo, wbudowany wska\u017anik fazy oraz zabezpieczenie termiczne podnosz\u0105 poziom bezpiecze\u0144stwa podczas eksploatacji. Klasa ochrony IP54 sprawia, \u017ce produkt jest odporny na dzia\u0142anie wilgoci i cia\u0142 obcych, co czyni go idealnym wyborem do u\u017cytku na zewn\u0105trz.<\/p>","protected":false},"excerpt":{"rendered":"<div class=\"icons\" style=\"display: flex; flex-wrap: wrap; gap: 5px; align-items: center; margin-top: 10px;\"><img decoding=\"async\" src=\"https:\/\/as-schwabe.de\/wp-content\/uploads\/ikony\/znak_SCH.png\" alt=\"\" width=\"45\" height=\"50\" \/><img decoding=\"async\" src=\"https:\/\/as-schwabe.de\/wp-content\/uploads\/ikony\/znak_CE.png\" alt=\"\" width=\"50\" height=\"50\" \/><img decoding=\"async\" src=\"https:\/\/as-schwabe.de\/wp-content\/uploads\/ikony\/znak_IP54.png\" alt=\"\" width=\"50\" height=\"50\" \/><img loading=\"lazy\" decoding=\"async\" src=\"https:\/\/as-schwabe.de\/wp-content\/uploads\/ikony\/znak_PB.png\" alt=\"\" width=\"50\" height=\"50\" \/><img loading=\"lazy\" decoding=\"async\" src=\"https:\/\/as-schwabe.de\/wp-content\/uploads\/ikony\/znak_Z.png\" alt=\"\" width=\"50\" height=\"50\" \/><img loading=\"lazy\" decoding=\"async\" src=\"https:\/\/as-schwabe.de\/wp-content\/uploads\/ikony\/znak_D.png\" alt=\"\" width=\"50\" height=\"50\" \/><img loading=\"lazy\" decoding=\"async\" src=\"https:\/\/as-schwabe.de\/wp-content\/uploads\/ikony\/znak_K2.png\" alt=\"\" width=\"50\" height=\"50\" \/><img loading=\"lazy\" decoding=\"async\" src=\"https:\/\/as-schwabe.de\/wp-content\/uploads\/ikony\/znak_DG.png\" alt=\"\" width=\"50\" height=\"50\" \/><img loading=\"lazy\" decoding=\"async\" src=\"https:\/\/as-schwabe.de\/wp-content\/uploads\/ikony\/znak_DE.png\" alt=\"\" width=\"50\" height=\"40\" \/><\/div>\n<ul>\n<li>szpula przed\u0142u\u017cacza b\u0119bnowego jest wykonana z wyj\u0105tkowo spr\u0119\u017cystego, wulkanizowanego materia\u0142u z twardej gumy <\/li>\n<li>jest odporna na uderzenia, oleje, smary i benzyn\u0119, posiada bardzo dobre w\u0142a\u015bciwo\u015bci izolacyjne i jest nie\u0142amliwa <\/li>\n<li>stela\u017c to wyj\u0105tkowo stabilna podw\u00f3jna rama rurowa, wykonana z rury stalowej o grubo\u015bci 22 mm z hamulcem postojowym <\/li>\n<li>dwie du\u017ce korby, z kt\u00f3rych jedna jest obracana, co u\u0142atwia nawijanie <\/li>\n<li>rama z ergonomicznym, antypo\u015blizgowym uchwytem do przenoszenia, z prowadnic\u0105 do kabli <\/li>\n<li>z wbudowanym wy\u0142\u0105cznikiem termicznym <\/li>\n<li>z wy\u015bwietlaczem monitorowania fazy <\/li>\n<li>IP54: odporny na kurz i bryzgi wody <\/li>\n<li>z wtyczk\u0105 CEE 400 V, 16 A, 5P <\/li>\n<li>z 1 gniazdem CEE 400 V, 16 A, 5P <\/li>\n<li>maks. 10 000 W<\/li>\n<\/ul>","protected":false},"featured_media":29619,"template":"","meta":{"inline_featured_image":false},"genre":[509],"product_cat":[510,537],"product_tag":[],"class_list":{"0":"post-14959","1":"product","2":"type-product","3":"status-publish","4":"has-post-thumbnail","6":"product_brand-as-schwabe-pl","7":"product_cat-przedluzacze-bebnowe-pl","8":"product_cat-super-wytrzymale-przedluzacze-bebnowe-pl","10":"first","11":"instock","12":"shipping-taxable","13":"product-type-simple"},"aioseo_notices":[],"_links":{"self":[{"href":"https:\/\/as-schwabe.de\/pl\/wp-json\/wp\/v2\/product\/14959","targetHints":{"allow":["GET"]}}],"collection":[{"href":"https:\/\/as-schwabe.de\/pl\/wp-json\/wp\/v2\/product"}],"about":[{"href":"https:\/\/as-schwabe.de\/pl\/wp-json\/wp\/v2\/types\/product"}],"version-history":[{"count":0,"href":"https:\/\/as-schwabe.de\/pl\/wp-json\/wp\/v2\/product\/14959\/revisions"}],"wp:featuredmedia":[{"embeddable":true,"href":"https:\/\/as-schwabe.de\/pl\/wp-json\/wp\/v2\/media\/29619"}],"wp:attachment":[{"href":"https:\/\/as-schwabe.de\/pl\/wp-json\/wp\/v2\/media?parent=14959"}],"wp:term":[{"taxonomy":"product_brand","embeddable":true,"href":"https:\/\/as-schwabe.de\/pl\/wp-json\/wp\/v2\/genre?post=14959"},{"taxonomy":"product_cat","embeddable":true,"href":"https:\/\/as-schwabe.de\/pl\/wp-json\/wp\/v2\/product_cat?post=14959"},{"taxonomy":"product_tag","embeddable":true,"href":"https:\/\/as-schwabe.de\/pl\/wp-json\/wp\/v2\/product_tag?post=14959"}],"curies":[{"name":"wp","href":"https:\/\/api.w.org\/{rel}","templated":true}]}}