{"id":14951,"date":"2025-09-25T17:43:04","date_gmt":"2025-09-25T17:43:04","guid":{"rendered":"https:\/\/as-schwabe.de\/produkt\/przedluzacz-bebnowy-pancerny-cee-h07bq-f-5g15-40-m-20752\/"},"modified":"2025-10-23T00:13:43","modified_gmt":"2025-10-23T00:13:43","slug":"przedluzacz-bebnowy-pancerny-cee-h07bq-f-5g15-40-m-20752","status":"publish","type":"product","link":"https:\/\/as-schwabe.de\/pl\/produkt\/przedluzacz-bebnowy-pancerny-cee-h07bq-f-5g15-40-m-20752\/","title":{"rendered":"Przed\u0142u\u017cacz b\u0119bnowy ze szpul\u0105 290 mm\u00d8 z utwardzanej gumy CEE 40 m H07BQ-F 5G1,5 IP54 | 20752"},"content":{"rendered":"<p>Przed\u0142u\u017cacz b\u0119bnowy ze szpul\u0105 z utwardzanej gumy o \u015brednicy 290 mm to niezawodne rozwi\u0105zanie dla profesjonalist\u00f3w oraz do u\u017cytku przemys\u0142owego. Jego ergonomiczny stela\u017c metalowy, wykonany z podw\u00f3jnych rur, zapewnia stabilno\u015b\u0107 i trwa\u0142o\u015b\u0107, a prowadnica do kabla u\u0142atwia przechowywanie i transport. Przed\u0142u\u017cacz posiada wtyczk\u0119 CEE 400 V, 16 A, 5P oraz jedno gniazdo CEE i dwa gniazda IP54 z klapk\u0105, co umo\u017cliwia pod\u0142\u0105czenie r\u00f3\u017cnych urz\u0105dze\u0144 elektrycznych. Dzi\u0119ki klasie ochrony IP54 i zintegrowanemu termikowi, produkt idealnie sprawdza si\u0119 w trudnych warunkach zewn\u0119trznych i budowlanych. Maksymalne obci\u0105\u017cenie do 400 V, 16 A oraz wska\u017anik fazy L1, L2, L3 czyni\u0105 go wszechstronnym narz\u0119dziem w ka\u017cdej sytuacji wymagaj\u0105cej szeregowego zasilania elektrycznego.<\/p>","protected":false},"excerpt":{"rendered":"<div class=\"icons\" style=\"display: flex; flex-wrap: wrap; gap: 5px; align-items: center; margin-top: 10px;\"><img decoding=\"async\" src=\"https:\/\/as-schwabe.de\/wp-content\/uploads\/ikony\/znak_SCH.png\" alt=\"\" width=\"45\" height=\"50\" \/><img decoding=\"async\" src=\"https:\/\/as-schwabe.de\/wp-content\/uploads\/ikony\/znak_CE.png\" alt=\"\" width=\"50\" height=\"50\" \/><img decoding=\"async\" src=\"https:\/\/as-schwabe.de\/wp-content\/uploads\/ikony\/znak_IP54.png\" alt=\"\" width=\"50\" height=\"50\" \/><img loading=\"lazy\" decoding=\"async\" src=\"https:\/\/as-schwabe.de\/wp-content\/uploads\/ikony\/znak_PB.png\" alt=\"\" width=\"50\" height=\"50\" \/><img loading=\"lazy\" decoding=\"async\" src=\"https:\/\/as-schwabe.de\/wp-content\/uploads\/ikony\/znak_Z.png\" alt=\"\" width=\"50\" height=\"50\" \/><img loading=\"lazy\" decoding=\"async\" src=\"https:\/\/as-schwabe.de\/wp-content\/uploads\/ikony\/znak_D.png\" alt=\"\" width=\"50\" height=\"50\" \/><img loading=\"lazy\" decoding=\"async\" src=\"https:\/\/as-schwabe.de\/wp-content\/uploads\/ikony\/znak_K2.png\" alt=\"\" width=\"50\" height=\"50\" \/><img loading=\"lazy\" decoding=\"async\" src=\"https:\/\/as-schwabe.de\/wp-content\/uploads\/ikony\/znak_DG.png\" alt=\"\" width=\"50\" height=\"50\" \/><img loading=\"lazy\" decoding=\"async\" src=\"https:\/\/as-schwabe.de\/wp-content\/uploads\/ikony\/znak_DE.png\" alt=\"\" width=\"50\" height=\"40\" \/><\/div>\n<ul>\n<li>szpula przed\u0142u\u017cacza b\u0119bnowego jest wykonana z wyj\u0105tkowo spr\u0119\u017cystego, wulkanizowanego materia\u0142u z twardej gumy <\/li>\n<li>jest odporna na uderzenia, oleje, smary i benzyn\u0119, posiada bardzo dobre w\u0142a\u015bciwo\u015bci izolacyjne i jest nie\u0142amliwa <\/li>\n<li>stela\u017c to wyj\u0105tkowo stabilna podw\u00f3jna rama rurowa, wykonana z rury stalowej o grubo\u015bci 22 mm z hamulcem postojowym <\/li>\n<li>dwie du\u017ce korby, z kt\u00f3rych jedna jest obracana, co u\u0142atwia nawijanie <\/li>\n<li>rama z ergonomicznym, antypo\u015blizgowym uchwytem do przenoszenia, z prowadnic\u0105 do kabli <\/li>\n<li>z wbudowanym wy\u0142\u0105cznikiem termicznym <\/li>\n<li>z wy\u015bwietlaczem monitorowania fazy <\/li>\n<li>IP54: odporny na kurz i bryzgi wody <\/li>\n<li>z wtyczk\u0105 CEE 400 V, 16 A, 5P <\/li>\n<li>z 1 gniazdem CEE 400 V, 16 A, 5P <\/li>\n<li>maks. 10 000 W<\/li>\n<\/ul>","protected":false},"featured_media":29614,"template":"","meta":{"inline_featured_image":false},"genre":[509],"product_cat":[510,537],"product_tag":[],"class_list":{"0":"post-14951","1":"product","2":"type-product","3":"status-publish","4":"has-post-thumbnail","6":"product_brand-as-schwabe-pl","7":"product_cat-przedluzacze-bebnowe-pl","8":"product_cat-super-wytrzymale-przedluzacze-bebnowe-pl","10":"first","11":"instock","12":"shipping-taxable","13":"product-type-simple"},"aioseo_notices":[],"_links":{"self":[{"href":"https:\/\/as-schwabe.de\/pl\/wp-json\/wp\/v2\/product\/14951","targetHints":{"allow":["GET"]}}],"collection":[{"href":"https:\/\/as-schwabe.de\/pl\/wp-json\/wp\/v2\/product"}],"about":[{"href":"https:\/\/as-schwabe.de\/pl\/wp-json\/wp\/v2\/types\/product"}],"version-history":[{"count":0,"href":"https:\/\/as-schwabe.de\/pl\/wp-json\/wp\/v2\/product\/14951\/revisions"}],"wp:featuredmedia":[{"embeddable":true,"href":"https:\/\/as-schwabe.de\/pl\/wp-json\/wp\/v2\/media\/29614"}],"wp:attachment":[{"href":"https:\/\/as-schwabe.de\/pl\/wp-json\/wp\/v2\/media?parent=14951"}],"wp:term":[{"taxonomy":"product_brand","embeddable":true,"href":"https:\/\/as-schwabe.de\/pl\/wp-json\/wp\/v2\/genre?post=14951"},{"taxonomy":"product_cat","embeddable":true,"href":"https:\/\/as-schwabe.de\/pl\/wp-json\/wp\/v2\/product_cat?post=14951"},{"taxonomy":"product_tag","embeddable":true,"href":"https:\/\/as-schwabe.de\/pl\/wp-json\/wp\/v2\/product_tag?post=14951"}],"curies":[{"name":"wp","href":"https:\/\/api.w.org\/{rel}","templated":true}]}}