{"id":14946,"date":"2025-09-25T17:42:58","date_gmt":"2025-09-25T17:42:58","guid":{"rendered":"https:\/\/as-schwabe.de\/produkt\/przedluzacz-bebnowy-plastikowy-ip44-3xgn-h07rn-f-3g15-50-m-20125\/"},"modified":"2025-10-23T00:13:42","modified_gmt":"2025-10-23T00:13:42","slug":"przedluzacz-bebnowy-plastikowy-ip44-3xgn-h07rn-f-3g15-50-m-20125","status":"publish","type":"product","link":"https:\/\/as-schwabe.de\/pl\/produkt\/przedluzacz-bebnowy-plastikowy-ip44-3xgn-h07rn-f-3g15-50-m-20125\/","title":{"rendered":"Przed\u0142u\u017cacz b\u0119bnowy plastikowy 50 m H07RN-F 3G1,5 IP44 | 20125"},"content":{"rendered":"<p>Przed\u0142u\u017cacz b\u0119bnowy plastikowy o \u015brednicy 320 mm jest idealnym rozwi\u0105zaniem do u\u017cytku zewn\u0119trznego oraz na budowie, oferuj\u0105c komfort i bezpiecze\u0144stwo przy zasilaniu urz\u0105dze\u0144 elektrycznych. Wyposa\u017cony w przew\u00f3d H07RN-F 3G1,5 o d\u0142ugo\u015bci 50 m oraz wtyczk\u0119 IP44, obs\u0142uguje napi\u0119cie 230 V i pr\u0105d do 16 A, co sprawia, \u017ce jest odpowiedni do pracy z moc\u0105 do 3500 W. Stela\u017c metalowy oraz plastikowa szpula w kolorze czarnym zapewniaj\u0105 trwa\u0142o\u015b\u0107 i stabilno\u015b\u0107, a uchwyt z tworzywa i hamulec u\u0142atwiaj\u0105 transport i przechowywanie. Z trzema gniazdami IP44 z klapk\u0105, z uziemieniem, zyskujesz pewno\u015b\u0107 bezpiecznego u\u017cytkowania w trudnych warunkach. Dodatkowo, wbudowany termik chroni przed przeci\u0105\u017ceniem, co podnosi poziom bezpiecze\u0144stwa podczas pracy.<\/p>","protected":false},"excerpt":{"rendered":"<div class=\"icons\" style=\"display: flex; flex-wrap: wrap; gap: 5px; align-items: center; margin-top: 10px;\"><img decoding=\"async\" src=\"https:\/\/as-schwabe.de\/wp-content\/uploads\/ikony\/znak_SCH.png\" alt=\"\" width=\"45\" height=\"50\" \/><img decoding=\"async\" src=\"https:\/\/as-schwabe.de\/wp-content\/uploads\/ikony\/znak_CE.png\" alt=\"\" width=\"50\" height=\"50\" \/><img decoding=\"async\" src=\"https:\/\/as-schwabe.de\/wp-content\/uploads\/ikony\/znak_IP44.png\" alt=\"\" width=\"50\" height=\"50\" \/><img loading=\"lazy\" decoding=\"async\" src=\"https:\/\/as-schwabe.de\/wp-content\/uploads\/ikony\/znak_PB.png\" alt=\"\" width=\"50\" height=\"50\" \/><img loading=\"lazy\" decoding=\"async\" src=\"https:\/\/as-schwabe.de\/wp-content\/uploads\/ikony\/znak_Z.png\" alt=\"\" width=\"50\" height=\"50\" \/><img loading=\"lazy\" decoding=\"async\" src=\"https:\/\/as-schwabe.de\/wp-content\/uploads\/ikony\/znak_D.png\" alt=\"\" width=\"50\" height=\"50\" \/><img loading=\"lazy\" decoding=\"async\" src=\"https:\/\/as-schwabe.de\/wp-content\/uploads\/ikony\/znak_K2.png\" alt=\"\" width=\"50\" height=\"50\" \/><img loading=\"lazy\" decoding=\"async\" src=\"https:\/\/as-schwabe.de\/wp-content\/uploads\/ikony\/znak_DG.png\" alt=\"\" width=\"50\" height=\"50\" \/><img loading=\"lazy\" decoding=\"async\" src=\"https:\/\/as-schwabe.de\/wp-content\/uploads\/ikony\/znak_DE.png\" alt=\"\" width=\"50\" height=\"40\" \/><\/div>\n<ul>\n<li>korpus b\u0119bna wykonany z wytrzyma\u0142ego, bardzo odpornego na uszkodzenia specjalnego tworzywa sztucznego<\/li>\n<li> z wytrzyma\u0142\u0105, poch\u0142aniaj\u0105c\u0105 wstrz\u0105sy i ocynkowan\u0105 pojedyncz\u0105 ram\u0105 podstawy z hamulcem postojowym<\/li>\n<li> rama z ergonomicznie ukszta\u0142towanym uchwytem i prowadnic\u0105 kabla<\/li>\n<li> z wbudowanym wy\u0142\u0105cznikiem termicznym<\/li>\n<li> IP44: chroniony przed cia\u0142ami obcymi i bryzgami wody<\/li>\n<li> z wtyczk\u0105 z uziemieniem<\/li>\n<li> 230 V, 16 A, maks. 3500 W<\/li>\n<\/ul>","protected":false},"featured_media":29600,"template":"","meta":{"inline_featured_image":false},"genre":[509],"product_cat":[510,514],"product_tag":[],"class_list":{"0":"post-14946","1":"product","2":"type-product","3":"status-publish","4":"has-post-thumbnail","6":"product_brand-as-schwabe-pl","7":"product_cat-przedluzacze-bebnowe-pl","8":"product_cat-plastikowe-budowlane-przedluzacze-bebnowe-pl","10":"first","11":"instock","12":"shipping-taxable","13":"product-type-simple"},"aioseo_notices":[],"_links":{"self":[{"href":"https:\/\/as-schwabe.de\/pl\/wp-json\/wp\/v2\/product\/14946","targetHints":{"allow":["GET"]}}],"collection":[{"href":"https:\/\/as-schwabe.de\/pl\/wp-json\/wp\/v2\/product"}],"about":[{"href":"https:\/\/as-schwabe.de\/pl\/wp-json\/wp\/v2\/types\/product"}],"version-history":[{"count":0,"href":"https:\/\/as-schwabe.de\/pl\/wp-json\/wp\/v2\/product\/14946\/revisions"}],"wp:featuredmedia":[{"embeddable":true,"href":"https:\/\/as-schwabe.de\/pl\/wp-json\/wp\/v2\/media\/29600"}],"wp:attachment":[{"href":"https:\/\/as-schwabe.de\/pl\/wp-json\/wp\/v2\/media?parent=14946"}],"wp:term":[{"taxonomy":"product_brand","embeddable":true,"href":"https:\/\/as-schwabe.de\/pl\/wp-json\/wp\/v2\/genre?post=14946"},{"taxonomy":"product_cat","embeddable":true,"href":"https:\/\/as-schwabe.de\/pl\/wp-json\/wp\/v2\/product_cat?post=14946"},{"taxonomy":"product_tag","embeddable":true,"href":"https:\/\/as-schwabe.de\/pl\/wp-json\/wp\/v2\/product_tag?post=14946"}],"curies":[{"name":"wp","href":"https:\/\/api.w.org\/{rel}","templated":true}]}}