{"id":14941,"date":"2025-09-25T17:42:53","date_gmt":"2025-09-25T17:42:53","guid":{"rendered":"https:\/\/as-schwabe.de\/produkt\/przedluzacz-bebnowy-plastikowy-ip44-3xgn-h07rn-f-3g25-40-m-20124\/"},"modified":"2025-10-23T00:13:41","modified_gmt":"2025-10-23T00:13:41","slug":"przedluzacz-bebnowy-plastikowy-ip44-3xgn-h07rn-f-3g25-40-m-20124","status":"publish","type":"product","link":"https:\/\/as-schwabe.de\/pl\/produkt\/przedluzacz-bebnowy-plastikowy-ip44-3xgn-h07rn-f-3g25-40-m-20124\/","title":{"rendered":"Przed\u0142u\u017cacz b\u0119bnowy plastikowy 40 m H07RN-F 3G2,5 IP44 | 20124"},"content":{"rendered":"<p>Przed\u0142u\u017cacz b\u0119bnowy o \u015brednicy 320 mm odznacza si\u0119 wysok\u0105 funkcjonalno\u015bci\u0105 i trwa\u0142o\u015bci\u0105, co czyni go idealnym rozwi\u0105zaniem do u\u017cytku na zewn\u0105trz oraz w warunkach budowlanych. Wykonany z solidnego plastiku, wyposa\u017cony w metalowy stela\u017c oraz hamulec, zapewnia stabilno\u015b\u0107 i bezpiecze\u0144stwo u\u017cytkowania. Posiada 40 m kabla H07RN-F 3G2,5, co gwarantuje wygod\u0119 w r\u00f3\u017cnorodnych zastosowaniach. Dwa gniazda IP44 z zabezpieczeniem przeciwwodnym, jak r\u00f3wnie\u017c termik oraz panel w kolorze czarnym, podnosz\u0105 funkcjonalno\u015b\u0107 produktu, umo\u017cliwiaj\u0105c pod\u0142\u0105czenie sprz\u0119tu elektrycznego o maksymalnej mocy 3500 W przy napi\u0119ciu 230 V. Ergonomiczny uchwyt z tworzywa u\u0142atwia transport, a czerwona klapka na gniazdach zapewnia niezb\u0119dn\u0105 ochron\u0119 przed niekorzystnymi warunkami atmosferycznymi.<\/p>","protected":false},"excerpt":{"rendered":"<div class=\"icons\" style=\"display: flex; flex-wrap: wrap; gap: 5px; align-items: center; margin-top: 10px;\"><img decoding=\"async\" src=\"https:\/\/as-schwabe.de\/wp-content\/uploads\/ikony\/znak_SCH.png\" alt=\"\" width=\"45\" height=\"50\" \/><img decoding=\"async\" src=\"https:\/\/as-schwabe.de\/wp-content\/uploads\/ikony\/znak_CE.png\" alt=\"\" width=\"50\" height=\"50\" \/><img decoding=\"async\" src=\"https:\/\/as-schwabe.de\/wp-content\/uploads\/ikony\/znak_IP44.png\" alt=\"\" width=\"50\" height=\"50\" \/><img loading=\"lazy\" decoding=\"async\" src=\"https:\/\/as-schwabe.de\/wp-content\/uploads\/ikony\/znak_PB.png\" alt=\"\" width=\"50\" height=\"50\" \/><img loading=\"lazy\" decoding=\"async\" src=\"https:\/\/as-schwabe.de\/wp-content\/uploads\/ikony\/znak_Z.png\" alt=\"\" width=\"50\" height=\"50\" \/><img loading=\"lazy\" decoding=\"async\" src=\"https:\/\/as-schwabe.de\/wp-content\/uploads\/ikony\/znak_D.png\" alt=\"\" width=\"50\" height=\"50\" \/><img loading=\"lazy\" decoding=\"async\" src=\"https:\/\/as-schwabe.de\/wp-content\/uploads\/ikony\/znak_K2.png\" alt=\"\" width=\"50\" height=\"50\" \/><img loading=\"lazy\" decoding=\"async\" src=\"https:\/\/as-schwabe.de\/wp-content\/uploads\/ikony\/znak_DG.png\" alt=\"\" width=\"50\" height=\"50\" \/><img loading=\"lazy\" decoding=\"async\" src=\"https:\/\/as-schwabe.de\/wp-content\/uploads\/ikony\/znak_DE.png\" alt=\"\" width=\"50\" height=\"40\" \/><\/div>\n<ul>\n<li>korpus b\u0119bna wykonany z wytrzyma\u0142ego, bardzo odpornego na uszkodzenia specjalnego tworzywa sztucznego<\/li>\n<li> z wytrzyma\u0142\u0105, poch\u0142aniaj\u0105c\u0105 wstrz\u0105sy i ocynkowan\u0105 pojedyncz\u0105 ram\u0105 podstawy z hamulcem postojowym<\/li>\n<li> rama z ergonomicznie ukszta\u0142towanym uchwytem i prowadnic\u0105 kabla<\/li>\n<li> z wbudowanym wy\u0142\u0105cznikiem termicznym<\/li>\n<li> IP44: chroniony przed cia\u0142ami obcymi i bryzgami wody<\/li>\n<li> z wtyczk\u0105 z uziemieniem<\/li>\n<li> 230 V, 16 A, maks. 3500 W<\/li>\n<\/ul>","protected":false},"featured_media":29598,"template":"","meta":{"inline_featured_image":false},"genre":[509],"product_cat":[510,514],"product_tag":[],"class_list":{"0":"post-14941","1":"product","2":"type-product","3":"status-publish","4":"has-post-thumbnail","6":"product_brand-as-schwabe-pl","7":"product_cat-przedluzacze-bebnowe-pl","8":"product_cat-plastikowe-budowlane-przedluzacze-bebnowe-pl","10":"first","11":"instock","12":"shipping-taxable","13":"product-type-simple"},"aioseo_notices":[],"_links":{"self":[{"href":"https:\/\/as-schwabe.de\/pl\/wp-json\/wp\/v2\/product\/14941","targetHints":{"allow":["GET"]}}],"collection":[{"href":"https:\/\/as-schwabe.de\/pl\/wp-json\/wp\/v2\/product"}],"about":[{"href":"https:\/\/as-schwabe.de\/pl\/wp-json\/wp\/v2\/types\/product"}],"version-history":[{"count":0,"href":"https:\/\/as-schwabe.de\/pl\/wp-json\/wp\/v2\/product\/14941\/revisions"}],"wp:featuredmedia":[{"embeddable":true,"href":"https:\/\/as-schwabe.de\/pl\/wp-json\/wp\/v2\/media\/29598"}],"wp:attachment":[{"href":"https:\/\/as-schwabe.de\/pl\/wp-json\/wp\/v2\/media?parent=14941"}],"wp:term":[{"taxonomy":"product_brand","embeddable":true,"href":"https:\/\/as-schwabe.de\/pl\/wp-json\/wp\/v2\/genre?post=14941"},{"taxonomy":"product_cat","embeddable":true,"href":"https:\/\/as-schwabe.de\/pl\/wp-json\/wp\/v2\/product_cat?post=14941"},{"taxonomy":"product_tag","embeddable":true,"href":"https:\/\/as-schwabe.de\/pl\/wp-json\/wp\/v2\/product_tag?post=14941"}],"curies":[{"name":"wp","href":"https:\/\/api.w.org\/{rel}","templated":true}]}}